{"id":840,"date":"2022-09-06T11:38:46","date_gmt":"2022-09-06T14:38:46","guid":{"rendered":"https:\/\/qr8or.work\/?page_id=840"},"modified":"2023-12-21T12:37:53","modified_gmt":"2023-12-21T15:37:53","slug":"grune-tore","status":"publish","type":"page","link":"https:\/\/qr8or.work\/index.php\/grune-tore\/","title":{"rendered":"Gr\u00fcne Tore"},"content":{"rendered":"\t\t<div data-elementor-type=\"wp-page\" data-elementor-id=\"840\" class=\"elementor elementor-840\" data-elementor-post-type=\"page\">\n\t\t\t\t\t\t\t<div class=\"elementor-element elementor-element-4c318e7 e-flex e-con-boxed e-con e-parent\" data-id=\"4c318e7\" data-element_type=\"container\" data-settings=\"{&quot;background_background&quot;:&quot;classic&quot;,&quot;content_width&quot;:&quot;boxed&quot;}\" data-core-v316-plus=\"true\">\n\t\t\t\t\t<div class=\"e-con-inner\">\n\t\t\t\t<div class=\"elementor-element elementor-element-323ff00 elementor-widget elementor-widget-heading\" data-id=\"323ff00\" data-element_type=\"widget\" data-widget_type=\"heading.default\">\n\t\t\t\t<div class=\"elementor-widget-container\">\n\t\t\t<style>\/*! elementor - v3.17.0 - 08-11-2023 *\/\n.elementor-heading-title{padding:0;margin:0;line-height:1}.elementor-widget-heading .elementor-heading-title[class*=elementor-size-]>a{color:inherit;font-size:inherit;line-height:inherit}.elementor-widget-heading .elementor-heading-title.elementor-size-small{font-size:15px}.elementor-widget-heading .elementor-heading-title.elementor-size-medium{font-size:19px}.elementor-widget-heading .elementor-heading-title.elementor-size-large{font-size:29px}.elementor-widget-heading .elementor-heading-title.elementor-size-xl{font-size:39px}.elementor-widget-heading .elementor-heading-title.elementor-size-xxl{font-size:59px}<\/style><h2 class=\"elementor-heading-title elementor-size-default\">Gr\u00fcne Tore<\/h2>\t\t<\/div>\n\t\t\t\t<\/div>\n\t\t<div class=\"elementor-element elementor-element-837fc69 e-flex e-con-boxed e-con e-child\" data-id=\"837fc69\" data-element_type=\"container\" data-settings=\"{&quot;content_width&quot;:&quot;boxed&quot;}\">\n\t\t\t\t\t<div class=\"e-con-inner\">\n\t\t\t\t<div class=\"elementor-element elementor-element-17cc868 elementor-arrows-position-inside elementor-widget elementor-widget-image-carousel\" data-id=\"17cc868\" data-element_type=\"widget\" data-settings=\"{&quot;slides_to_show&quot;:&quot;1&quot;,&quot;navigation&quot;:&quot;arrows&quot;,&quot;autoplay&quot;:&quot;yes&quot;,&quot;pause_on_hover&quot;:&quot;yes&quot;,&quot;pause_on_interaction&quot;:&quot;yes&quot;,&quot;autoplay_speed&quot;:5000,&quot;infinite&quot;:&quot;yes&quot;,&quot;effect&quot;:&quot;slide&quot;,&quot;speed&quot;:500}\" data-widget_type=\"image-carousel.default\">\n\t\t\t\t<div class=\"elementor-widget-container\">\n\t\t\t<style>\/*! elementor - v3.17.0 - 08-11-2023 *\/\n.elementor-widget-image-carousel .swiper,.elementor-widget-image-carousel .swiper-container{position:static}.elementor-widget-image-carousel .swiper-container .swiper-slide figure,.elementor-widget-image-carousel .swiper .swiper-slide figure{line-height:inherit}.elementor-widget-image-carousel .swiper-slide{text-align:center}.elementor-image-carousel-wrapper:not(.swiper-container-initialized):not(.swiper-initialized) .swiper-slide{max-width:calc(100% \/ var(--e-image-carousel-slides-to-show, 3))}<\/style>\t\t<div class=\"elementor-image-carousel-wrapper swiper-container\" dir=\"ltr\">\n\t\t\t<div class=\"elementor-image-carousel swiper-wrapper\" aria-live=\"off\">\n\t\t\t\t\t\t\t\t<div class=\"swiper-slide\" role=\"group\" aria-roledescription=\"slide\" aria-label=\"1 of 7\"><figure class=\"swiper-slide-inner\"><img decoding=\"async\" class=\"swiper-slide-image\" src=\"https:\/\/qr8or.work\/wp-content\/uploads\/elementor\/thumbs\/Grune-Tore-01-qh5788iu9byth2crrxvsuzqly8nxcne2x9umziel1c.jpg\" alt=\"Grune-Tore-01\" \/><\/figure><\/div><div class=\"swiper-slide\" role=\"group\" aria-roledescription=\"slide\" aria-label=\"2 of 7\"><figure class=\"swiper-slide-inner\"><img decoding=\"async\" class=\"swiper-slide-image\" src=\"https:\/\/qr8or.work\/wp-content\/uploads\/elementor\/thumbs\/Grune-Tore-02-qh5787l02hxj5ge4xfh6ahz5cusk4yacl575i8fz7k.jpg\" alt=\"Grune-Tore-02\" \/><\/figure><\/div><div class=\"swiper-slide\" role=\"group\" aria-roledescription=\"slide\" aria-label=\"3 of 7\"><figure class=\"swiper-slide-inner\"><img decoding=\"async\" class=\"swiper-slide-image\" src=\"https:\/\/qr8or.work\/wp-content\/uploads\/elementor\/thumbs\/P7195195.JPG-scaled-qh57802ajtn8kkp25c85qjvglrtmfdghw3z9o0r4lc.jpg\" alt=\"OLYMPUS DIGITAL CAMERA\" \/><\/figure><\/div><div class=\"swiper-slide\" role=\"group\" aria-roledescription=\"slide\" aria-label=\"4 of 7\"><figure class=\"swiper-slide-inner\"><img decoding=\"async\" class=\"swiper-slide-image\" src=\"https:\/\/qr8or.work\/wp-content\/uploads\/elementor\/thumbs\/Grune-Tore_025.JPG-scaled-qh577l0vih2netawl5q4mno33lvr07ssi1jhzldfcw.jpg\" alt=\"Gru\u0308ne Tore_025.JPG\" \/><\/figure><\/div><div class=\"swiper-slide\" role=\"group\" aria-roledescription=\"slide\" aria-label=\"5 of 7\"><figure class=\"swiper-slide-inner\"><img decoding=\"async\" class=\"swiper-slide-image\" src=\"https:\/\/qr8or.work\/wp-content\/uploads\/elementor\/thumbs\/Grune-Tore_008.JPG-scaled-qh577283pscwym27mxll8sev7wgeq9q5rghse25atc.jpg\" alt=\"Gru\u0308ne Tore_008.JPG\" \/><\/figure><\/div><div class=\"swiper-slide\" role=\"group\" aria-roledescription=\"slide\" aria-label=\"6 of 7\"><figure class=\"swiper-slide-inner\"><img decoding=\"async\" class=\"swiper-slide-image\" src=\"https:\/\/qr8or.work\/wp-content\/uploads\/elementor\/thumbs\/PC259304.JPG-scaled-qh576hjnjfklv6w8zonspxmq5fac0xg2cm53tyzym8.jpg\" alt=\"OLYMPUS DIGITAL CAMERA\" \/><\/figure><\/div><div class=\"swiper-slide\" role=\"group\" aria-roledescription=\"slide\" aria-label=\"7 of 7\"><figure class=\"swiper-slide-inner\"><img decoding=\"async\" class=\"swiper-slide-image\" src=\"https:\/\/qr8or.work\/wp-content\/uploads\/elementor\/thumbs\/Grune-Tore_086.JPG-scaled-qh578oi3hikoyfpk6msgjdpg1sh5zi5ingxw57qw3k.jpg\" alt=\"Gru\u0308ne Tore_086.JPG\" \/><\/figure><\/div>\t\t\t<\/div>\n\t\t\t\t\t\t\t\t\t\t\t\t<div class=\"elementor-swiper-button elementor-swiper-button-prev\" role=\"button\" tabindex=\"0\">\n\t\t\t\t\t\t<i aria-hidden=\"true\" class=\"eicon-chevron-left\"><\/i>\t\t\t\t\t<\/div>\n\t\t\t\t\t<div class=\"elementor-swiper-button elementor-swiper-button-next\" role=\"button\" tabindex=\"0\">\n\t\t\t\t\t\t<i aria-hidden=\"true\" class=\"eicon-chevron-right\"><\/i>\t\t\t\t\t<\/div>\n\t\t\t\t\n\t\t\t\t\t\t\t\t\t<\/div>\n\t\t\t\t<\/div>\n\t\t\t\t<\/div>\n\t\t\t\t\t<\/div>\n\t\t\t\t<\/div>\n\t\t\t\t<div class=\"elementor-element elementor-element-ef0dba0 elementor-widget elementor-widget-text-editor\" data-id=\"ef0dba0\" data-element_type=\"widget\" data-widget_type=\"text-editor.default\">\n\t\t\t\t<div class=\"elementor-widget-container\">\n\t\t\t<style>\/*! elementor - v3.17.0 - 08-11-2023 *\/\n.elementor-widget-text-editor.elementor-drop-cap-view-stacked .elementor-drop-cap{background-color:#69727d;color:#fff}.elementor-widget-text-editor.elementor-drop-cap-view-framed .elementor-drop-cap{color:#69727d;border:3px solid;background-color:transparent}.elementor-widget-text-editor:not(.elementor-drop-cap-view-default) .elementor-drop-cap{margin-top:8px}.elementor-widget-text-editor:not(.elementor-drop-cap-view-default) .elementor-drop-cap-letter{width:1em;height:1em}.elementor-widget-text-editor .elementor-drop-cap{float:left;text-align:center;line-height:1;font-size:50px}.elementor-widget-text-editor .elementor-drop-cap-letter{display:inline-block}<\/style>\t\t\t\t<p>Gr\u00fcne Tore f\u00fcr die Nachbarschaft im Kulmer Kiez<\/p><p>Die russischen Forscher entdeckten, dass eine Pflanze, die Wasser erh\u00e4lt, irgendwie imstande ist, dieses mit einer durstigen Nachbarpflanze zu teilen. In einem Forschungsinstitut wurde einem Getreidehalm, der in einen Glasbeh\u00e4lter gepflanzt worden war, mehrere Wochen kein Wasser gegeben. Dennoch ging er nicht ein. Er blieb so frisch wie die anderen Getreidehalme, die unter normalen Bedingungen in seiner N\u00e4he wuchsen. Irgendwie muss Wasser von den gesunden Pflanzen zu dem \u201eGefangenen\u201c im Glasgef\u00e4\u00df \u00fcbertragen worden sein. \u201eWie\u201c das geschehen konnte, davon haben die Wissenschaftler keine Ahnung.<\/p><p>Das geheime Leben der Pflanzen, Peter Tompkins\/Christopher Bird<br \/>2. Einf\u00fchrung in das Gebiet bzw. Ausgangslage<\/p><p>Das Quartier Kulmer Kiez hat sich in den letzten Jahren zu einem sehr lebendigen Viertel entwickelt, das sozialstrukturell wie kulturell eine gro\u00dfe Bandbreite aufweist. Diese Vielfalt stellt einerseits einen hohen Wert dar, andererseits bedarf eine solche Vielfalt eine stetige Auseindersetzung und Kommunikation zwischen den Bewohner\/innen mit ihren verschiedenen Lebenformen. In den letzten Jahren sind Netzwerke aus sehr engagierten Bewohner\/innen entstanden, die herzu einen wesentlichen Beitrag leisten. Exemplarisch genannt werden sollen hier die \u201eAiF Bautzener Stra\u00dfe\u201c und die \u201eAnwohnerinnen und Anwohner rund um den Alten Str. Matth\u00e4us Kirchhof\u201c, die sich beide um eine kiezgerechte Anbindung und Gestaltung des neu entstehenden Gleisdreieckparks und seiner umliegenden Fl\u00e4chen bem\u00fchen. Weiterhin hat sich im Kiez eine Gruppe vom regionalen \u201eRegenbogenschutzkreis gegen Homophobie und Rassismus\u201c gegr\u00fcndet, die diesen beiden Themen durch ganz konkrete Ma\u00dfnahmen begegnen will. Eine solche Ma\u00dfnahme ist der vor zwei Monaten begonnene Dialog der Gruppe mit Mitgliedern der \u201eAnadolu- Moscheegemeinde\u201c.<\/p><p>Als weitere sehr erfolgreiche Mittel, das soziale Miteinander der verschiedenen Kulturen im Kulmer Kiez zu verbessern, haben sich die Bepflanzungsaktion in der Katzlerstra\u00dfe, die unter der Federf\u00fchrung des Jugendprojekts \u201eTreff 62\u201c durchgef\u00fchrt wurde, sowie das mittlerweile regelm\u00e4\u00dfig stattfindende Stra\u00dfenfest auf der Gro\u00dfg\u00f6rschenstra\u00dfe erwiesen. All diese Aktivit\u00e4ten sind wichtige Ankn\u00fcpfungspunkte f\u00fcr das vorliegende Vorhaben, das aus Aspekten der Integrations- und Gemeinwohlsteigerung darauf abzielt, die Bewohner\/innen mit Migrationshintergrund, wie auch insgesamt die bisher weniger aktiven Bewohner\/innen st\u00e4rker in solche kiezbezogenen Aktivit\u00e4ten einzubeziehen. Mit der Projektleiterin Sofia Camargo sind daf\u00fcr sehr gute personelle Voraussetzungen geschaffen, da sie seit vielen Jahren im Kiez lebt und dort aufgrund ihres hohen ehrenamtlichen Engagaments zu den zentralen Akteuren geh\u00f6rt.<\/p>\t\t\t\t\t\t<\/div>\n\t\t\t\t<\/div>\n\t\t\t\t<div class=\"elementor-element elementor-element-438c8fc elementor-widget elementor-widget-image\" data-id=\"438c8fc\" data-element_type=\"widget\" data-widget_type=\"image.default\">\n\t\t\t\t<div class=\"elementor-widget-container\">\n\t\t\t<style>\/*! elementor - v3.17.0 - 08-11-2023 *\/\n.elementor-widget-image{text-align:center}.elementor-widget-image a{display:inline-block}.elementor-widget-image a img[src$=\".svg\"]{width:48px}.elementor-widget-image img{vertical-align:middle;display:inline-block}<\/style>\t\t\t\t\t\t\t\t\t\t\t\t<img loading=\"lazy\" decoding=\"async\" width=\"600\" height=\"450\" src=\"https:\/\/qr8or.work\/wp-content\/uploads\/2022\/09\/Grune-Tore-03.jpg\" class=\"attachment-large size-large wp-image-845\" alt=\"\" srcset=\"https:\/\/qr8or.work\/wp-content\/uploads\/2022\/09\/Grune-Tore-03.jpg 600w, https:\/\/qr8or.work\/wp-content\/uploads\/2022\/09\/Grune-Tore-03-300x225.jpg 300w\" sizes=\"auto, (max-width: 600px) 100vw, 600px\" \/>\t\t\t\t\t\t\t\t\t\t\t\t\t\t\t<\/div>\n\t\t\t\t<\/div>\n\t\t\t\t<div class=\"elementor-element elementor-element-711e1a0 elementor-widget elementor-widget-text-editor\" data-id=\"711e1a0\" data-element_type=\"widget\" data-widget_type=\"text-editor.default\">\n\t\t\t\t<div class=\"elementor-widget-container\">\n\t\t\t\t\t\t\t<p>3. Ma\u00dfnahmebeschreibung:<\/p><p>3.1 Projektvorhaben<\/p><p>Modul 1:<br \/>Mit den verschiedenen Nachbarschaftsakteuren aus dem Kulmer Kiez wird als Auftakt des Projekts \u201eGr\u00fcne Tore f\u00fcr die Nachbarschaft\u201c im Fr\u00fchsommer 2011 jeweils ein eigenes Tor aus Blumen, Pflanzen und nat\u00fcrlichen Elementen (wie Stein, Sand, Erde) auf einer Gr\u00fcn- bzw. Freifl\u00e4che im Kulmer Kiez errichtet. Insgesamt sollen 9 Tore gebaut werden, die aus Holz, Draht und Seilen bestehen und mit vielen Gr\u00fcnpflanzen und Naturelementen versehen sein werden. Diese sollen die Arbeit bzw. Aktivit\u00e4t der Kiezakteure widerspiegeln. Im Sommer 2011 besteht ein Schwerpunkt der Arbeit in diesem Modul in der abschlie\u00dfenden Gestaltung der \u201egr\u00fcnen Tore\u201c und dem Aufstellen dieser Tore entweder auf dem Gel\u00e4nde entlang der Bautzener Stra\u00dfe (wenn daf\u00fcr eine Zwischennutzung mit dem Eigent\u00fcmer vereinbart werden kann) oder auf dem Spielplatz\/Gr\u00fcngel\u00e4nde hinter der Katzlerstr. 13. Im Herbst werden die Tore winterfest in den Kellern des Ateliers von Sofia Camargo eingelagert. Zudem wird eine Genehmigung bei der \u201eGr\u00fcn Berlin GmbH\u201c beantragt, um die \u201egr\u00fcnen Nachbarschaftstore\u201c im Jahr 2012 auf dem neu er\u00f6ffneten Gleisdreieckpark aufstellen und in einen \u201eCommunity Garden\u201c integrieren zu k\u00f6nnen. Falls dies nicht m\u00f6glich sein sollte, wird auch eine Zwischennutzung des Gel\u00e4ndes entlang der Bautzener Stra\u00dfe, die Gr\u00fcnfl\u00e4che hinter dem Hausprojekt Katzlerstr. 13 oder der Schulhof der Neumark Grundschule angestrebt. Das Gel\u00e4nde hinter der Katzlerstra\u00dfe 13 und der Schulhof ist im Besitz des Bezirks, sodass von einer Genehmigung des Gr\u00fcnfl\u00e4chenamtes Tempelhof-Sch\u00f6neberg auszugehen ist. Mit dem Einbeziehen des Vereins \u201eArt della Art\u201c und des \u201eKuK\u201c in der Kulmer Stra\u00dfe wird zudem der Versuch unternommen einen Br\u00fcckenschlag in den Teil des Kulmer Kiezes herzustellen, der bisher weniger in die nachbarschaftlichen Aktivit\u00e4ten eingebunden war.<\/p><p>Modul 2:<br \/>Im Vorfeld des Baus wird es mit Nachbarschaftsakteuren, wie z. B. dem Treff 62, dem Hausprojekt Katzlerstr. 13, dem Integrationszentrum Harmonie e.V. und der Anadolu- Moscheegemeinde Ausfl\u00fcge zu verschiedenen Gr\u00fcnanlagen, wie dem Botanischen Garten, den G\u00e4rten der Kulturen der Welt und dem Gel\u00e4nde am S\u00fcdkreuz geben, um sich hinsichtlich der Gestaltung inspirieren zu lassen und um einander kennen zu lernen. Dar\u00fcber hinaus sind Exkursionen \u00fcber den West- und Ostpark des Gleisdreieckparks mit der Anadolu- Moscheegemeinde und weiteren Kiezakteuren wie der AIF Bautzener Stra\u00dfe zusammen mit der f\u00fcr die Bauausf\u00fchrung und sp\u00e4teren Instandhaltung des Gleisdreieckparks verantwortlichen Gr\u00fcn Berlin GmbH geplant, u. a. um aufzuzeigen welche neuen Potenziale in unmittelbarer Nachbarschaft des Kiezes entstehen.<\/p>\t\t\t\t\t\t<\/div>\n\t\t\t\t<\/div>\n\t\t\t\t<div class=\"elementor-element elementor-element-c6e7a8d elementor-widget elementor-widget-image\" data-id=\"c6e7a8d\" data-element_type=\"widget\" data-widget_type=\"image.default\">\n\t\t\t\t<div class=\"elementor-widget-container\">\n\t\t\t\t\t\t\t\t\t\t\t\t\t\t\t<img loading=\"lazy\" decoding=\"async\" width=\"600\" height=\"399\" src=\"https:\/\/qr8or.work\/wp-content\/uploads\/2022\/09\/Grune-Tore-04.jpg\" class=\"attachment-large size-large wp-image-846\" alt=\"\" srcset=\"https:\/\/qr8or.work\/wp-content\/uploads\/2022\/09\/Grune-Tore-04.jpg 600w, https:\/\/qr8or.work\/wp-content\/uploads\/2022\/09\/Grune-Tore-04-300x200.jpg 300w\" sizes=\"auto, (max-width: 600px) 100vw, 600px\" \/>\t\t\t\t\t\t\t\t\t\t\t\t\t\t\t<\/div>\n\t\t\t\t<\/div>\n\t\t\t\t<div class=\"elementor-element elementor-element-23c5ae3 elementor-widget elementor-widget-text-editor\" data-id=\"23c5ae3\" data-element_type=\"widget\" data-widget_type=\"text-editor.default\">\n\t\t\t\t<div class=\"elementor-widget-container\">\n\t\t\t\t\t\t\t<p>Modul 3:<br \/>Mit Sch\u00fclerinnen und Sch\u00fclern der Neumark Grundschule sind in Absprache mit den Lehrerinnen und Lehren und unter erw\u00fcnschter Beteiligung der Eltern Exkursionen zur Gartenarbeitsschule des Bezirks sowie zum Kinderbauernhof auf dem Gel\u00e4nde des G\u00f6rlitzer Parks vorgesehen. Weiterhin werden altersgerechte Angebote des Naturschutzzentrums des \u00d6kowerks in der N\u00e4he des Teufelsberg sowohl f\u00fcr die Sch\u00fcler\/innen als auch f\u00fcr die Kindern in Kindertagesst\u00e4tten, wie z. B. des Pestalozzi Fr\u00f6bel Hauses wahrgenommen.<\/p><p>Modul 4:<br \/>An einem Samstag im Fr\u00fchjahr werden wieder gemeinsam mit den verschiedenen Nachbarschaftsakteuren die Baumscheiben in der Katzlerstra\u00dfe und weiteren Stra\u00dfen begr\u00fcnt.<\/p><p>Modul 5:<br \/>Ein weiter Schwerpunkt wird in der Vorbereitung und Durchf\u00fchrung des Strassenfestes im Jahr 2011 und 2012 zum Thema \u201eVielfalt in der Nachbarschaft und Natur\u201c liegen. Dort werden dann viele Fotos der gemeinsamen Ausfl\u00fcge sowie die begr\u00fcnten \u201eNachbarschaftstore\u201c auf- und vorgestellt.<\/p>\t\t\t\t\t\t<\/div>\n\t\t\t\t<\/div>\n\t\t<div class=\"elementor-element elementor-element-e4153bd e-flex e-con-boxed e-con e-child\" data-id=\"e4153bd\" data-element_type=\"container\" data-settings=\"{&quot;content_width&quot;:&quot;boxed&quot;}\">\n\t\t\t\t\t<div class=\"e-con-inner\">\n\t\t\t\t<div class=\"elementor-element elementor-element-b74b668 elementor-widget elementor-widget-image\" data-id=\"b74b668\" data-element_type=\"widget\" data-widget_type=\"image.default\">\n\t\t\t\t<div class=\"elementor-widget-container\">\n\t\t\t\t\t\t\t\t\t\t\t\t\t\t\t<img loading=\"lazy\" decoding=\"async\" width=\"600\" height=\"400\" src=\"https:\/\/qr8or.work\/wp-content\/uploads\/2022\/09\/Grune-Tore-05.jpg\" class=\"attachment-large size-large wp-image-847\" alt=\"\" srcset=\"https:\/\/qr8or.work\/wp-content\/uploads\/2022\/09\/Grune-Tore-05.jpg 600w, https:\/\/qr8or.work\/wp-content\/uploads\/2022\/09\/Grune-Tore-05-300x200.jpg 300w\" sizes=\"auto, (max-width: 600px) 100vw, 600px\" \/>\t\t\t\t\t\t\t\t\t\t\t\t\t\t\t<\/div>\n\t\t\t\t<\/div>\n\t\t\t\t<div class=\"elementor-element elementor-element-0a5e2fe elementor-widget elementor-widget-image\" data-id=\"0a5e2fe\" data-element_type=\"widget\" data-widget_type=\"image.default\">\n\t\t\t\t<div class=\"elementor-widget-container\">\n\t\t\t\t\t\t\t\t\t\t\t\t\t\t\t<img loading=\"lazy\" decoding=\"async\" width=\"450\" height=\"600\" src=\"https:\/\/qr8or.work\/wp-content\/uploads\/2022\/09\/Grune-Tore-01.jpg\" class=\"attachment-large size-large wp-image-842\" alt=\"\" srcset=\"https:\/\/qr8or.work\/wp-content\/uploads\/2022\/09\/Grune-Tore-01.jpg 450w, https:\/\/qr8or.work\/wp-content\/uploads\/2022\/09\/Grune-Tore-01-225x300.jpg 225w\" sizes=\"auto, (max-width: 450px) 100vw, 450px\" \/>\t\t\t\t\t\t\t\t\t\t\t\t\t\t\t<\/div>\n\t\t\t\t<\/div>\n\t\t\t\t\t<\/div>\n\t\t\t\t<\/div>\n\t\t\t\t<div class=\"elementor-element elementor-element-174fda9 elementor-widget elementor-widget-text-editor\" data-id=\"174fda9\" data-element_type=\"widget\" data-widget_type=\"text-editor.default\">\n\t\t\t\t<div class=\"elementor-widget-container\">\n\t\t\t\t\t\t\t<p><a href=\"https:\/\/www.google.de\/url?sa=t&amp;rct=j&amp;q=&amp;esrc=s&amp;source=web&amp;cd=40&amp;cad=rja&amp;uact=8&amp;ved=0ahUKEwj0osq-tp3OAhWEDBoKHTuaB1M4HhAWCEswCQ&amp;url=http%3A%2F%2Fpotseblog.de%2F2011%2F07%2F30%2Fvon-kletterbohnen-brandenburger-torchen-und-nachbarschaft%2F&amp;usg=AFQjCNF1pTS83xFSDxK-t9wm2R_piawQxA&amp;sig2=xIWfmSWUSNP4SS9dnCBZ6g\"><strong>link: Potseblog<\/strong><\/a><\/p>\t\t\t\t\t\t<\/div>\n\t\t\t\t<\/div>\n\t\t\t\t\t<\/div>\n\t\t\t\t<\/div>\n\t\t\t\t\t\t\t<\/div>\n\t\t","protected":false},"excerpt":{"rendered":"<p>Gr\u00fcne Tore Gr\u00fcne Tore f\u00fcr die Nachbarschaft im Kulmer Kiez Die russischen Forscher entdeckten, dass eine Pflanze, die Wasser erh\u00e4lt, irgendwie imstande ist, dieses mit einer durstigen Nachbarpflanze zu teilen. In einem Forschungsinstitut wurde einem Getreidehalm, der in einen Glasbeh\u00e4lter gepflanzt worden war, mehrere Wochen kein Wasser gegeben. Dennoch ging er nicht ein. Er blieb [&hellip;]<\/p>\n","protected":false},"author":1,"featured_media":0,"parent":0,"menu_order":0,"comment_status":"closed","ping_status":"closed","template":"elementor_header_footer","meta":{"inline_featured_image":false,"footnotes":""},"class_list":["post-840","page","type-page","status-publish","hentry"],"_links":{"self":[{"href":"https:\/\/qr8or.work\/index.php\/wp-json\/wp\/v2\/pages\/840","targetHints":{"allow":["GET"]}}],"collection":[{"href":"https:\/\/qr8or.work\/index.php\/wp-json\/wp\/v2\/pages"}],"about":[{"href":"https:\/\/qr8or.work\/index.php\/wp-json\/wp\/v2\/types\/page"}],"author":[{"embeddable":true,"href":"https:\/\/qr8or.work\/index.php\/wp-json\/wp\/v2\/users\/1"}],"replies":[{"embeddable":true,"href":"https:\/\/qr8or.work\/index.php\/wp-json\/wp\/v2\/comments?post=840"}],"version-history":[{"count":25,"href":"https:\/\/qr8or.work\/index.php\/wp-json\/wp\/v2\/pages\/840\/revisions"}],"predecessor-version":[{"id":2369,"href":"https:\/\/qr8or.work\/index.php\/wp-json\/wp\/v2\/pages\/840\/revisions\/2369"}],"wp:attachment":[{"href":"https:\/\/qr8or.work\/index.php\/wp-json\/wp\/v2\/media?parent=840"}],"curies":[{"name":"wp","href":"https:\/\/api.w.org\/{rel}","templated":true}]}}