{"id":742,"date":"2022-09-05T19:43:06","date_gmt":"2022-09-05T22:43:06","guid":{"rendered":"https:\/\/qr8or.work\/?page_id=742"},"modified":"2023-01-03T15:16:22","modified_gmt":"2023-01-03T18:16:22","slug":"karlsgarten","status":"publish","type":"page","link":"https:\/\/qr8or.work\/index.php\/karlsgarten\/","title":{"rendered":"Karlsgarten"},"content":{"rendered":"\t\t<div data-elementor-type=\"wp-page\" data-elementor-id=\"742\" class=\"elementor elementor-742\" data-elementor-post-type=\"page\">\n\t\t\t\t\t\t\t<div class=\"elementor-element elementor-element-4c318e7 e-flex e-con-boxed e-con e-parent\" data-id=\"4c318e7\" data-element_type=\"container\" data-settings=\"{&quot;background_background&quot;:&quot;classic&quot;,&quot;content_width&quot;:&quot;boxed&quot;}\" data-core-v316-plus=\"true\">\n\t\t\t\t\t<div class=\"e-con-inner\">\n\t\t\t\t<div class=\"elementor-element elementor-element-323ff00 elementor-widget elementor-widget-heading\" data-id=\"323ff00\" data-element_type=\"widget\" data-widget_type=\"heading.default\">\n\t\t\t\t<div class=\"elementor-widget-container\">\n\t\t\t<style>\/*! elementor - v3.17.0 - 08-11-2023 *\/\n.elementor-heading-title{padding:0;margin:0;line-height:1}.elementor-widget-heading .elementor-heading-title[class*=elementor-size-]>a{color:inherit;font-size:inherit;line-height:inherit}.elementor-widget-heading .elementor-heading-title.elementor-size-small{font-size:15px}.elementor-widget-heading .elementor-heading-title.elementor-size-medium{font-size:19px}.elementor-widget-heading .elementor-heading-title.elementor-size-large{font-size:29px}.elementor-widget-heading .elementor-heading-title.elementor-size-xl{font-size:39px}.elementor-widget-heading .elementor-heading-title.elementor-size-xxl{font-size:59px}<\/style><h2 class=\"elementor-heading-title elementor-size-default\">Karlsgarten<\/h2>\t\t<\/div>\n\t\t\t\t<\/div>\n\t\t\t\t<div class=\"elementor-element elementor-element-ba0ecf3 elementor-widget elementor-widget-text-editor\" data-id=\"ba0ecf3\" data-element_type=\"widget\" data-widget_type=\"text-editor.default\">\n\t\t\t\t<div class=\"elementor-widget-container\">\n\t\t\t<style>\/*! elementor - v3.17.0 - 08-11-2023 *\/\n.elementor-widget-text-editor.elementor-drop-cap-view-stacked .elementor-drop-cap{background-color:#69727d;color:#fff}.elementor-widget-text-editor.elementor-drop-cap-view-framed .elementor-drop-cap{color:#69727d;border:3px solid;background-color:transparent}.elementor-widget-text-editor:not(.elementor-drop-cap-view-default) .elementor-drop-cap{margin-top:8px}.elementor-widget-text-editor:not(.elementor-drop-cap-view-default) .elementor-drop-cap-letter{width:1em;height:1em}.elementor-widget-text-editor .elementor-drop-cap{float:left;text-align:center;line-height:1;font-size:50px}.elementor-widget-text-editor .elementor-drop-cap-letter{display:inline-block}<\/style>\t\t\t\t<p><strong>Skulptur der Rechte<\/strong><\/p>\t\t\t\t\t\t<\/div>\n\t\t\t\t<\/div>\n\t\t\t\t<div class=\"elementor-element elementor-element-6c9d67b elementor-widget elementor-widget-image\" data-id=\"6c9d67b\" data-element_type=\"widget\" data-widget_type=\"image.default\">\n\t\t\t\t<div class=\"elementor-widget-container\">\n\t\t\t<style>\/*! elementor - v3.17.0 - 08-11-2023 *\/\n.elementor-widget-image{text-align:center}.elementor-widget-image a{display:inline-block}.elementor-widget-image a img[src$=\".svg\"]{width:48px}.elementor-widget-image img{vertical-align:middle;display:inline-block}<\/style>\t\t\t\t\t\t\t\t\t\t\t\t<img loading=\"lazy\" decoding=\"async\" width=\"600\" height=\"450\" src=\"https:\/\/qr8or.work\/wp-content\/uploads\/2022\/09\/karlsgarten-01.jpg\" class=\"attachment-large size-large wp-image-744\" alt=\"\" srcset=\"https:\/\/qr8or.work\/wp-content\/uploads\/2022\/09\/karlsgarten-01.jpg 600w, https:\/\/qr8or.work\/wp-content\/uploads\/2022\/09\/karlsgarten-01-300x225.jpg 300w\" sizes=\"auto, (max-width: 600px) 100vw, 600px\" \/>\t\t\t\t\t\t\t\t\t\t\t\t\t\t\t<\/div>\n\t\t\t\t<\/div>\n\t\t\t\t<div class=\"elementor-element elementor-element-d77c080 elementor-widget elementor-widget-text-editor\" data-id=\"d77c080\" data-element_type=\"widget\" data-widget_type=\"text-editor.default\">\n\t\t\t\t<div class=\"elementor-widget-container\">\n\t\t\t\t\t\t\t<p>Neuk\u00f6llner k\u00e4mpfen mit Kreide gegen Koks<br \/>Anwohner begehren mit Benimm-Regeln gegen die Drogenszene in der Hasenheide auf<\/p><p>Tanja Buntrock<br \/>2.10.2008<\/p><p>So konnte es einfach nicht weitergehen. Sp\u00e4testens als sie h\u00f6rte, dass die Drogenh\u00e4ndler aus dem Neuk\u00f6llner Volkspark Hasenheide nun auch schon Kita-Kindern Rauschgift anbieten, \u201eda war Schluss mit lustig\u201c, sagt Marion Lira, 56 Jahre. Seit 40 Jahren lebt sie in dem Kiez an der Wissmannstra\u00dfe,wo sie einen kleinen Laden betreibt. Dass die Hasenheide seit Jahrzehnten als Drogenschwerpunkt gilt, daran hatte sie sich mehr oder weniger gew\u00f6hnt. Doch das, was sich derzeit im Park abspiele, gehe einfach zu weit, sagt sie. Zusammen mit ihrer Nachbarin, der K\u00fcnstlerin \u201eMo.Skito\u201c, startete die Ladeninhaberin eine Initiative gegen die Drogenszene im Park. Am vorigen Wochenende malten die Frauen mit Kreidefarbe \u201eBenimm-Regeln\u201c f\u00fcr die Dealer und Spr\u00fcche auf den Asphalt eines Zufahrtsweges zum Park.<\/p><p>\u201eDamit wollten wir provozieren und den H\u00e4ndlern zeigen, dass es hier Leute gibt, die mit ihrem Verhalten nicht einverstanden sind\u201c, erz\u00e4hlt die K\u00fcnstlerin Mo.Skito (48). Vom vielen Regen fast verwischt, sind dort noch Spr\u00fcche wie \u201eMama den Job beichten\u201c, \u201eNeuk\u00f6llner Hausfrauen gegen Dealer-Gelaber\u201c und \u201eKnigge statt Koks\u201c zu erkennen. Ein paar hundert Meter weiter stehen bei dem ungem\u00fctlichen Wetter vereinzelt ein paar H\u00e4ndler unter den B\u00e4umen und warten auf K\u00e4ufer.<\/p><p>Mo.Skito und Marion Lira, die den \u201eClub Neuk\u00f6llner Hausfrauen\u201c gegr\u00fcndet haben, wollen die Kunstaktion k\u00fcnftig einmal im Monat machen. \u201eDas Drogenproblem k\u00f6nnen wir nicht l\u00f6sen. Aber die Dealer sollen sich benehmen und die Anwohner in Ruhe lassen\u201c, sagt Mo.Skito. Erst vor kurzem sei ihre 16-j\u00e4hrige Tochter vom Hermannplatz bis vor die Haust\u00fcr von mehreren Dealern verfolgt worden, \u201edie ihr alle m\u00f6glichen Drogen anbieten wollten\u201c.<\/p><p>Das Alter ihrer Kunden ist den Dealern offenbar egal \u2013 vereinzelt berichteten Anwohner, dass die Rauschgiftverk\u00e4ufer schon Kindern im Vorschulalter \u201eDope unter die Nase halten\u201c, sagt Marion Lira.<\/p><p>Zwar kontrolliert die Polizei die Hasenheide regelm\u00e4\u00dfig \u2013 in Zivil und in Uniform \u2013, doch selten gelingt es den Beamten, die Dealer festzunehmen. Das Problem: Sie haben nur geringe Mengen Drogen bei sich. Den Rest bunkern sie in den B\u00fcschen. Werden sie kontrolliert, reicht es allenfalls f\u00fcr einen Platzverweis. Denn nie haben die H\u00e4ndler mehr als sechs Gramm Haschisch bei sich. Das ist zwar auch schon strafbar, doch ein Verfahren wird bei einer so geringen Menge von der Justiz eingestellt.<\/p><p>Ein Polizeiermittler ist begeistert davon, dass die Anwohner aufbegehren. F\u00fcr n\u00e4chste Woche hat ein Beamter sogar ein Treffen mit Mo.Skito ausgemacht, um sich dar\u00fcber zu informieren, was die Anwohner k\u00fcnftig planen. In anderen Bezirken, wie in Mitte, wo der Weinbergspark als Drogenschwerpunkt gilt, haben Anwohner-Initiativen erreicht, dass B\u00e4ume und Str\u00e4ucher gestutzt wurden. Das soll den Dealern die Versteckm\u00f6glichkeiten nehmen.<\/p><p>Die Kunstaktion sei von den meisten Anwohnern gelobt worden, sagt Marion Lira. Doch ob die Spr\u00fcche \u00fcberhaupt etwas bewirken? \u201eKlar, die haben uns sofort beschimpft und gesagt, wir vermiesen ihnen das Gesch\u00e4ft.\u201c Das sei sogar so weit gegangen, dass einer der Drogenh\u00e4ndler ihnen gedroht h\u00e4tte \u2013 und zwar ausgerechnet mit den Worten: \u201eIch hole die Polizei!\u201c Tanja Buntrock<\/p><p>(Erschienen im gedruckten Tagesspiegel vom 02.10.2008)<\/p>\t\t\t\t\t\t<\/div>\n\t\t\t\t<\/div>\n\t\t\t\t<div class=\"elementor-element elementor-element-aaac935 elementor-widget elementor-widget-image\" data-id=\"aaac935\" data-element_type=\"widget\" data-widget_type=\"image.default\">\n\t\t\t\t<div class=\"elementor-widget-container\">\n\t\t\t\t\t\t\t\t\t\t\t\t\t\t\t<img loading=\"lazy\" decoding=\"async\" width=\"600\" height=\"450\" src=\"https:\/\/qr8or.work\/wp-content\/uploads\/2022\/09\/karlsgarten-02.jpg\" class=\"attachment-large size-large wp-image-745\" alt=\"\" srcset=\"https:\/\/qr8or.work\/wp-content\/uploads\/2022\/09\/karlsgarten-02.jpg 600w, https:\/\/qr8or.work\/wp-content\/uploads\/2022\/09\/karlsgarten-02-300x225.jpg 300w\" sizes=\"auto, (max-width: 600px) 100vw, 600px\" \/>\t\t\t\t\t\t\t\t\t\t\t\t\t\t\t<\/div>\n\t\t\t\t<\/div>\n\t\t\t\t\t<\/div>\n\t\t\t\t<\/div>\n\t\t\t\t\t\t\t<\/div>\n\t\t","protected":false},"excerpt":{"rendered":"<p>Karlsgarten Skulptur der Rechte Neuk\u00f6llner k\u00e4mpfen mit Kreide gegen KoksAnwohner begehren mit Benimm-Regeln gegen die Drogenszene in der Hasenheide auf Tanja Buntrock2.10.2008 So konnte es einfach nicht weitergehen. Sp\u00e4testens als sie h\u00f6rte, dass die Drogenh\u00e4ndler aus dem Neuk\u00f6llner Volkspark Hasenheide nun auch schon Kita-Kindern Rauschgift anbieten, \u201eda war Schluss mit lustig\u201c, sagt Marion Lira, 56 [&hellip;]<\/p>\n","protected":false},"author":1,"featured_media":0,"parent":0,"menu_order":0,"comment_status":"closed","ping_status":"closed","template":"elementor_header_footer","meta":{"inline_featured_image":false,"footnotes":""},"class_list":["post-742","page","type-page","status-publish","hentry"],"_links":{"self":[{"href":"https:\/\/qr8or.work\/index.php\/wp-json\/wp\/v2\/pages\/742","targetHints":{"allow":["GET"]}}],"collection":[{"href":"https:\/\/qr8or.work\/index.php\/wp-json\/wp\/v2\/pages"}],"about":[{"href":"https:\/\/qr8or.work\/index.php\/wp-json\/wp\/v2\/types\/page"}],"author":[{"embeddable":true,"href":"https:\/\/qr8or.work\/index.php\/wp-json\/wp\/v2\/users\/1"}],"replies":[{"embeddable":true,"href":"https:\/\/qr8or.work\/index.php\/wp-json\/wp\/v2\/comments?post=742"}],"version-history":[{"count":25,"href":"https:\/\/qr8or.work\/index.php\/wp-json\/wp\/v2\/pages\/742\/revisions"}],"predecessor-version":[{"id":1802,"href":"https:\/\/qr8or.work\/index.php\/wp-json\/wp\/v2\/pages\/742\/revisions\/1802"}],"wp:attachment":[{"href":"https:\/\/qr8or.work\/index.php\/wp-json\/wp\/v2\/media?parent=742"}],"curies":[{"name":"wp","href":"https:\/\/api.w.org\/{rel}","templated":true}]}}