{"id":681,"date":"2022-08-31T20:59:42","date_gmt":"2022-08-31T23:59:42","guid":{"rendered":"https:\/\/qr8or.work\/?page_id=681"},"modified":"2023-01-03T15:15:52","modified_gmt":"2023-01-03T18:15:52","slug":"ina","status":"publish","type":"page","link":"https:\/\/qr8or.work\/index.php\/ina\/","title":{"rendered":"INA"},"content":{"rendered":"\t\t<div data-elementor-type=\"wp-page\" data-elementor-id=\"681\" class=\"elementor elementor-681\" data-elementor-post-type=\"page\">\n\t\t\t\t\t\t\t<div class=\"elementor-element elementor-element-4c318e7 e-flex e-con-boxed e-con e-parent\" data-id=\"4c318e7\" data-element_type=\"container\" data-settings=\"{&quot;background_background&quot;:&quot;classic&quot;,&quot;content_width&quot;:&quot;boxed&quot;}\" data-core-v316-plus=\"true\">\n\t\t\t\t\t<div class=\"e-con-inner\">\n\t\t\t\t<div class=\"elementor-element elementor-element-323ff00 elementor-widget elementor-widget-heading\" data-id=\"323ff00\" data-element_type=\"widget\" data-widget_type=\"heading.default\">\n\t\t\t\t<div class=\"elementor-widget-container\">\n\t\t\t<style>\/*! elementor - v3.17.0 - 08-11-2023 *\/\n.elementor-heading-title{padding:0;margin:0;line-height:1}.elementor-widget-heading .elementor-heading-title[class*=elementor-size-]>a{color:inherit;font-size:inherit;line-height:inherit}.elementor-widget-heading .elementor-heading-title.elementor-size-small{font-size:15px}.elementor-widget-heading .elementor-heading-title.elementor-size-medium{font-size:19px}.elementor-widget-heading .elementor-heading-title.elementor-size-large{font-size:29px}.elementor-widget-heading .elementor-heading-title.elementor-size-xl{font-size:39px}.elementor-widget-heading .elementor-heading-title.elementor-size-xxl{font-size:59px}<\/style><h2 class=\"elementor-heading-title elementor-size-default\">INA<\/h2>\t\t<\/div>\n\t\t\t\t<\/div>\n\t\t\t\t<div class=\"elementor-element elementor-element-cea9211 elementor-widget elementor-widget-text-editor\" data-id=\"cea9211\" data-element_type=\"widget\" data-widget_type=\"text-editor.default\">\n\t\t\t\t<div class=\"elementor-widget-container\">\n\t\t\t<style>\/*! elementor - v3.17.0 - 08-11-2023 *\/\n.elementor-widget-text-editor.elementor-drop-cap-view-stacked .elementor-drop-cap{background-color:#69727d;color:#fff}.elementor-widget-text-editor.elementor-drop-cap-view-framed .elementor-drop-cap{color:#69727d;border:3px solid;background-color:transparent}.elementor-widget-text-editor:not(.elementor-drop-cap-view-default) .elementor-drop-cap{margin-top:8px}.elementor-widget-text-editor:not(.elementor-drop-cap-view-default) .elementor-drop-cap-letter{width:1em;height:1em}.elementor-widget-text-editor .elementor-drop-cap{float:left;text-align:center;line-height:1;font-size:50px}.elementor-widget-text-editor .elementor-drop-cap-letter{display:inline-block}<\/style>\t\t\t\t<p><strong>DIE WELT, WIE SIE MIR GEF\u00c4LLT<\/strong><\/p><p>Dieses Projekt ist f\u00fcr die 98 kleinen Kinder und deren Eltern, welche gemeinsam die INA Kita Neue Steinmetzstr.\/Sch\u00f6neberg frequentieren, konzipiert worden. Es ist auch eine Bereicherung f\u00fcr die Umgebung weil eine konkrete Wohnumfeldverbesserungsma\u00dfnahme dadurch entstehen wird.<br \/>Wie viele zeitgen\u00f6ssische Bio-Neurologen best\u00e4tigen, wie Manfred Spitzer z.B., m\u00f6chten Kinder nicht nur viel mehr lernen, sie k\u00f6nnen es auch , mehr als Erwachsene vermuten, dies schon von jungen Jahren an.<br \/>Das Ziel dieses Projektes ist eine M\u00f6glichkeit an kleine Kindern und deren Eltern anzubieten sich ihre Wunsch-Welt selber gestalten zu k\u00f6nnen. Den ersten Schritt daf\u00fcr w\u00e4re den Kindern Fragen zu stellen in einer spielerischen Art eines Morgenkreises. Nach der Sammlung der Ideen und Vorschl\u00e4ge k\u00f6nnen wir die \u00e4ussere Seite der Mauer der Kita plus gro\u00dfformatige Holzrahmen zur Verf\u00fcgung stellen, worauf die Kinder und deren Eltern ihre gemeisame Wunsch-Welt malen und zeichnen k\u00f6nnen, mit p\u00e4dagogischen Impulsen, ohne Hinweise \u00fcber was richtig oder falsch ist und, ganz besonders, ohne Bewertung . Jeder Strich ist ein Strich, jede Farbe ist eine Farbe, jede Handbewegung ist die Verwircklichung der innere Notwendikeit des Kindes, individuell und erwartungsfrei. Das ist eine einmalige Gelegenheit die Autentizit\u00e4t der Gef\u00fchle und Kapazit\u00e4ten der Kinder freie Entfaltung zu schenken und f\u00fcr die Eltern eine M\u00f6glichkeit das eigene Kind zu erfahren in einem anderen Kontext, wo ihre Eigenschaften wahrgenommen werden, anders als innerhalb der schon bekannte Familien-Strukturen.<\/p><p><a href=\"http:\/\/www.inakindergarten.de\/nachrichten\/2015\/150320_Kunstprojekte_NST_UR.pdf\">link: INA<\/a><\/p>\t\t\t\t\t\t<\/div>\n\t\t\t\t<\/div>\n\t\t\t\t<div class=\"elementor-element elementor-element-4fd0005 elementor-widget elementor-widget-image\" data-id=\"4fd0005\" data-element_type=\"widget\" data-widget_type=\"image.default\">\n\t\t\t\t<div class=\"elementor-widget-container\">\n\t\t\t<style>\/*! elementor - v3.17.0 - 08-11-2023 *\/\n.elementor-widget-image{text-align:center}.elementor-widget-image a{display:inline-block}.elementor-widget-image a img[src$=\".svg\"]{width:48px}.elementor-widget-image img{vertical-align:middle;display:inline-block}<\/style>\t\t\t\t\t\t\t\t\t\t\t\t<img loading=\"lazy\" decoding=\"async\" width=\"600\" height=\"450\" src=\"https:\/\/qr8or.work\/wp-content\/uploads\/2022\/08\/24_PA105387-web.jpg\" class=\"attachment-large size-large wp-image-683\" alt=\"\" srcset=\"https:\/\/qr8or.work\/wp-content\/uploads\/2022\/08\/24_PA105387-web.jpg 600w, https:\/\/qr8or.work\/wp-content\/uploads\/2022\/08\/24_PA105387-web-300x225.jpg 300w\" sizes=\"auto, (max-width: 600px) 100vw, 600px\" \/>\t\t\t\t\t\t\t\t\t\t\t\t\t\t\t<\/div>\n\t\t\t\t<\/div>\n\t\t\t\t\t<\/div>\n\t\t\t\t<\/div>\n\t\t\t\t\t\t\t<\/div>\n\t\t","protected":false},"excerpt":{"rendered":"<p>INA DIE WELT, WIE SIE MIR GEF\u00c4LLT Dieses Projekt ist f\u00fcr die 98 kleinen Kinder und deren Eltern, welche gemeinsam die INA Kita Neue Steinmetzstr.\/Sch\u00f6neberg frequentieren, konzipiert worden. Es ist auch eine Bereicherung f\u00fcr die Umgebung weil eine konkrete Wohnumfeldverbesserungsma\u00dfnahme dadurch entstehen wird.Wie viele zeitgen\u00f6ssische Bio-Neurologen best\u00e4tigen, wie Manfred Spitzer z.B., m\u00f6chten Kinder nicht nur [&hellip;]<\/p>\n","protected":false},"author":1,"featured_media":0,"parent":0,"menu_order":0,"comment_status":"closed","ping_status":"closed","template":"elementor_header_footer","meta":{"inline_featured_image":false,"footnotes":""},"class_list":["post-681","page","type-page","status-publish","hentry"],"_links":{"self":[{"href":"https:\/\/qr8or.work\/index.php\/wp-json\/wp\/v2\/pages\/681","targetHints":{"allow":["GET"]}}],"collection":[{"href":"https:\/\/qr8or.work\/index.php\/wp-json\/wp\/v2\/pages"}],"about":[{"href":"https:\/\/qr8or.work\/index.php\/wp-json\/wp\/v2\/types\/page"}],"author":[{"embeddable":true,"href":"https:\/\/qr8or.work\/index.php\/wp-json\/wp\/v2\/users\/1"}],"replies":[{"embeddable":true,"href":"https:\/\/qr8or.work\/index.php\/wp-json\/wp\/v2\/comments?post=681"}],"version-history":[{"count":22,"href":"https:\/\/qr8or.work\/index.php\/wp-json\/wp\/v2\/pages\/681\/revisions"}],"predecessor-version":[{"id":1796,"href":"https:\/\/qr8or.work\/index.php\/wp-json\/wp\/v2\/pages\/681\/revisions\/1796"}],"wp:attachment":[{"href":"https:\/\/qr8or.work\/index.php\/wp-json\/wp\/v2\/media?parent=681"}],"curies":[{"name":"wp","href":"https:\/\/api.w.org\/{rel}","templated":true}]}}