{"id":675,"date":"2022-08-31T20:57:18","date_gmt":"2022-08-31T23:57:18","guid":{"rendered":"https:\/\/qr8or.work\/?page_id=675"},"modified":"2023-01-03T15:18:20","modified_gmt":"2023-01-03T18:18:20","slug":"kinderkunstgalerie","status":"publish","type":"page","link":"https:\/\/qr8or.work\/index.php\/kinderkunstgalerie\/","title":{"rendered":"KinderKunstGalerie"},"content":{"rendered":"\t\t<div data-elementor-type=\"wp-page\" data-elementor-id=\"675\" class=\"elementor elementor-675\" data-elementor-post-type=\"page\">\n\t\t\t\t\t\t\t<div class=\"elementor-element elementor-element-4c318e7 e-flex e-con-boxed e-con e-parent\" data-id=\"4c318e7\" data-element_type=\"container\" data-settings=\"{&quot;background_background&quot;:&quot;classic&quot;,&quot;content_width&quot;:&quot;boxed&quot;}\" data-core-v316-plus=\"true\">\n\t\t\t\t\t<div class=\"e-con-inner\">\n\t\t\t\t<div class=\"elementor-element elementor-element-323ff00 elementor-widget elementor-widget-heading\" data-id=\"323ff00\" data-element_type=\"widget\" data-widget_type=\"heading.default\">\n\t\t\t\t<div class=\"elementor-widget-container\">\n\t\t\t<style>\/*! elementor - v3.17.0 - 08-11-2023 *\/\n.elementor-heading-title{padding:0;margin:0;line-height:1}.elementor-widget-heading .elementor-heading-title[class*=elementor-size-]>a{color:inherit;font-size:inherit;line-height:inherit}.elementor-widget-heading .elementor-heading-title.elementor-size-small{font-size:15px}.elementor-widget-heading .elementor-heading-title.elementor-size-medium{font-size:19px}.elementor-widget-heading .elementor-heading-title.elementor-size-large{font-size:29px}.elementor-widget-heading .elementor-heading-title.elementor-size-xl{font-size:39px}.elementor-widget-heading .elementor-heading-title.elementor-size-xxl{font-size:59px}<\/style><h2 class=\"elementor-heading-title elementor-size-default\">KinderKunstGalerie<\/h2>\t\t<\/div>\n\t\t\t\t<\/div>\n\t\t\t\t<div class=\"elementor-element elementor-element-cea9211 elementor-widget elementor-widget-text-editor\" data-id=\"cea9211\" data-element_type=\"widget\" data-widget_type=\"text-editor.default\">\n\t\t\t\t<div class=\"elementor-widget-container\">\n\t\t\t<style>\/*! elementor - v3.17.0 - 08-11-2023 *\/\n.elementor-widget-text-editor.elementor-drop-cap-view-stacked .elementor-drop-cap{background-color:#69727d;color:#fff}.elementor-widget-text-editor.elementor-drop-cap-view-framed .elementor-drop-cap{color:#69727d;border:3px solid;background-color:transparent}.elementor-widget-text-editor:not(.elementor-drop-cap-view-default) .elementor-drop-cap{margin-top:8px}.elementor-widget-text-editor:not(.elementor-drop-cap-view-default) .elementor-drop-cap-letter{width:1em;height:1em}.elementor-widget-text-editor .elementor-drop-cap{float:left;text-align:center;line-height:1;font-size:50px}.elementor-widget-text-editor .elementor-drop-cap-letter{display:inline-block}<\/style>\t\t\t\t<p>I &#8211; XI KinderKunstGalerien<br \/>der Kinder der Tigertatzen e.V.<\/p><p>Liebe AusstellungsbesucherInnen der XI KinderKunstGalerie.<\/p><p>Kinder und Jugendliche haben das Leben noch ganz frisch und gesund<br \/>in sich. Sie traeumen von einer Welt die ihnen besser gef\u00e4llt. Und Recht haben sie, da die Welt (der Erwachsenen) ihnen morgen geh\u00f6rt. Deswegen benutze ich die Kunst als Mittel um sie zu unterst\u00fctzen an ihre Tr\u00e4ume zu glauben und sie zu verwirklichen. Das Ergebniss ist hier und jetzt zu sehen.<br \/>Ich bedanke mich an alle Erwachsenen die diese Ausstellung ermoeglicht haben: die Tigertatzen Eltern und ErzieherInnen, besonders Elmar Farsch als Bildhauer, das Mehr-Generationen-Haus in der Steinmetzstrasse, Frauen und Vaetergruppe, Outreach, Quartiersmanegement Schoeneberger-Norden, die Mitarberter der Bezirksbibliothek Schoeneberg und ein ganz besonderes Dankeschoen an Hamad Nasser, Hella Pergante, Thomas Hirschmann, Johanna Michel, Christine Fisch und den Kurator Thomas E.J. Klasen.<\/p><p>Sofia Camargo<\/p>\t\t\t\t\t\t<\/div>\n\t\t\t\t<\/div>\n\t\t\t\t<div class=\"elementor-element elementor-element-4fd0005 elementor-widget elementor-widget-image\" data-id=\"4fd0005\" data-element_type=\"widget\" data-widget_type=\"image.default\">\n\t\t\t\t<div class=\"elementor-widget-container\">\n\t\t\t<style>\/*! elementor - v3.17.0 - 08-11-2023 *\/\n.elementor-widget-image{text-align:center}.elementor-widget-image a{display:inline-block}.elementor-widget-image a img[src$=\".svg\"]{width:48px}.elementor-widget-image img{vertical-align:middle;display:inline-block}<\/style>\t\t\t\t\t\t\t\t\t\t\t\t<img loading=\"lazy\" decoding=\"async\" width=\"600\" height=\"377\" src=\"https:\/\/qr8or.work\/wp-content\/uploads\/2022\/08\/16_22-a.jpg\" class=\"attachment-large size-large wp-image-677\" alt=\"\" srcset=\"https:\/\/qr8or.work\/wp-content\/uploads\/2022\/08\/16_22-a.jpg 600w, https:\/\/qr8or.work\/wp-content\/uploads\/2022\/08\/16_22-a-300x189.jpg 300w\" sizes=\"auto, (max-width: 600px) 100vw, 600px\" \/>\t\t\t\t\t\t\t\t\t\t\t\t\t\t\t<\/div>\n\t\t\t\t<\/div>\n\t\t\t\t\t<\/div>\n\t\t\t\t<\/div>\n\t\t\t\t\t\t\t<\/div>\n\t\t","protected":false},"excerpt":{"rendered":"<p>KinderKunstGalerie I &#8211; XI KinderKunstGaleriender Kinder der Tigertatzen e.V. Liebe AusstellungsbesucherInnen der XI KinderKunstGalerie. Kinder und Jugendliche haben das Leben noch ganz frisch und gesundin sich. Sie traeumen von einer Welt die ihnen besser gef\u00e4llt. Und Recht haben sie, da die Welt (der Erwachsenen) ihnen morgen geh\u00f6rt. Deswegen benutze ich die Kunst als Mittel um [&hellip;]<\/p>\n","protected":false},"author":1,"featured_media":0,"parent":0,"menu_order":0,"comment_status":"closed","ping_status":"closed","template":"elementor_header_footer","meta":{"inline_featured_image":false,"footnotes":""},"class_list":["post-675","page","type-page","status-publish","hentry"],"_links":{"self":[{"href":"https:\/\/qr8or.work\/index.php\/wp-json\/wp\/v2\/pages\/675","targetHints":{"allow":["GET"]}}],"collection":[{"href":"https:\/\/qr8or.work\/index.php\/wp-json\/wp\/v2\/pages"}],"about":[{"href":"https:\/\/qr8or.work\/index.php\/wp-json\/wp\/v2\/types\/page"}],"author":[{"embeddable":true,"href":"https:\/\/qr8or.work\/index.php\/wp-json\/wp\/v2\/users\/1"}],"replies":[{"embeddable":true,"href":"https:\/\/qr8or.work\/index.php\/wp-json\/wp\/v2\/comments?post=675"}],"version-history":[{"count":25,"href":"https:\/\/qr8or.work\/index.php\/wp-json\/wp\/v2\/pages\/675\/revisions"}],"predecessor-version":[{"id":1809,"href":"https:\/\/qr8or.work\/index.php\/wp-json\/wp\/v2\/pages\/675\/revisions\/1809"}],"wp:attachment":[{"href":"https:\/\/qr8or.work\/index.php\/wp-json\/wp\/v2\/media?parent=675"}],"curies":[{"name":"wp","href":"https:\/\/api.w.org\/{rel}","templated":true}]}}