{"id":669,"date":"2022-08-31T20:54:42","date_gmt":"2022-08-31T23:54:42","guid":{"rendered":"https:\/\/qr8or.work\/?page_id=669"},"modified":"2023-01-03T15:33:07","modified_gmt":"2023-01-03T18:33:07","slug":"povo-arte","status":"publish","type":"page","link":"https:\/\/qr8or.work\/index.php\/povo-arte\/","title":{"rendered":"Povo Arte"},"content":{"rendered":"\t\t<div data-elementor-type=\"wp-page\" data-elementor-id=\"669\" class=\"elementor elementor-669\" data-elementor-post-type=\"page\">\n\t\t\t\t\t\t\t<div class=\"elementor-element elementor-element-4c318e7 e-flex e-con-boxed e-con e-parent\" data-id=\"4c318e7\" data-element_type=\"container\" data-settings=\"{&quot;content_width&quot;:&quot;boxed&quot;}\" data-core-v316-plus=\"true\">\n\t\t\t\t\t<div class=\"e-con-inner\">\n\t\t\t\t<div class=\"elementor-element elementor-element-fd63428 elementor-widget elementor-widget-image\" data-id=\"fd63428\" data-element_type=\"widget\" data-widget_type=\"image.default\">\n\t\t\t\t<div class=\"elementor-widget-container\">\n\t\t\t<style>\/*! elementor - v3.17.0 - 08-11-2023 *\/\n.elementor-widget-image{text-align:center}.elementor-widget-image a{display:inline-block}.elementor-widget-image a img[src$=\".svg\"]{width:48px}.elementor-widget-image img{vertical-align:middle;display:inline-block}<\/style>\t\t\t\t\t\t\t\t\t\t\t\t<img loading=\"lazy\" decoding=\"async\" width=\"600\" height=\"466\" src=\"https:\/\/qr8or.work\/wp-content\/uploads\/2022\/08\/17_1.jpg\" class=\"attachment-large size-large wp-image-671\" alt=\"\" srcset=\"https:\/\/qr8or.work\/wp-content\/uploads\/2022\/08\/17_1.jpg 600w, https:\/\/qr8or.work\/wp-content\/uploads\/2022\/08\/17_1-300x233.jpg 300w\" sizes=\"auto, (max-width: 600px) 100vw, 600px\" \/>\t\t\t\t\t\t\t\t\t\t\t\t\t\t\t<\/div>\n\t\t\t\t<\/div>\n\t\t\t\t<div class=\"elementor-element elementor-element-216d204 elementor-widget elementor-widget-text-editor\" data-id=\"216d204\" data-element_type=\"widget\" data-widget_type=\"text-editor.default\">\n\t\t\t\t<div class=\"elementor-widget-container\">\n\t\t\t<style>\/*! elementor - v3.17.0 - 08-11-2023 *\/\n.elementor-widget-text-editor.elementor-drop-cap-view-stacked .elementor-drop-cap{background-color:#69727d;color:#fff}.elementor-widget-text-editor.elementor-drop-cap-view-framed .elementor-drop-cap{color:#69727d;border:3px solid;background-color:transparent}.elementor-widget-text-editor:not(.elementor-drop-cap-view-default) .elementor-drop-cap{margin-top:8px}.elementor-widget-text-editor:not(.elementor-drop-cap-view-default) .elementor-drop-cap-letter{width:1em;height:1em}.elementor-widget-text-editor .elementor-drop-cap{float:left;text-align:center;line-height:1;font-size:50px}.elementor-widget-text-editor .elementor-drop-cap-letter{display:inline-block}<\/style>\t\t\t\t<p><strong>CONCEITO<\/strong><\/p><p>O projeto povo AR te introduz um novo conceito comportamental na sociedade em que \u00e9 aplicado. Voltado para a comunidade geral do SESC, \u00e9 um projeto que abrange milhares de pessoas de todas as faixas et\u00e1rias, culturais e econ\u00f4micas. Ele mostra agora o rumo das estruturas comunit\u00e1rias do futuro, de maneira clara e \u201ctransparente\u201d.<\/p><p>povo AR te \u00e9 o fortalecimento da dignidade intr\u00ednseca que habita cada ser humano, desde o momento do nascimento. Trata se de um projeto vision\u00e1rio, que mostra a espiral do crescimento adequada \u00e0s necessidades atuais de cidadania, uma vez que as estruturas sociais tradicionais chegaram \u00e0 exaust\u00e3o. As pessoas precisam de tempo, tanto quanto de dinheiro; de humanidade, tanto quanto de trabalho; de cidades, tanto quanto da natureza. O mundo se orienta rumo ao \u201cnovo pensar\u201d e o \u201cnovo pensar\u201d \u00e9 transparente. Sua cria\u00e7\u00e3o \u00e9 coletiva, sustent\u00e1vel e ambiental.<\/p><p>Pintores, cineastas, perform\u00e1ticos, escultores, m\u00fasicos, teatr\u00f3logos, escritores, game makers, jardineiros, core\u00f3grafos, dan\u00e7arinos, arquitetos, artistas alem\u00e3es encontram seus colegas no Brasil.<\/p><p>Este ponto de encontro \u00e9 um grande edif\u00edcio na cidade de S\u00e3o Paulo. Todos sob o mesmo teto, amadurecendo e realizando as pr\u00f3prias ideias dentro de um tema em comum: Transpar\u00eancia.<\/p><p>Transpar\u00eancia, a alma da sociedade contempor\u00e2nea, aberta e em desenvolvimento. A popula\u00e7\u00e3o mundial reivindica Transpar\u00eancia. Somente a Transpar\u00eancia possibilita o cidad\u00e3o comum atuar em processos que definem os rumos das sociedades locais e at\u00e9 globais. A transpar\u00eancia passou a ser o motor da Democracia.<\/p><p>Exigir Transpar\u00eancia \u00e9 o ponto de partida, mas a Transpar\u00eancia em si s\u00f3 se concretiza na pr\u00e1tica. Um exemplo disso \u00e9 uma sociedade baseada numa estrutura tradicional que se expande rumo ao novo conceito de atua\u00e7\u00e3o global, como o Brasil no momento se encontra.<\/p><p>O futuro pr\u00f3spero desta sociedade est\u00e1 intrinsecamente ligado a dois fatores: abertura e transpar\u00eancia. Como isto pode acontecer \u00e9 a proposta destes artistas, que com seus trabalhos individuais ou coletivos mostram possibilidades inspiradoras, de igual para igual com todos os escal\u00f5es sociais, tendo em vista o respeito ao ser humano e firmeza nos prop\u00f3sitos transformadores. Esta \u00e9 a Alma desta Arte.<\/p><p>Num processo de execu\u00e7\u00e3o transparente, durante um per\u00edodo de 4 semanas, todos os participantes trabalham na materializa\u00e7\u00e3o de suas ideias utilizando seus m\u00e9todos preferidos. A perman\u00eancia no conceito do projeto \u00e9 premissa b\u00e1sica para a participa\u00e7\u00e3o.<\/p><p>Os espa\u00e7os vazios v\u00e3o se preenchendo com a presen\u00e7a dos artistas e suas obras. Inicia-se a expans\u00e3o e intera\u00e7\u00e3o entre todos. Semelhante \u00e0s culturas tribais, a coexist\u00eancia de uma sociedade complexa se estabelece por um per\u00edodo concentrado de tempo. O \u201cponto de transforma\u00e7\u00e3o\u201d acontece no momento em que os artistas trabalham juntos num espa\u00e7o aberto, influenciando-se mutualmente. A soma de todos os trabalhos possibilita a elabora\u00e7\u00e3o espont\u00e2nea de um \u201ctodo\u201d, como modelo inicial. Esta estrutura fixa \u00e9 montada como suporte para a participa\u00e7\u00e3o de pessoas de fora, que ser\u00e3o inclusive avisadas pelas m\u00eddias sobre esta possiblidade. povo AR te \u00e9 o motivo, a participa\u00e7\u00e3o do \u201cpovo\u201d \u00e9 importante para que todos assimilem a pr\u00e1tica da Transpar\u00eancia. O desenvolvimento da criatividade na decis\u00e3o dos rumos da pr\u00f3pria vida, pode acontecer tanto a n\u00edvel pessoal como social, atrav\u00e9s desta experi\u00eancia. Afinal um pa\u00eds s\u00f3 se desenvolve quando o povo se desenvolve. Esta \u00e9 uma condi\u00e7\u00e3o \u201csine qua non\u201d.<\/p><p><strong>REALIZA\u00c7\u00c3O<\/strong><\/p><p><strong>Local:<\/strong><\/p><p>SP\/Santo Andr\u00e9.<\/p><p><strong>Artistas:<\/strong><\/p><p>Um time de 12 artistas de diferentes \u00e1reas, incluindo os autores e coordenadores do projeto Sofia Camargo e Thomas E. J. Klasen, mais o Grupo C\u00e9lulas de Transforma\u00e7\u00e3o, premiado pela ONU como proposta inovadora para o desenvolvimento sustent\u00e1vel, constituem a base do povo AR te. S\u00e3o artistas pl\u00e1sticos, cineastas, escritores, perform\u00e1ticos, escultores, m\u00fasicos, teatr\u00f3logos, designers de moda, core\u00f3grafos e grafiteiros, brasileiros e alem\u00e3es. Eles ser\u00e3o escolhidos n\u00e3o somente por suas qualidades art\u00edsticas, mas tamb\u00e9m pela capacidade pedag\u00f3gica de atua\u00e7\u00e3o na Soziale Plastik, que se diferencia de Workshops por n\u00e3o implantar a rela\u00e7\u00e3o professor\/aluno. Ao inv\u00e9s disso, o artista torna se a ferramenta principal do participante para que o mesmo possa desenvolver as pr\u00f3prias ideias. \u00c9 um m\u00e9todo que gera alto \u00edndice de satisfa\u00e7\u00e3o e produ\u00e7\u00e3o simultaneamente. Durante 4 semanas os artistas ser\u00e3o respons\u00e1veis em proporcionar aos participantes do projeto condi\u00e7\u00f5es de que eles desenvolvam sua criatividade, com muita t\u00e9cnica, mas sem julgamento. As obras ser\u00e3o geradas a partir de um \u00fanico tema: TRANPAR\u00caNCIA.<\/p><p><strong>Ateliers:<\/strong><\/p><p>Cada artista monta seu Atelier num ambiente de trabalho aberto e intercomunicativo, os participantes chegam, atuam e, aos poucos, come\u00e7am a perceber o preenchimento dos espa\u00e7os com suas pr\u00f3prias obras. Este \u201csumma summarum\u201d \u00e9 a elabora\u00e7\u00e3o espont\u00e2nea do \u201ctodo\u201d gerado livre e coletivamente. Os pr\u00f3prios Ateliers transformam se no final desta conviv\u00eancia em espa\u00e7o expositivo. Sinergia.<\/p><p><strong>Participantes:<\/strong><\/p><p>Os participantes s\u00e3o a comunidade: da crian\u00e7a ao aposentado, do analfabeto ao acad\u00eamico, da pessoa com necessidades especiais ao superdotado, do porteiro ao manager. Todos s\u00e3o bem vindos na explora\u00e7\u00e3o de seus universos criativos individuais. O projeto tem dois pontos fundamentais: o povo e a arte.<\/p><p><strong>Mesa Redonda:<\/strong><\/p><p>Uma vez por semana ser\u00e3o realizados encontros para reflex\u00e3o, avalia\u00e7\u00e3o e coordena\u00e7\u00e3o das propostas. Tanto os integrantes do projeto como visitantes poder\u00e3o participar desta \u201cmesa redonda\u201d, que ser\u00e1 coordenada pelo Prof. Geraldo Souza Dias, da Universidade de S\u00e3o Paulo\/ECA.<\/p><p><strong>Exposi\u00e7\u00e3o:<\/strong><\/p><p>Ap\u00f3s 3 semanas de \u201cimpulso a\u00e7\u00e3o\u201d, as \u00e1reas interna e externa do edif\u00edcio se transformam em multigaleria. A apresenta\u00e7\u00e3o no espa\u00e7o externo inclui obras iluminadas &#8211; Lichtergalerie. Tanto a exposi\u00e7\u00e3o como o pr\u00f3prio projeto, podem ser levados para outras unidades do SESC em S\u00e3o Paulo ou outras cidades do Brasil.<\/p><p><strong>Continuidade:<\/strong><\/p><p>povo AR te \u00e9 arte transformadora, principalmente atrav\u00e9s de um processo aut\u00f4nomo de continuidade. A transpar\u00eancia n\u00e3o det\u00e9m ideias, pelo contr\u00e1rio, estimula a gera\u00e7\u00e3o das pr\u00f3prias. Esta ideia pode se propagar pelas ruas, bares e bairros da cidade. A expans\u00e3o de uma c\u00e9lula saud\u00e1vel na sociedade, tendo a arte como meio, \u00e9 a base da \u201cSoziale Plastik\u201d.<\/p><p><strong>Direitos Autorais:<\/strong><\/p><p>povo AR te pertence \u00e0 comunidade. Coopera\u00e7\u00e3o com diferentes tipos de m\u00eddia, assim como jornais, redes de televis\u00e3o, revistas, etc., contribuem para a expans\u00e3o do \u201cnovo pensar\u201d.<\/p><p><strong>ESTRUTURA PR\u00c1TICA<\/strong><\/p><p>1. \u00a0A execu\u00e7\u00e3o em 4 semanas do Projeto pode acontecer a partir de janeiro de 2016, levando se em considera\u00e7\u00e3o per\u00edodos de pr\u00e9 e p\u00f3s prepara\u00e7\u00e3o, relacionados \u00e0 viagens, coordena\u00e7\u00e3o, montagem de equipes, pesquisa e compra de material, prepara\u00e7\u00e3o do espa\u00e7o f\u00edsico de trabalho para 12 artistas e algumas mil pessoas.<\/p><p>2. Co curadoria: Tereza de Arruda<\/p><p>3. Representantes em S\u00e3o Paulo: Geraldo Souza Dias e Andr\u00e9 Papineanu<\/p><p>4. Equipe: um time de 12 artistas (vide lista abaixo) brasileiros e alem\u00e3es, incluindo o Grupo C\u00e9lulas de Transforma\u00e7\u00e3o, ser\u00e1 formado pelos autores e coordenadores do projeto. Adicionalmente uma equipe ser\u00e1 especialmente treinada para oferecer monitoria e dar assist\u00eancia aos artistas.<\/p><p>5. Na \u00e1rea de comunica\u00e7\u00e3o os participantes ser\u00e3o atingidos por divulga\u00e7\u00f5es via social m\u00eddia,TV, r\u00e1dio, jornal, cartazes, flyer, etc&#8230;<\/p><p>6. A decis\u00e3o sobre a propriedade das obras, ap\u00f3s a exposi\u00e7\u00e3o, fica a cargo do patrocinador.<\/p><p>7. Cria\u00e7\u00e3o de um Website do projeto povo AR te.<\/p>\t\t\t\t\t\t<\/div>\n\t\t\t\t<\/div>\n\t\t\t\t\t<\/div>\n\t\t\t\t<\/div>\n\t\t\t\t\t\t\t<\/div>\n\t\t","protected":false},"excerpt":{"rendered":"<p>CONCEITO O projeto povo AR te introduz um novo conceito comportamental na sociedade em que \u00e9 aplicado. Voltado para a comunidade geral do SESC, \u00e9 um projeto que abrange milhares de pessoas de todas as faixas et\u00e1rias, culturais e econ\u00f4micas. Ele mostra agora o rumo das estruturas comunit\u00e1rias do futuro, de maneira clara e \u201ctransparente\u201d. [&hellip;]<\/p>\n","protected":false},"author":1,"featured_media":0,"parent":0,"menu_order":0,"comment_status":"closed","ping_status":"closed","template":"elementor_header_footer","meta":{"inline_featured_image":false,"footnotes":""},"class_list":["post-669","page","type-page","status-publish","hentry"],"_links":{"self":[{"href":"https:\/\/qr8or.work\/index.php\/wp-json\/wp\/v2\/pages\/669","targetHints":{"allow":["GET"]}}],"collection":[{"href":"https:\/\/qr8or.work\/index.php\/wp-json\/wp\/v2\/pages"}],"about":[{"href":"https:\/\/qr8or.work\/index.php\/wp-json\/wp\/v2\/types\/page"}],"author":[{"embeddable":true,"href":"https:\/\/qr8or.work\/index.php\/wp-json\/wp\/v2\/users\/1"}],"replies":[{"embeddable":true,"href":"https:\/\/qr8or.work\/index.php\/wp-json\/wp\/v2\/comments?post=669"}],"version-history":[{"count":10,"href":"https:\/\/qr8or.work\/index.php\/wp-json\/wp\/v2\/pages\/669\/revisions"}],"predecessor-version":[{"id":1840,"href":"https:\/\/qr8or.work\/index.php\/wp-json\/wp\/v2\/pages\/669\/revisions\/1840"}],"wp:attachment":[{"href":"https:\/\/qr8or.work\/index.php\/wp-json\/wp\/v2\/media?parent=669"}],"curies":[{"name":"wp","href":"https:\/\/api.w.org\/{rel}","templated":true}]}}