{"id":2298,"date":"2023-12-01T10:25:49","date_gmt":"2023-12-01T13:25:49","guid":{"rendered":"https:\/\/qr8or.work\/?page_id=2298"},"modified":"2023-12-01T10:32:18","modified_gmt":"2023-12-01T13:32:18","slug":"ekbo-pilot-2","status":"publish","type":"page","link":"https:\/\/qr8or.work\/index.php\/ekbo-pilot-2\/","title":{"rendered":"EKBO Pilot"},"content":{"rendered":"\t\t<div data-elementor-type=\"wp-page\" data-elementor-id=\"2298\" class=\"elementor elementor-2298\" data-elementor-post-type=\"page\">\n\t\t\t\t\t\t\t<div class=\"elementor-element elementor-element-4c318e7 e-flex e-con-boxed e-con e-parent\" data-id=\"4c318e7\" data-element_type=\"container\" data-settings=\"{&quot;background_background&quot;:&quot;classic&quot;,&quot;content_width&quot;:&quot;boxed&quot;}\" data-core-v316-plus=\"true\">\n\t\t\t\t\t<div class=\"e-con-inner\">\n\t\t\t\t<div class=\"elementor-element elementor-element-323ff00 elementor-widget elementor-widget-heading\" data-id=\"323ff00\" data-element_type=\"widget\" data-widget_type=\"heading.default\">\n\t\t\t\t<div class=\"elementor-widget-container\">\n\t\t\t<style>\/*! elementor - v3.17.0 - 08-11-2023 *\/\n.elementor-heading-title{padding:0;margin:0;line-height:1}.elementor-widget-heading .elementor-heading-title[class*=elementor-size-]>a{color:inherit;font-size:inherit;line-height:inherit}.elementor-widget-heading .elementor-heading-title.elementor-size-small{font-size:15px}.elementor-widget-heading .elementor-heading-title.elementor-size-medium{font-size:19px}.elementor-widget-heading .elementor-heading-title.elementor-size-large{font-size:29px}.elementor-widget-heading .elementor-heading-title.elementor-size-xl{font-size:39px}.elementor-widget-heading .elementor-heading-title.elementor-size-xxl{font-size:59px}<\/style><h2 class=\"elementor-heading-title elementor-size-default\">EKBO Pilot<\/h2>\t\t<\/div>\n\t\t\t\t<\/div>\n\t\t\t\t<div class=\"elementor-element elementor-element-ffca326 elementor-arrows-position-inside elementor-widget elementor-widget-image-carousel\" data-id=\"ffca326\" data-element_type=\"widget\" data-settings=\"{&quot;slides_to_show&quot;:&quot;1&quot;,&quot;navigation&quot;:&quot;arrows&quot;,&quot;autoplay&quot;:&quot;yes&quot;,&quot;pause_on_hover&quot;:&quot;yes&quot;,&quot;pause_on_interaction&quot;:&quot;yes&quot;,&quot;autoplay_speed&quot;:5000,&quot;infinite&quot;:&quot;yes&quot;,&quot;effect&quot;:&quot;slide&quot;,&quot;speed&quot;:500}\" data-widget_type=\"image-carousel.default\">\n\t\t\t\t<div class=\"elementor-widget-container\">\n\t\t\t<style>\/*! elementor - v3.17.0 - 08-11-2023 *\/\n.elementor-widget-image-carousel .swiper,.elementor-widget-image-carousel .swiper-container{position:static}.elementor-widget-image-carousel .swiper-container .swiper-slide figure,.elementor-widget-image-carousel .swiper .swiper-slide figure{line-height:inherit}.elementor-widget-image-carousel .swiper-slide{text-align:center}.elementor-image-carousel-wrapper:not(.swiper-container-initialized):not(.swiper-initialized) .swiper-slide{max-width:calc(100% \/ var(--e-image-carousel-slides-to-show, 3))}<\/style>\t\t<div class=\"elementor-image-carousel-wrapper swiper-container\" dir=\"ltr\">\n\t\t\t<div class=\"elementor-image-carousel swiper-wrapper\" aria-live=\"off\">\n\t\t\t\t\t\t\t\t<div class=\"swiper-slide\" role=\"group\" aria-roledescription=\"slide\" aria-label=\"1 of 16\"><figure class=\"swiper-slide-inner\"><img decoding=\"async\" class=\"swiper-slide-image\" src=\"https:\/\/qr8or.work\/wp-content\/uploads\/elementor\/thumbs\/EKBO-Pilot-10-ptwhq9enu9qrdw206boitzkvxlyr5jvhceugqmi9s0.jpg\" alt=\"EKBO Pilot 10\" \/><\/figure><\/div><div class=\"swiper-slide\" role=\"group\" aria-roledescription=\"slide\" aria-label=\"2 of 16\"><figure class=\"swiper-slide-inner\"><img decoding=\"async\" class=\"swiper-slide-image\" src=\"https:\/\/qr8or.work\/wp-content\/uploads\/elementor\/thumbs\/68_IMG_8810-c-ptwhi7wddaqg1zqj4ujfi0mwyxlpary5klwwxefj0g.jpg\" alt=\"68_IMG_8810-c\" \/><\/figure><\/div><div class=\"swiper-slide\" role=\"group\" aria-roledescription=\"slide\" aria-label=\"3 of 16\"><figure class=\"swiper-slide-inner\"><img decoding=\"async\" class=\"swiper-slide-image\" src=\"https:\/\/qr8or.work\/wp-content\/uploads\/elementor\/thumbs\/EKBO-Pilot-09-ptwhp9osmkdv4phvyw8p78ldcyut11xoji20i3z8cg.jpg\" alt=\"EKBO Pilot 09\" \/><\/figure><\/div><div class=\"swiper-slide\" role=\"group\" aria-roledescription=\"slide\" aria-label=\"4 of 16\"><figure class=\"swiper-slide-inner\"><img decoding=\"async\" class=\"swiper-slide-image\" src=\"https:\/\/qr8or.work\/wp-content\/uploads\/elementor\/thumbs\/EKBO-Pilot-08-ptwho83916ye8b0i2fzmfi2xlk04h5sf2bylb1iz9c.jpg\" alt=\"EKBO Pilot 08\" \/><\/figure><\/div><div class=\"swiper-slide\" role=\"group\" aria-roledescription=\"slide\" aria-label=\"5 of 16\"><figure class=\"swiper-slide-inner\"><img decoding=\"async\" class=\"swiper-slide-image\" src=\"https:\/\/qr8or.work\/wp-content\/uploads\/elementor\/thumbs\/EKBO-Pilot-07-ptwhn7fjmnk7nihr0i5689byfj0t4yqvxainl91c00.jpg\" alt=\"EKBO Pilot 07\" \/><\/figure><\/div><div class=\"swiper-slide\" role=\"group\" aria-roledescription=\"slide\" aria-label=\"6 of 16\"><figure class=\"swiper-slide-inner\"><img decoding=\"async\" class=\"swiper-slide-image\" src=\"https:\/\/qr8or.work\/wp-content\/uploads\/elementor\/thumbs\/EKBO-Pilot-06-ptwhm4w5ug3gfi1q9jhgw1222qarddhw3zrqwwmh34.jpg\" alt=\"EKBO Pilot 06\" \/><\/figure><\/div><div class=\"swiper-slide\" role=\"group\" aria-roledescription=\"slide\" aria-label=\"7 of 16\"><figure class=\"swiper-slide-inner\"><img decoding=\"async\" class=\"swiper-slide-image\" src=\"https:\/\/qr8or.work\/wp-content\/uploads\/elementor\/thumbs\/EKBO-Pilot-05-ptwhlcp05f0ur76ou7ant868965qygdy0476ilsa9s.jpg\" alt=\"EKBO Pilot 05\" \/><\/figure><\/div><div class=\"swiper-slide\" role=\"group\" aria-roledescription=\"slide\" aria-label=\"8 of 16\"><figure class=\"swiper-slide-inner\"><img decoding=\"async\" class=\"swiper-slide-image\" src=\"https:\/\/qr8or.work\/wp-content\/uploads\/elementor\/thumbs\/EKBO-Pilot-04-ptwhl1exvelevvn2o2f4zb0p4jpce355ykdcra90cg.jpg\" alt=\"EKBO Pilot 04\" \/><\/figure><\/div><div class=\"swiper-slide\" role=\"group\" aria-roledescription=\"slide\" aria-label=\"9 of 16\"><figure class=\"swiper-slide-inner\"><img decoding=\"async\" class=\"swiper-slide-image\" src=\"https:\/\/qr8or.work\/wp-content\/uploads\/elementor\/thumbs\/EKBO-Pilot-03-ptwhkim62pvofoedpuallfrh8ua0452j7zbn5r0vsw.jpg\" alt=\"EKBO Pilot 03\" \/><\/figure><\/div><div class=\"swiper-slide\" role=\"group\" aria-roledescription=\"slide\" aria-label=\"10 of 16\"><figure class=\"swiper-slide-inner\"><img decoding=\"async\" class=\"swiper-slide-image\" src=\"https:\/\/qr8or.work\/wp-content\/uploads\/elementor\/thumbs\/EKBO-Pilot-02-ptwhjg2saiex7nycyvmw97hkw1jycjtjeokqhem0w0.jpg\" alt=\"EKBO Pilot 02\" \/><\/figure><\/div><div class=\"swiper-slide\" role=\"group\" aria-roledescription=\"slide\" aria-label=\"11 of 16\"><figure class=\"swiper-slide-inner\"><img decoding=\"async\" class=\"swiper-slide-image\" src=\"https:\/\/qr8or.work\/wp-content\/uploads\/elementor\/thumbs\/EKBO-2-qg684rqamw2z7p11ce77cpyghfz6nrhon57cufw3cw.jpg\" alt=\"EKBO (2)\" \/><\/figure><\/div><div class=\"swiper-slide\" role=\"group\" aria-roledescription=\"slide\" aria-label=\"12 of 16\"><figure class=\"swiper-slide-inner\"><img decoding=\"async\" class=\"swiper-slide-image\" src=\"https:\/\/qr8or.work\/wp-content\/uploads\/elementor\/thumbs\/EKBO-3-qg684so4tq49jazo6wltx7px2tujvglez9uubpup6o.jpg\" alt=\"EKBO (3)\" \/><\/figure><\/div><div class=\"swiper-slide\" role=\"group\" aria-roledescription=\"slide\" aria-label=\"13 of 16\"><figure class=\"swiper-slide-inner\"><img decoding=\"async\" class=\"swiper-slide-image\" src=\"https:\/\/qr8or.work\/wp-content\/uploads\/elementor\/thumbs\/EKBO-4-qg684tlz0k5juwyb1f0ghphdo7px35p5beibsztb0g.jpg\" alt=\"EKBO (4)\" \/><\/figure><\/div><div class=\"swiper-slide\" role=\"group\" aria-roledescription=\"slide\" aria-label=\"14 of 16\"><figure class=\"swiper-slide-inner\"><img decoding=\"async\" class=\"swiper-slide-image\" src=\"https:\/\/qr8or.work\/wp-content\/uploads\/elementor\/thumbs\/EKBO-5-qg684ujt7e6u6iwxvxf3278u9llaausvnj5ta9rwu8.jpg\" alt=\"EKBO (5)\" \/><\/figure><\/div><div class=\"swiper-slide\" role=\"group\" aria-roledescription=\"slide\" aria-label=\"15 of 16\"><figure class=\"swiper-slide-inner\"><img decoding=\"async\" class=\"swiper-slide-image\" src=\"https:\/\/qr8or.work\/wp-content\/uploads\/elementor\/thumbs\/EKBO-6-qg684vhne884i4vkqftpmp0auzgnijwlzntarjqio0.jpg\" alt=\"EKBO (6)\" \/><\/figure><\/div><div class=\"swiper-slide\" role=\"group\" aria-roledescription=\"slide\" aria-label=\"16 of 16\"><figure class=\"swiper-slide-inner\"><img decoding=\"async\" class=\"swiper-slide-image\" src=\"https:\/\/qr8or.work\/wp-content\/uploads\/elementor\/thumbs\/EKBO-1-qg684vhne884i4vkqftpmp0auzgnijwlzntarjqio0.jpg\" alt=\"EKBO (1)\" \/><\/figure><\/div>\t\t\t<\/div>\n\t\t\t\t\t\t\t\t\t\t\t\t<div class=\"elementor-swiper-button elementor-swiper-button-prev\" role=\"button\" tabindex=\"0\">\n\t\t\t\t\t\t<i aria-hidden=\"true\" class=\"eicon-chevron-left\"><\/i>\t\t\t\t\t<\/div>\n\t\t\t\t\t<div class=\"elementor-swiper-button elementor-swiper-button-next\" role=\"button\" tabindex=\"0\">\n\t\t\t\t\t\t<i aria-hidden=\"true\" class=\"eicon-chevron-right\"><\/i>\t\t\t\t\t<\/div>\n\t\t\t\t\n\t\t\t\t\t\t\t\t\t<\/div>\n\t\t\t\t<\/div>\n\t\t\t\t<\/div>\n\t\t\t\t<div class=\"elementor-element elementor-element-982d4f7 elementor-widget elementor-widget-text-editor\" data-id=\"982d4f7\" data-element_type=\"widget\" data-widget_type=\"text-editor.default\">\n\t\t\t\t<div class=\"elementor-widget-container\">\n\t\t\t<style>\/*! elementor - v3.17.0 - 08-11-2023 *\/\n.elementor-widget-text-editor.elementor-drop-cap-view-stacked .elementor-drop-cap{background-color:#69727d;color:#fff}.elementor-widget-text-editor.elementor-drop-cap-view-framed .elementor-drop-cap{color:#69727d;border:3px solid;background-color:transparent}.elementor-widget-text-editor:not(.elementor-drop-cap-view-default) .elementor-drop-cap{margin-top:8px}.elementor-widget-text-editor:not(.elementor-drop-cap-view-default) .elementor-drop-cap-letter{width:1em;height:1em}.elementor-widget-text-editor .elementor-drop-cap{float:left;text-align:center;line-height:1;font-size:50px}.elementor-widget-text-editor .elementor-drop-cap-letter{display:inline-block}<\/style>\t\t\t\t<p><strong>Pilotprojekt Christ-Baum der EKBO in 4 evangelischen Gemeinden<\/strong><\/p>\n\n<p>Im B\u00fcndnis mit der EKBO (Ev. Kirche Berlin-Brandenburg) stellen wir und 4 evangelische Kirchengemeinden im Bezirk Reinickendorf das Pilotprojekt Christbaum vor.<\/p>\n\n<p>Je nach Wunsch der gemeinsamen Aktivit\u00e4ten kreieren die jeweiligen Kirchengemeinden aus farblich zu gestaltenden Ballon-Laternen Christb\u00e4ume die w\u00e4hrend der Advents- und Weihnachtszeit die Kirchenr\u00e4ume drinnen wie draussen leuchtend schm\u00fccken k\u00f6nnen.<\/p>\n\n\n\t\t\t\t\t\t<\/div>\n\t\t\t\t<\/div>\n\t\t\t\t<div class=\"elementor-element elementor-element-a49cc4b elementor-widget elementor-widget-gallery\" data-id=\"a49cc4b\" data-element_type=\"widget\" data-settings=\"{&quot;columns&quot;:2,&quot;lazyload&quot;:&quot;yes&quot;,&quot;gallery_layout&quot;:&quot;grid&quot;,&quot;columns_tablet&quot;:2,&quot;columns_mobile&quot;:1,&quot;gap&quot;:{&quot;unit&quot;:&quot;px&quot;,&quot;size&quot;:10,&quot;sizes&quot;:[]},&quot;gap_tablet&quot;:{&quot;unit&quot;:&quot;px&quot;,&quot;size&quot;:10,&quot;sizes&quot;:[]},&quot;gap_mobile&quot;:{&quot;unit&quot;:&quot;px&quot;,&quot;size&quot;:10,&quot;sizes&quot;:[]},&quot;link_to&quot;:&quot;file&quot;,&quot;aspect_ratio&quot;:&quot;3:2&quot;,&quot;overlay_background&quot;:&quot;yes&quot;,&quot;content_hover_animation&quot;:&quot;fade-in&quot;}\" data-widget_type=\"gallery.default\">\n\t\t\t\t<div class=\"elementor-widget-container\">\n\t\t\t<style>\/*! pro-elements - v3.17.0 - 01-11-2023 *\/\n.elementor-gallery__container{min-height:1px}.elementor-gallery-item{position:relative;overflow:hidden;display:block;text-decoration:none;border:solid var(--image-border-width) var(--image-border-color);border-radius:var(--image-border-radius)}.elementor-gallery-item__content,.elementor-gallery-item__overlay{height:100%;width:100%;position:absolute;top:0;left:0}.elementor-gallery-item__overlay{mix-blend-mode:var(--overlay-mix-blend-mode);transition-duration:var(--overlay-transition-duration);transition-property:mix-blend-mode,transform,opacity,background-color}.elementor-gallery-item__image.e-gallery-image{transition-duration:var(--image-transition-duration);transition-property:filter,transform}.elementor-gallery-item__content{display:flex;flex-direction:column;justify-content:var(--content-justify-content,center);align-items:center;text-align:var(--content-text-align);padding:var(--content-padding)}.elementor-gallery-item__content>div{transition-duration:var(--content-transition-duration)}.elementor-gallery-item__content.elementor-gallery--sequenced-animation>div:nth-child(2){transition-delay:calc(var(--content-transition-delay) \/ 3)}.elementor-gallery-item__content.elementor-gallery--sequenced-animation>div:nth-child(3){transition-delay:calc(var(--content-transition-delay) \/ 3 * 2)}.elementor-gallery-item__content.elementor-gallery--sequenced-animation>div:nth-child(4){transition-delay:calc(var(--content-transition-delay) \/ 3 * 3)}.elementor-gallery-item__description{color:var(--description-text-color,#fff);width:100%}.elementor-gallery-item__title{color:var(--title-text-color,#fff);font-weight:700;width:100%}.elementor-gallery__titles-container{display:flex;flex-wrap:wrap;justify-content:var(--titles-container-justify-content,center);margin-bottom:20px}.elementor-gallery__titles-container:not(.e--pointer-framed) .elementor-item:after,.elementor-gallery__titles-container:not(.e--pointer-framed) .elementor-item:before{background-color:var(--galleries-pointer-bg-color-hover)}.elementor-gallery__titles-container:not(.e--pointer-framed) .elementor-item.elementor-item-active:after,.elementor-gallery__titles-container:not(.e--pointer-framed) .elementor-item.elementor-item-active:before{background-color:var(--galleries-pointer-bg-color-active)}.elementor-gallery__titles-container.e--pointer-framed .elementor-item:before{border-color:var(--galleries-pointer-bg-color-hover);border-width:var(--galleries-pointer-border-width)}.elementor-gallery__titles-container.e--pointer-framed .elementor-item:after{border-color:var(--galleries-pointer-bg-color-hover)}.elementor-gallery__titles-container.e--pointer-framed .elementor-item.elementor-item-active:after,.elementor-gallery__titles-container.e--pointer-framed .elementor-item.elementor-item-active:before{border-color:var(--galleries-pointer-bg-color-active)}.elementor-gallery__titles-container.e--pointer-framed.e--animation-draw .elementor-item:before{border-left-width:var(--galleries-pointer-border-width);border-bottom-width:var(--galleries-pointer-border-width);border-right-width:0;border-top-width:0}.elementor-gallery__titles-container.e--pointer-framed.e--animation-draw .elementor-item:after{border-left-width:0;border-bottom-width:0;border-right-width:var(--galleries-pointer-border-width);border-top-width:var(--galleries-pointer-border-width)}.elementor-gallery__titles-container.e--pointer-framed.e--animation-corners .elementor-item:before{border-left-width:var(--galleries-pointer-border-width);border-bottom-width:0;border-right-width:0;border-top-width:var(--galleries-pointer-border-width)}.elementor-gallery__titles-container.e--pointer-framed.e--animation-corners .elementor-item:after{border-left-width:0;border-bottom-width:var(--galleries-pointer-border-width);border-right-width:var(--galleries-pointer-border-width);border-top-width:0}.elementor-gallery__titles-container .e--pointer-double-line .elementor-item:after,.elementor-gallery__titles-container .e--pointer-double-line .elementor-item:before,.elementor-gallery__titles-container .e--pointer-overline .elementor-item:before,.elementor-gallery__titles-container .e--pointer-underline .elementor-item:after{height:var(--galleries-pointer-border-width)}.elementor-gallery-title{--space-between:10px;cursor:pointer;color:#6d7882;font-weight:500;position:relative;padding:7px 14px;transition:all .3s}.elementor-gallery-title--active{color:#495157}.elementor-gallery-title:not(:last-child){margin-right:var(--space-between)}.elementor-gallery-item__title+.elementor-gallery-item__description{margin-top:var(--description-margin-top)}.e-gallery-item.elementor-gallery-item{transition-property:all}.e-gallery-item.elementor-animated-content .elementor-animated-item--enter-from-bottom,.e-gallery-item.elementor-animated-content .elementor-animated-item--enter-from-left,.e-gallery-item.elementor-animated-content .elementor-animated-item--enter-from-right,.e-gallery-item.elementor-animated-content .elementor-animated-item--enter-from-top,.e-gallery-item:focus .elementor-gallery__item-overlay-bg,.e-gallery-item:focus .elementor-gallery__item-overlay-content,.e-gallery-item:focus .elementor-gallery__item-overlay-content__description,.e-gallery-item:focus .elementor-gallery__item-overlay-content__title,.e-gallery-item:hover .elementor-gallery__item-overlay-bg,.e-gallery-item:hover .elementor-gallery__item-overlay-content,.e-gallery-item:hover .elementor-gallery__item-overlay-content__description,.e-gallery-item:hover .elementor-gallery__item-overlay-content__title{opacity:1}a.elementor-item.elementor-gallery-title{color:var(--galleries-title-color-normal)}a.elementor-item.elementor-gallery-title.elementor-item-active,a.elementor-item.elementor-gallery-title.highlighted,a.elementor-item.elementor-gallery-title:focus,a.elementor-item.elementor-gallery-title:hover{color:var(--galleries-title-color-hover)}a.elementor-item.elementor-gallery-title.elementor-item-active{color:var(--gallery-title-color-active)}.e-con-inner>.elementor-widget-gallery,.e-con>.elementor-widget-gallery{width:var(--container-widget-width);--flex-grow:var(--container-widget-flex-grow)}<\/style>\t\t<div class=\"elementor-gallery__container\">\n\t\t\t\t\t\t\t<a class=\"e-gallery-item elementor-gallery-item elementor-animated-content\" href=\"https:\/\/qr8or.work\/wp-content\/uploads\/2023\/12\/EKBO-1.jpg\" data-elementor-open-lightbox=\"yes\" data-elementor-lightbox-slideshow=\"a49cc4b\" data-elementor-lightbox-title=\"EKBO (1)\" data-e-action-hash=\"#elementor-action%3Aaction%3Dlightbox%26settings%3DeyJpZCI6MjMwNCwidXJsIjoiaHR0cHM6XC9cL3FyOG9yLndvcmtcL3dwLWNvbnRlbnRcL3VwbG9hZHNcLzIwMjNcLzEyXC9FS0JPLTEuanBnIiwic2xpZGVzaG93IjoiYTQ5Y2M0YiJ9\">\n\t\t\t\t\t<div class=\"e-gallery-image elementor-gallery-item__image\" data-thumbnail=\"https:\/\/qr8or.work\/wp-content\/uploads\/2023\/12\/EKBO-1-300x225.jpg\" data-width=\"300\" data-height=\"225\" aria-label=\"\" role=\"img\" ><\/div>\n\t\t\t\t\t\t\t\t\t\t\t<div class=\"elementor-gallery-item__overlay\"><\/div>\n\t\t\t\t\t\t\t\t\t\t\t\t\t\t<\/a>\n\t\t\t\t\t\t\t<a class=\"e-gallery-item elementor-gallery-item elementor-animated-content\" href=\"https:\/\/qr8or.work\/wp-content\/uploads\/2023\/12\/EKBO-2.jpg\" data-elementor-open-lightbox=\"yes\" data-elementor-lightbox-slideshow=\"a49cc4b\" data-elementor-lightbox-title=\"EKBO (2)\" data-e-action-hash=\"#elementor-action%3Aaction%3Dlightbox%26settings%3DeyJpZCI6MjI5OSwidXJsIjoiaHR0cHM6XC9cL3FyOG9yLndvcmtcL3dwLWNvbnRlbnRcL3VwbG9hZHNcLzIwMjNcLzEyXC9FS0JPLTIuanBnIiwic2xpZGVzaG93IjoiYTQ5Y2M0YiJ9\">\n\t\t\t\t\t<div class=\"e-gallery-image elementor-gallery-item__image\" data-thumbnail=\"https:\/\/qr8or.work\/wp-content\/uploads\/2023\/12\/EKBO-2-300x225.jpg\" data-width=\"300\" data-height=\"225\" aria-label=\"\" role=\"img\" ><\/div>\n\t\t\t\t\t\t\t\t\t\t\t<div class=\"elementor-gallery-item__overlay\"><\/div>\n\t\t\t\t\t\t\t\t\t\t\t\t\t\t<\/a>\n\t\t\t\t\t\t\t<a class=\"e-gallery-item elementor-gallery-item elementor-animated-content\" href=\"https:\/\/qr8or.work\/wp-content\/uploads\/2023\/12\/EKBO-3.jpg\" data-elementor-open-lightbox=\"yes\" data-elementor-lightbox-slideshow=\"a49cc4b\" data-elementor-lightbox-title=\"EKBO (3)\" data-e-action-hash=\"#elementor-action%3Aaction%3Dlightbox%26settings%3DeyJpZCI6MjMwMCwidXJsIjoiaHR0cHM6XC9cL3FyOG9yLndvcmtcL3dwLWNvbnRlbnRcL3VwbG9hZHNcLzIwMjNcLzEyXC9FS0JPLTMuanBnIiwic2xpZGVzaG93IjoiYTQ5Y2M0YiJ9\">\n\t\t\t\t\t<div class=\"e-gallery-image elementor-gallery-item__image\" data-thumbnail=\"https:\/\/qr8or.work\/wp-content\/uploads\/2023\/12\/EKBO-3-225x300.jpg\" data-width=\"225\" data-height=\"300\" aria-label=\"\" role=\"img\" ><\/div>\n\t\t\t\t\t\t\t\t\t\t\t<div class=\"elementor-gallery-item__overlay\"><\/div>\n\t\t\t\t\t\t\t\t\t\t\t\t\t\t<\/a>\n\t\t\t\t\t\t\t<a class=\"e-gallery-item elementor-gallery-item elementor-animated-content\" href=\"https:\/\/qr8or.work\/wp-content\/uploads\/2023\/12\/EKBO-4.jpg\" data-elementor-open-lightbox=\"yes\" data-elementor-lightbox-slideshow=\"a49cc4b\" data-elementor-lightbox-title=\"EKBO (4)\" data-e-action-hash=\"#elementor-action%3Aaction%3Dlightbox%26settings%3DeyJpZCI6MjMwMSwidXJsIjoiaHR0cHM6XC9cL3FyOG9yLndvcmtcL3dwLWNvbnRlbnRcL3VwbG9hZHNcLzIwMjNcLzEyXC9FS0JPLTQuanBnIiwic2xpZGVzaG93IjoiYTQ5Y2M0YiJ9\">\n\t\t\t\t\t<div class=\"e-gallery-image elementor-gallery-item__image\" data-thumbnail=\"https:\/\/qr8or.work\/wp-content\/uploads\/2023\/12\/EKBO-4-225x300.jpg\" data-width=\"225\" data-height=\"300\" aria-label=\"\" role=\"img\" ><\/div>\n\t\t\t\t\t\t\t\t\t\t\t<div class=\"elementor-gallery-item__overlay\"><\/div>\n\t\t\t\t\t\t\t\t\t\t\t\t\t\t<\/a>\n\t\t\t\t\t\t\t<a class=\"e-gallery-item elementor-gallery-item elementor-animated-content\" href=\"https:\/\/qr8or.work\/wp-content\/uploads\/2023\/12\/EKBO-5.jpg\" data-elementor-open-lightbox=\"yes\" data-elementor-lightbox-slideshow=\"a49cc4b\" data-elementor-lightbox-title=\"EKBO (5)\" data-e-action-hash=\"#elementor-action%3Aaction%3Dlightbox%26settings%3DeyJpZCI6MjMwMiwidXJsIjoiaHR0cHM6XC9cL3FyOG9yLndvcmtcL3dwLWNvbnRlbnRcL3VwbG9hZHNcLzIwMjNcLzEyXC9FS0JPLTUuanBnIiwic2xpZGVzaG93IjoiYTQ5Y2M0YiJ9\">\n\t\t\t\t\t<div class=\"e-gallery-image elementor-gallery-item__image\" data-thumbnail=\"https:\/\/qr8or.work\/wp-content\/uploads\/2023\/12\/EKBO-5-225x300.jpg\" data-width=\"225\" data-height=\"300\" aria-label=\"\" role=\"img\" ><\/div>\n\t\t\t\t\t\t\t\t\t\t\t<div class=\"elementor-gallery-item__overlay\"><\/div>\n\t\t\t\t\t\t\t\t\t\t\t\t\t\t<\/a>\n\t\t\t\t\t\t\t<a class=\"e-gallery-item elementor-gallery-item elementor-animated-content\" href=\"https:\/\/qr8or.work\/wp-content\/uploads\/2023\/12\/EKBO-6.jpg\" data-elementor-open-lightbox=\"yes\" data-elementor-lightbox-slideshow=\"a49cc4b\" data-elementor-lightbox-title=\"EKBO (6)\" data-e-action-hash=\"#elementor-action%3Aaction%3Dlightbox%26settings%3DeyJpZCI6MjMwMywidXJsIjoiaHR0cHM6XC9cL3FyOG9yLndvcmtcL3dwLWNvbnRlbnRcL3VwbG9hZHNcLzIwMjNcLzEyXC9FS0JPLTYuanBnIiwic2xpZGVzaG93IjoiYTQ5Y2M0YiJ9\">\n\t\t\t\t\t<div class=\"e-gallery-image elementor-gallery-item__image\" data-thumbnail=\"https:\/\/qr8or.work\/wp-content\/uploads\/2023\/12\/EKBO-6-225x300.jpg\" data-width=\"225\" data-height=\"300\" aria-label=\"\" role=\"img\" ><\/div>\n\t\t\t\t\t\t\t\t\t\t\t<div class=\"elementor-gallery-item__overlay\"><\/div>\n\t\t\t\t\t\t\t\t\t\t\t\t\t\t<\/a>\n\t\t\t\t\t<\/div>\n\t\t\t<\/div>\n\t\t\t\t<\/div>\n\t\t\t\t<div class=\"elementor-element elementor-element-de58164 elementor-widget elementor-widget-text-editor\" data-id=\"de58164\" data-element_type=\"widget\" data-widget_type=\"text-editor.default\">\n\t\t\t\t<div class=\"elementor-widget-container\">\n\t\t\t\t\t\t\t<p>Viele Gemeinden engagieren sich f\u00fcr gesellschaftliche Randgruppen, wie auch f\u00fcr Fl\u00fcchtlinge. In Gemeinden sind junge Menschen aktiv, wird musiziert, zusammen Freizeit verbracht und vor allem der Gottesdienst gefeiert.<\/p><p>Alle sind eingeladen beim Entstehen des gemeinsamen Christbaums mit dabei zu sein. Vor-Kenntnisse sind nicht erforderlich. F\u00fcr jede Weise gibt es eine Art der Beteiligung.<\/p><p>Wohl m\u00f6glich haben Sie im Bezirk Reinickendorf in diesem und im letzten Jahr leuchtende Ausstellungen der Lichtergalerie gesehen. 2015 erschufen Hunderte von Fl\u00fcchtlingen und Berliner_innen auf dem Gel\u00e4nde der Karl-Bonhoeffer-Nervenklinik ein Zeugnis von Gemeinsamkeit.<\/p><p>Dieses Jahr 2016 strahlten an 3 Orten zur Wanderausstellung heimat-los viele Laternen-K\u00f6rper in den \u00f6ffentlichen Raum.<\/p>\t\t\t\t\t\t<\/div>\n\t\t\t\t<\/div>\n\t\t\t\t<div class=\"elementor-element elementor-element-7a09d62 elementor-widget elementor-widget-image\" data-id=\"7a09d62\" data-element_type=\"widget\" data-widget_type=\"image.default\">\n\t\t\t\t<div class=\"elementor-widget-container\">\n\t\t\t<style>\/*! elementor - v3.17.0 - 08-11-2023 *\/\n.elementor-widget-image{text-align:center}.elementor-widget-image a{display:inline-block}.elementor-widget-image a img[src$=\".svg\"]{width:48px}.elementor-widget-image img{vertical-align:middle;display:inline-block}<\/style>\t\t\t\t\t\t\t\t\t\t\t\t<img loading=\"lazy\" decoding=\"async\" width=\"490\" height=\"679\" src=\"https:\/\/qr8or.work\/wp-content\/uploads\/2022\/08\/EKBO-Pilot-12.jpg\" class=\"attachment-large size-large wp-image-377\" alt=\"\" srcset=\"https:\/\/qr8or.work\/wp-content\/uploads\/2022\/08\/EKBO-Pilot-12.jpg 490w, https:\/\/qr8or.work\/wp-content\/uploads\/2022\/08\/EKBO-Pilot-12-216x300.jpg 216w\" sizes=\"auto, (max-width: 490px) 100vw, 490px\" \/>\t\t\t\t\t\t\t\t\t\t\t\t\t\t\t<\/div>\n\t\t\t\t<\/div>\n\t\t\t\t\t<\/div>\n\t\t\t\t<\/div>\n\t\t\t\t\t\t\t<\/div>\n\t\t","protected":false},"excerpt":{"rendered":"<p>EKBO Pilot Pilotprojekt Christ-Baum der EKBO in 4 evangelischen Gemeinden Im B\u00fcndnis mit der EKBO (Ev. Kirche Berlin-Brandenburg) stellen wir und 4 evangelische Kirchengemeinden im Bezirk Reinickendorf das Pilotprojekt Christbaum vor. Je nach Wunsch der gemeinsamen Aktivit\u00e4ten kreieren die jeweiligen Kirchengemeinden aus farblich zu gestaltenden Ballon-Laternen Christb\u00e4ume die w\u00e4hrend der Advents- und Weihnachtszeit die Kirchenr\u00e4ume [&hellip;]<\/p>\n","protected":false},"author":1,"featured_media":0,"parent":0,"menu_order":0,"comment_status":"closed","ping_status":"closed","template":"elementor_header_footer","meta":{"inline_featured_image":false,"footnotes":""},"class_list":["post-2298","page","type-page","status-publish","hentry"],"_links":{"self":[{"href":"https:\/\/qr8or.work\/index.php\/wp-json\/wp\/v2\/pages\/2298","targetHints":{"allow":["GET"]}}],"collection":[{"href":"https:\/\/qr8or.work\/index.php\/wp-json\/wp\/v2\/pages"}],"about":[{"href":"https:\/\/qr8or.work\/index.php\/wp-json\/wp\/v2\/types\/page"}],"author":[{"embeddable":true,"href":"https:\/\/qr8or.work\/index.php\/wp-json\/wp\/v2\/users\/1"}],"replies":[{"embeddable":true,"href":"https:\/\/qr8or.work\/index.php\/wp-json\/wp\/v2\/comments?post=2298"}],"version-history":[{"count":9,"href":"https:\/\/qr8or.work\/index.php\/wp-json\/wp\/v2\/pages\/2298\/revisions"}],"predecessor-version":[{"id":2322,"href":"https:\/\/qr8or.work\/index.php\/wp-json\/wp\/v2\/pages\/2298\/revisions\/2322"}],"wp:attachment":[{"href":"https:\/\/qr8or.work\/index.php\/wp-json\/wp\/v2\/media?parent=2298"}],"curies":[{"name":"wp","href":"https:\/\/api.w.org\/{rel}","templated":true}]}}