{"id":1187,"date":"2022-11-04T13:54:40","date_gmt":"2022-11-04T16:54:40","guid":{"rendered":"https:\/\/qr8or.work\/?page_id=1187"},"modified":"2023-01-03T15:16:48","modified_gmt":"2023-01-03T18:16:48","slug":"kbw-kunst-bauwagen","status":"publish","type":"page","link":"https:\/\/qr8or.work\/index.php\/kbw-kunst-bauwagen\/","title":{"rendered":"KBW Kunst Bauwagen"},"content":{"rendered":"\t\t<div data-elementor-type=\"wp-page\" data-elementor-id=\"1187\" class=\"elementor elementor-1187\" data-elementor-post-type=\"page\">\n\t\t\t\t\t\t\t<div class=\"elementor-element elementor-element-4c318e7 e-flex e-con-boxed e-con e-parent\" data-id=\"4c318e7\" data-element_type=\"container\" data-settings=\"{&quot;background_background&quot;:&quot;classic&quot;,&quot;content_width&quot;:&quot;boxed&quot;}\" data-core-v316-plus=\"true\">\n\t\t\t\t\t<div class=\"e-con-inner\">\n\t\t\t\t<div class=\"elementor-element elementor-element-323ff00 elementor-widget elementor-widget-heading\" data-id=\"323ff00\" data-element_type=\"widget\" data-widget_type=\"heading.default\">\n\t\t\t\t<div class=\"elementor-widget-container\">\n\t\t\t<style>\/*! elementor - v3.17.0 - 08-11-2023 *\/\n.elementor-heading-title{padding:0;margin:0;line-height:1}.elementor-widget-heading .elementor-heading-title[class*=elementor-size-]>a{color:inherit;font-size:inherit;line-height:inherit}.elementor-widget-heading .elementor-heading-title.elementor-size-small{font-size:15px}.elementor-widget-heading .elementor-heading-title.elementor-size-medium{font-size:19px}.elementor-widget-heading .elementor-heading-title.elementor-size-large{font-size:29px}.elementor-widget-heading .elementor-heading-title.elementor-size-xl{font-size:39px}.elementor-widget-heading .elementor-heading-title.elementor-size-xxl{font-size:59px}<\/style><h2 class=\"elementor-heading-title elementor-size-default\">KunstBauWagen\n<\/h2>\t\t<\/div>\n\t\t\t\t<\/div>\n\t\t\t\t<div class=\"elementor-element elementor-element-6c9d67b elementor-widget elementor-widget-image\" data-id=\"6c9d67b\" data-element_type=\"widget\" data-widget_type=\"image.default\">\n\t\t\t\t<div class=\"elementor-widget-container\">\n\t\t\t<style>\/*! elementor - v3.17.0 - 08-11-2023 *\/\n.elementor-widget-image{text-align:center}.elementor-widget-image a{display:inline-block}.elementor-widget-image a img[src$=\".svg\"]{width:48px}.elementor-widget-image img{vertical-align:middle;display:inline-block}<\/style>\t\t\t\t\t\t\t\t\t\t\t\t<img loading=\"lazy\" decoding=\"async\" width=\"300\" height=\"117\" src=\"https:\/\/qr8or.work\/wp-content\/uploads\/2022\/11\/1665414656212blob-300x117.png\" class=\"attachment-medium size-medium wp-image-1189\" alt=\"\" srcset=\"https:\/\/qr8or.work\/wp-content\/uploads\/2022\/11\/1665414656212blob-300x117.png 300w, https:\/\/qr8or.work\/wp-content\/uploads\/2022\/11\/1665414656212blob.png 360w\" sizes=\"auto, (max-width: 300px) 100vw, 300px\" \/>\t\t\t\t\t\t\t\t\t\t\t\t\t\t\t<\/div>\n\t\t\t\t<\/div>\n\t\t\t\t<div class=\"elementor-element elementor-element-f9f48fd elementor-widget elementor-widget-image\" data-id=\"f9f48fd\" data-element_type=\"widget\" data-widget_type=\"image.default\">\n\t\t\t\t<div class=\"elementor-widget-container\">\n\t\t\t\t\t\t\t\t\t\t\t\t\t\t\t<img loading=\"lazy\" decoding=\"async\" width=\"800\" height=\"452\" src=\"https:\/\/qr8or.work\/wp-content\/uploads\/2022\/11\/1665415452085blob-1-1024x579.jpg\" class=\"attachment-large size-large wp-image-1191\" alt=\"\" srcset=\"https:\/\/qr8or.work\/wp-content\/uploads\/2022\/11\/1665415452085blob-1-1024x579.jpg 1024w, https:\/\/qr8or.work\/wp-content\/uploads\/2022\/11\/1665415452085blob-1-300x170.jpg 300w, https:\/\/qr8or.work\/wp-content\/uploads\/2022\/11\/1665415452085blob-1-768x434.jpg 768w, https:\/\/qr8or.work\/wp-content\/uploads\/2022\/11\/1665415452085blob-1.jpg 1305w\" sizes=\"auto, (max-width: 800px) 100vw, 800px\" \/>\t\t\t\t\t\t\t\t\t\t\t\t\t\t\t<\/div>\n\t\t\t\t<\/div>\n\t\t\t\t<div class=\"elementor-element elementor-element-ef0dba0 elementor-widget elementor-widget-text-editor\" data-id=\"ef0dba0\" data-element_type=\"widget\" data-widget_type=\"text-editor.default\">\n\t\t\t\t<div class=\"elementor-widget-container\">\n\t\t\t<style>\/*! elementor - v3.17.0 - 08-11-2023 *\/\n.elementor-widget-text-editor.elementor-drop-cap-view-stacked .elementor-drop-cap{background-color:#69727d;color:#fff}.elementor-widget-text-editor.elementor-drop-cap-view-framed .elementor-drop-cap{color:#69727d;border:3px solid;background-color:transparent}.elementor-widget-text-editor:not(.elementor-drop-cap-view-default) .elementor-drop-cap{margin-top:8px}.elementor-widget-text-editor:not(.elementor-drop-cap-view-default) .elementor-drop-cap-letter{width:1em;height:1em}.elementor-widget-text-editor .elementor-drop-cap{float:left;text-align:center;line-height:1;font-size:50px}.elementor-widget-text-editor .elementor-drop-cap-letter{display:inline-block}<\/style>\t\t\t\t<p><strong>\u201eDie Kunst Wagen\u201c<\/strong><br \/><strong>&#8211; ein inklusives Kultur- und Beratungsprojekt f\u00fcr Reinickendorf<\/strong><br \/><strong>Die Idee<\/strong><br \/>entstand durch die aufsuchende Arbeit mit neu zugezogenen und gefl\u00fcchteten Kindern, Jugendlichen<br \/>und Familien, viele mit besonderen Benachteiligungen, die sich vor allem in Armut, Bildungsferne und<br \/>mangelndem Sprachverm\u00f6gen ausdr\u00fccken. Aber wir haben auch viele Kinder und Erwachsene mit<br \/>besonderen k\u00fcnstlerischen Begabungen und Talenten kennengelernt. Den meisten ist der Zugang zu<br \/>den etablierten Kunst- und Kulturveranstaltungen erschwert.<\/p><p><img loading=\"lazy\" decoding=\"async\" class=\"aligncenter wp-image-1192 size-full\" src=\"https:\/\/qr8or.work\/wp-content\/uploads\/2022\/11\/Screenshot_29.png\" alt=\"\" width=\"608\" height=\"344\" srcset=\"https:\/\/qr8or.work\/wp-content\/uploads\/2022\/11\/Screenshot_29.png 608w, https:\/\/qr8or.work\/wp-content\/uploads\/2022\/11\/Screenshot_29-300x170.png 300w\" sizes=\"auto, (max-width: 608px) 100vw, 608px\" \/><br \/><strong>Die Projektbeschreibung<\/strong><br \/>\u25cf Zwei Bauwagen, die flex\u00edbel aufstellbar sind, je nachdem, welche Fl\u00e4che vorhanden ist und welcher<br \/>Kunstraum gebaut werden soll. An immer wieder anderen Stellen des Bezirks entstehen so<br \/>Begegnungsorte mit niedrigschwelligen, attraktiven Kunst- und Kulturangeboten, die inklusiv<br \/>konzipiert sind, die aufmerksam machen, die zum Mitmachen einladen.<br \/>\u25cf Es entstehen Orte der Diversit\u00e4t, der Begegnung mit Kunst und Kultur, mit Nachbarn, Begegnungen<br \/>zwischen Jung und Alt, zwischen verschiedenen Nutzergruppen.<br \/>\u25cf Die Kunst Wagen laden ein, sich zu bet\u00e4tigen oder einfach nur, sich aufzuhalten \u2013 mit B\u00fcchern, leiser<br \/>Musik, Zeichenmaterial und Gespr\u00e4chsecken mit bequemen, originellen Sitzm\u00f6beln.<br \/>\u25cf Offener Werkstattcharakter: zeichnen, malen, singen, Musik machen, es gibt immer etwas zu tun,<br \/>zu entwerfen, zu reparieren, zu konstruieren: die Gestaltung der Bauwagen, Sitzm\u00f6bel, Tische und<br \/>Abstellfl\u00e4chen entwerfen und bauen.<br \/>\u25cf Die Angebote und die Ausstattung sind nicht an einer Sprache oder einem bestimmten Kulturkreis<br \/>orientiert, sondern allgemein verst\u00e4ndlich und erlebbar, z.B. gibt es B\u00fccher, Spiele und Besch\u00e4ftigungsmaterial aus vielen verschiedenen L\u00e4ndern.<\/p>\t\t\t\t\t\t<\/div>\n\t\t\t\t<\/div>\n\t\t\t\t<div class=\"elementor-element elementor-element-d10e1e8 gallery-spacing-custom elementor-widget elementor-widget-image-gallery\" data-id=\"d10e1e8\" data-element_type=\"widget\" data-widget_type=\"image-gallery.default\">\n\t\t\t\t<div class=\"elementor-widget-container\">\n\t\t\t<style>\/*! elementor - v3.17.0 - 08-11-2023 *\/\n.elementor-image-gallery .gallery-item{display:inline-block;text-align:center;vertical-align:top;width:100%;max-width:100%;margin:0 auto}.elementor-image-gallery .gallery-item img{margin:0 auto}.elementor-image-gallery .gallery-item .gallery-caption{margin:0}.elementor-image-gallery figure img{display:block}.elementor-image-gallery figure figcaption{width:100%}.gallery-spacing-custom .elementor-image-gallery .gallery-icon{padding:0}@media (min-width:768px){.elementor-image-gallery .gallery-columns-2 .gallery-item{max-width:50%}.elementor-image-gallery .gallery-columns-3 .gallery-item{max-width:33.33%}.elementor-image-gallery .gallery-columns-4 .gallery-item{max-width:25%}.elementor-image-gallery .gallery-columns-5 .gallery-item{max-width:20%}.elementor-image-gallery .gallery-columns-6 .gallery-item{max-width:16.666%}.elementor-image-gallery .gallery-columns-7 .gallery-item{max-width:14.28%}.elementor-image-gallery .gallery-columns-8 .gallery-item{max-width:12.5%}.elementor-image-gallery .gallery-columns-9 .gallery-item{max-width:11.11%}.elementor-image-gallery .gallery-columns-10 .gallery-item{max-width:10%}}@media (min-width:480px) and (max-width:767px){.elementor-image-gallery .gallery.gallery-columns-2 .gallery-item,.elementor-image-gallery .gallery.gallery-columns-3 .gallery-item,.elementor-image-gallery .gallery.gallery-columns-4 .gallery-item,.elementor-image-gallery .gallery.gallery-columns-5 .gallery-item,.elementor-image-gallery .gallery.gallery-columns-6 .gallery-item,.elementor-image-gallery .gallery.gallery-columns-7 .gallery-item,.elementor-image-gallery .gallery.gallery-columns-8 .gallery-item,.elementor-image-gallery .gallery.gallery-columns-9 .gallery-item,.elementor-image-gallery .gallery.gallery-columns-10 .gallery-item{max-width:50%}}@media (max-width:479px){.elementor-image-gallery .gallery.gallery-columns-2 .gallery-item,.elementor-image-gallery .gallery.gallery-columns-3 .gallery-item,.elementor-image-gallery .gallery.gallery-columns-4 .gallery-item,.elementor-image-gallery .gallery.gallery-columns-5 .gallery-item,.elementor-image-gallery .gallery.gallery-columns-6 .gallery-item,.elementor-image-gallery .gallery.gallery-columns-7 .gallery-item,.elementor-image-gallery .gallery.gallery-columns-8 .gallery-item,.elementor-image-gallery .gallery.gallery-columns-9 .gallery-item,.elementor-image-gallery .gallery.gallery-columns-10 .gallery-item{max-width:100%}}<\/style>\t\t<div class=\"elementor-image-gallery\">\n\t\t\t<div id='gallery-1' class='gallery galleryid-1187 gallery-columns-4 gallery-size-thumbnail'><figure class='gallery-item'>\n\t\t\t<div class='gallery-icon landscape'>\n\t\t\t\t<a data-elementor-open-lightbox=\"yes\" data-elementor-lightbox-slideshow=\"d10e1e8\" data-elementor-lightbox-title=\"IMG_20201114_162503\" data-e-action-hash=\"#elementor-action%3Aaction%3Dlightbox%26settings%3DeyJpZCI6MTIwMSwidXJsIjoiaHR0cHM6XC9cL3FyOG9yLndvcmtcL3dwLWNvbnRlbnRcL3VwbG9hZHNcLzIwMjJcLzExXC9JTUdfMjAyMDExMTRfMTYyNTAzLXNjYWxlZC5qcGciLCJzbGlkZXNob3ciOiJkMTBlMWU4In0%3D\" href='https:\/\/qr8or.work\/wp-content\/uploads\/2022\/11\/IMG_20201114_162503-scaled.jpg'><img loading=\"lazy\" decoding=\"async\" width=\"150\" height=\"150\" src=\"https:\/\/qr8or.work\/wp-content\/uploads\/2022\/11\/IMG_20201114_162503-150x150.jpg\" class=\"attachment-thumbnail size-thumbnail\" alt=\"\" \/><\/a>\n\t\t\t<\/div><\/figure><figure class='gallery-item'>\n\t\t\t<div class='gallery-icon landscape'>\n\t\t\t\t<a data-elementor-open-lightbox=\"yes\" data-elementor-lightbox-slideshow=\"d10e1e8\" data-elementor-lightbox-title=\"DSCN0292 - Kopie.JPG\" data-e-action-hash=\"#elementor-action%3Aaction%3Dlightbox%26settings%3DeyJpZCI6MTE5MywidXJsIjoiaHR0cHM6XC9cL3FyOG9yLndvcmtcL3dwLWNvbnRlbnRcL3VwbG9hZHNcLzIwMjJcLzExXC9EU0NOMDI5Mi1Lb3BpZS5KUEcuanBnIiwic2xpZGVzaG93IjoiZDEwZTFlOCJ9\" href='https:\/\/qr8or.work\/wp-content\/uploads\/2022\/11\/DSCN0292-Kopie.JPG.jpg'><img loading=\"lazy\" decoding=\"async\" width=\"150\" height=\"150\" src=\"https:\/\/qr8or.work\/wp-content\/uploads\/2022\/11\/DSCN0292-Kopie.JPG-150x150.jpg\" class=\"attachment-thumbnail size-thumbnail\" alt=\"\" \/><\/a>\n\t\t\t<\/div><\/figure><figure class='gallery-item'>\n\t\t\t<div class='gallery-icon landscape'>\n\t\t\t\t<a data-elementor-open-lightbox=\"yes\" data-elementor-lightbox-slideshow=\"d10e1e8\" data-elementor-lightbox-title=\"Barbara Thiele Fotografin\" data-e-action-hash=\"#elementor-action%3Aaction%3Dlightbox%26settings%3DeyJpZCI6MTE5NCwidXJsIjoiaHR0cHM6XC9cL3FyOG9yLndvcmtcL3dwLWNvbnRlbnRcL3VwbG9hZHNcLzIwMjJcLzExXC9CYXJiYXJhLVRoaWVsZS1Gb3RvZ3JhZmluLXNjYWxlZC5qcGciLCJzbGlkZXNob3ciOiJkMTBlMWU4In0%3D\" href='https:\/\/qr8or.work\/wp-content\/uploads\/2022\/11\/Barbara-Thiele-Fotografin-scaled.jpg'><img loading=\"lazy\" decoding=\"async\" width=\"150\" height=\"150\" src=\"https:\/\/qr8or.work\/wp-content\/uploads\/2022\/11\/Barbara-Thiele-Fotografin-150x150.jpg\" class=\"attachment-thumbnail size-thumbnail\" alt=\"\" \/><\/a>\n\t\t\t<\/div><\/figure><figure class='gallery-item'>\n\t\t\t<div class='gallery-icon landscape'>\n\t\t\t\t<a data-elementor-open-lightbox=\"yes\" data-elementor-lightbox-slideshow=\"d10e1e8\" data-elementor-lightbox-title=\"DSCN7771.JPG\" data-e-action-hash=\"#elementor-action%3Aaction%3Dlightbox%26settings%3DeyJpZCI6MTE5NSwidXJsIjoiaHR0cHM6XC9cL3FyOG9yLndvcmtcL3dwLWNvbnRlbnRcL3VwbG9hZHNcLzIwMjJcLzExXC9EU0NONzc3MS5KUEcuanBnIiwic2xpZGVzaG93IjoiZDEwZTFlOCJ9\" href='https:\/\/qr8or.work\/wp-content\/uploads\/2022\/11\/DSCN7771.JPG.jpg'><img loading=\"lazy\" decoding=\"async\" width=\"150\" height=\"150\" src=\"https:\/\/qr8or.work\/wp-content\/uploads\/2022\/11\/DSCN7771.JPG-150x150.jpg\" class=\"attachment-thumbnail size-thumbnail\" alt=\"\" \/><\/a>\n\t\t\t<\/div><\/figure><figure class='gallery-item'>\n\t\t\t<div class='gallery-icon portrait'>\n\t\t\t\t<a data-elementor-open-lightbox=\"yes\" data-elementor-lightbox-slideshow=\"d10e1e8\" data-elementor-lightbox-title=\"P1300106.JPG\" data-e-action-hash=\"#elementor-action%3Aaction%3Dlightbox%26settings%3DeyJpZCI6MTE5NiwidXJsIjoiaHR0cHM6XC9cL3FyOG9yLndvcmtcL3dwLWNvbnRlbnRcL3VwbG9hZHNcLzIwMjJcLzExXC9QMTMwMDEwNi5KUEctc2NhbGVkLmpwZyIsInNsaWRlc2hvdyI6ImQxMGUxZTgifQ%3D%3D\" href='https:\/\/qr8or.work\/wp-content\/uploads\/2022\/11\/P1300106.JPG-scaled.jpg'><img loading=\"lazy\" decoding=\"async\" width=\"150\" height=\"150\" src=\"https:\/\/qr8or.work\/wp-content\/uploads\/2022\/11\/P1300106.JPG-150x150.jpg\" class=\"attachment-thumbnail size-thumbnail\" alt=\"\" \/><\/a>\n\t\t\t<\/div><\/figure><figure class='gallery-item'>\n\t\t\t<div class='gallery-icon landscape'>\n\t\t\t\t<a data-elementor-open-lightbox=\"yes\" data-elementor-lightbox-slideshow=\"d10e1e8\" data-elementor-lightbox-title=\"DSCN7507.JPG\" data-e-action-hash=\"#elementor-action%3Aaction%3Dlightbox%26settings%3DeyJpZCI6MTE5NywidXJsIjoiaHR0cHM6XC9cL3FyOG9yLndvcmtcL3dwLWNvbnRlbnRcL3VwbG9hZHNcLzIwMjJcLzExXC9EU0NONzUwNy5KUEcuanBnIiwic2xpZGVzaG93IjoiZDEwZTFlOCJ9\" href='https:\/\/qr8or.work\/wp-content\/uploads\/2022\/11\/DSCN7507.JPG.jpg'><img loading=\"lazy\" decoding=\"async\" width=\"150\" height=\"150\" src=\"https:\/\/qr8or.work\/wp-content\/uploads\/2022\/11\/DSCN7507.JPG-150x150.jpg\" class=\"attachment-thumbnail size-thumbnail\" alt=\"\" \/><\/a>\n\t\t\t<\/div><\/figure><figure class='gallery-item'>\n\t\t\t<div class='gallery-icon landscape'>\n\t\t\t\t<a data-elementor-open-lightbox=\"yes\" data-elementor-lightbox-slideshow=\"d10e1e8\" data-elementor-lightbox-title=\"Still004\" data-e-action-hash=\"#elementor-action%3Aaction%3Dlightbox%26settings%3DeyJpZCI6MTE5OCwidXJsIjoiaHR0cHM6XC9cL3FyOG9yLndvcmtcL3dwLWNvbnRlbnRcL3VwbG9hZHNcLzIwMjJcLzExXC9TdGlsbDAwNC5qcGciLCJzbGlkZXNob3ciOiJkMTBlMWU4In0%3D\" href='https:\/\/qr8or.work\/wp-content\/uploads\/2022\/11\/Still004.jpg'><img loading=\"lazy\" decoding=\"async\" width=\"150\" height=\"150\" src=\"https:\/\/qr8or.work\/wp-content\/uploads\/2022\/11\/Still004-150x150.jpg\" class=\"attachment-thumbnail size-thumbnail\" alt=\"\" \/><\/a>\n\t\t\t<\/div><\/figure><figure class='gallery-item'>\n\t\t\t<div class='gallery-icon landscape'>\n\t\t\t\t<a data-elementor-open-lightbox=\"yes\" data-elementor-lightbox-slideshow=\"d10e1e8\" data-elementor-lightbox-title=\"Still082(2)\" data-e-action-hash=\"#elementor-action%3Aaction%3Dlightbox%26settings%3DeyJpZCI6MTE5OSwidXJsIjoiaHR0cHM6XC9cL3FyOG9yLndvcmtcL3dwLWNvbnRlbnRcL3VwbG9hZHNcLzIwMjJcLzExXC9TdGlsbDA4MjIuanBnIiwic2xpZGVzaG93IjoiZDEwZTFlOCJ9\" href='https:\/\/qr8or.work\/wp-content\/uploads\/2022\/11\/Still0822.jpg'><img loading=\"lazy\" decoding=\"async\" width=\"150\" height=\"150\" src=\"https:\/\/qr8or.work\/wp-content\/uploads\/2022\/11\/Still0822-150x150.jpg\" class=\"attachment-thumbnail size-thumbnail\" alt=\"\" \/><\/a>\n\t\t\t<\/div><\/figure><figure class='gallery-item'>\n\t\t\t<div class='gallery-icon landscape'>\n\t\t\t\t<a data-elementor-open-lightbox=\"yes\" data-elementor-lightbox-slideshow=\"d10e1e8\" data-elementor-lightbox-title=\"IMG_20201212_001302\" data-e-action-hash=\"#elementor-action%3Aaction%3Dlightbox%26settings%3DeyJpZCI6MTIwMCwidXJsIjoiaHR0cHM6XC9cL3FyOG9yLndvcmtcL3dwLWNvbnRlbnRcL3VwbG9hZHNcLzIwMjJcLzExXC9JTUdfMjAyMDEyMTJfMDAxMzAyLXNjYWxlZC5qcGciLCJzbGlkZXNob3ciOiJkMTBlMWU4In0%3D\" href='https:\/\/qr8or.work\/wp-content\/uploads\/2022\/11\/IMG_20201212_001302-scaled.jpg'><img loading=\"lazy\" decoding=\"async\" width=\"150\" height=\"150\" src=\"https:\/\/qr8or.work\/wp-content\/uploads\/2022\/11\/IMG_20201212_001302-150x150.jpg\" class=\"attachment-thumbnail size-thumbnail\" alt=\"\" \/><\/a>\n\t\t\t<\/div><\/figure>\n\t\t<\/div>\n\t\t<\/div>\n\t\t\t\t<\/div>\n\t\t\t\t<\/div>\n\t\t\t\t\t<\/div>\n\t\t\t\t<\/div>\n\t\t\t\t\t\t\t<\/div>\n\t\t","protected":false},"excerpt":{"rendered":"<p>KunstBauWagen \u201eDie Kunst Wagen\u201c&#8211; ein inklusives Kultur- und Beratungsprojekt f\u00fcr ReinickendorfDie Ideeentstand durch die aufsuchende Arbeit mit neu zugezogenen und gefl\u00fcchteten Kindern, Jugendlichenund Familien, viele mit besonderen Benachteiligungen, die sich vor allem in Armut, Bildungsferne undmangelndem Sprachverm\u00f6gen ausdr\u00fccken. Aber wir haben auch viele Kinder und Erwachsene mitbesonderen k\u00fcnstlerischen Begabungen und Talenten kennengelernt. Den meisten ist [&hellip;]<\/p>\n","protected":false},"author":1,"featured_media":0,"parent":0,"menu_order":0,"comment_status":"closed","ping_status":"closed","template":"elementor_header_footer","meta":{"inline_featured_image":false,"footnotes":""},"class_list":["post-1187","page","type-page","status-publish","hentry"],"_links":{"self":[{"href":"https:\/\/qr8or.work\/index.php\/wp-json\/wp\/v2\/pages\/1187","targetHints":{"allow":["GET"]}}],"collection":[{"href":"https:\/\/qr8or.work\/index.php\/wp-json\/wp\/v2\/pages"}],"about":[{"href":"https:\/\/qr8or.work\/index.php\/wp-json\/wp\/v2\/types\/page"}],"author":[{"embeddable":true,"href":"https:\/\/qr8or.work\/index.php\/wp-json\/wp\/v2\/users\/1"}],"replies":[{"embeddable":true,"href":"https:\/\/qr8or.work\/index.php\/wp-json\/wp\/v2\/comments?post=1187"}],"version-history":[{"count":16,"href":"https:\/\/qr8or.work\/index.php\/wp-json\/wp\/v2\/pages\/1187\/revisions"}],"predecessor-version":[{"id":1805,"href":"https:\/\/qr8or.work\/index.php\/wp-json\/wp\/v2\/pages\/1187\/revisions\/1805"}],"wp:attachment":[{"href":"https:\/\/qr8or.work\/index.php\/wp-json\/wp\/v2\/media?parent=1187"}],"curies":[{"name":"wp","href":"https:\/\/api.w.org\/{rel}","templated":true}]}}