{"id":1158,"date":"2022-11-04T13:31:56","date_gmt":"2022-11-04T16:31:56","guid":{"rendered":"https:\/\/qr8or.work\/?page_id=1158"},"modified":"2023-01-03T15:24:21","modified_gmt":"2023-01-03T18:24:21","slug":"lichtergalerie-kopi","status":"publish","type":"page","link":"https:\/\/qr8or.work\/index.php\/lichtergalerie-kopi\/","title":{"rendered":"LICHTERGALERIE K\u00d6PI"},"content":{"rendered":"\t\t<div data-elementor-type=\"wp-page\" data-elementor-id=\"1158\" class=\"elementor elementor-1158\" data-elementor-post-type=\"page\">\n\t\t\t\t\t\t\t<div class=\"elementor-element elementor-element-4c318e7 e-flex e-con-boxed e-con e-parent\" data-id=\"4c318e7\" data-element_type=\"container\" data-settings=\"{&quot;background_background&quot;:&quot;classic&quot;,&quot;content_width&quot;:&quot;boxed&quot;}\" data-core-v316-plus=\"true\">\n\t\t\t\t\t<div class=\"e-con-inner\">\n\t\t\t\t<div class=\"elementor-element elementor-element-323ff00 elementor-widget elementor-widget-heading\" data-id=\"323ff00\" data-element_type=\"widget\" data-widget_type=\"heading.default\">\n\t\t\t\t<div class=\"elementor-widget-container\">\n\t\t\t<style>\/*! elementor - v3.17.0 - 08-11-2023 *\/\n.elementor-heading-title{padding:0;margin:0;line-height:1}.elementor-widget-heading .elementor-heading-title[class*=elementor-size-]>a{color:inherit;font-size:inherit;line-height:inherit}.elementor-widget-heading .elementor-heading-title.elementor-size-small{font-size:15px}.elementor-widget-heading .elementor-heading-title.elementor-size-medium{font-size:19px}.elementor-widget-heading .elementor-heading-title.elementor-size-large{font-size:29px}.elementor-widget-heading .elementor-heading-title.elementor-size-xl{font-size:39px}.elementor-widget-heading .elementor-heading-title.elementor-size-xxl{font-size:59px}<\/style><h2 class=\"elementor-heading-title elementor-size-default\">LICHTERGALERIE K\u00d6PI<\/h2>\t\t<\/div>\n\t\t\t\t<\/div>\n\t\t\t\t<div class=\"elementor-element elementor-element-d477303 elementor-arrows-position-inside elementor-widget elementor-widget-image-carousel\" data-id=\"d477303\" data-element_type=\"widget\" data-settings=\"{&quot;slides_to_show&quot;:&quot;1&quot;,&quot;navigation&quot;:&quot;arrows&quot;,&quot;autoplay&quot;:&quot;yes&quot;,&quot;pause_on_hover&quot;:&quot;yes&quot;,&quot;pause_on_interaction&quot;:&quot;yes&quot;,&quot;autoplay_speed&quot;:5000,&quot;infinite&quot;:&quot;yes&quot;,&quot;effect&quot;:&quot;slide&quot;,&quot;speed&quot;:500}\" data-widget_type=\"image-carousel.default\">\n\t\t\t\t<div class=\"elementor-widget-container\">\n\t\t\t<style>\/*! elementor - v3.17.0 - 08-11-2023 *\/\n.elementor-widget-image-carousel .swiper,.elementor-widget-image-carousel .swiper-container{position:static}.elementor-widget-image-carousel .swiper-container .swiper-slide figure,.elementor-widget-image-carousel .swiper .swiper-slide figure{line-height:inherit}.elementor-widget-image-carousel .swiper-slide{text-align:center}.elementor-image-carousel-wrapper:not(.swiper-container-initialized):not(.swiper-initialized) .swiper-slide{max-width:calc(100% \/ var(--e-image-carousel-slides-to-show, 3))}<\/style>\t\t<div class=\"elementor-image-carousel-wrapper swiper-container\" dir=\"ltr\">\n\t\t\t<div class=\"elementor-image-carousel swiper-wrapper\" aria-live=\"off\">\n\t\t\t\t\t\t\t\t<div class=\"swiper-slide\" role=\"group\" aria-roledescription=\"slide\" aria-label=\"1 of 4\"><figure class=\"swiper-slide-inner\"><img decoding=\"async\" class=\"swiper-slide-image\" src=\"https:\/\/qr8or.work\/wp-content\/uploads\/elementor\/thumbs\/DSCN1084.JPG-px844pr8iuje7f1yxetdwf8l4f5dwpbv60zb7yfpxg.jpg\" alt=\"DSCN1084.JPG\" \/><\/figure><\/div><div class=\"swiper-slide\" role=\"group\" aria-roledescription=\"slide\" aria-label=\"2 of 4\"><figure class=\"swiper-slide-inner\"><img decoding=\"async\" class=\"swiper-slide-image\" src=\"https:\/\/qr8or.work\/wp-content\/uploads\/elementor\/thumbs\/DSCN1086.JPG-px844tila6ojhuwibgfw6eafhymurhqsijl952a58k.jpg\" alt=\"DSCN1086.JPG\" \/><\/figure><\/div><div class=\"swiper-slide\" role=\"group\" aria-roledescription=\"slide\" aria-label=\"3 of 4\"><figure class=\"swiper-slide-inner\"><img decoding=\"async\" class=\"swiper-slide-image\" src=\"https:\/\/qr8or.work\/wp-content\/uploads\/elementor\/thumbs\/DSCN1091.JPG-px844x9y1itosar1pi2egdc9vi4bma5pv277264iau.jpg\" alt=\"DSCN1091.JPG\" \/><\/figure><\/div><div class=\"swiper-slide\" role=\"group\" aria-roledescription=\"slide\" aria-label=\"4 of 4\"><figure class=\"swiper-slide-inner\"><img decoding=\"async\" class=\"swiper-slide-image\" src=\"https:\/\/qr8or.work\/wp-content\/uploads\/elementor\/thumbs\/IMG_20201208_165459-scaled-px8454snk73zd6g4hlbf0bfyml39buzkk3f2wdtf5w.jpg\" alt=\"hdr\" \/><\/figure><\/div>\t\t\t<\/div>\n\t\t\t\t\t\t\t\t\t\t\t\t<div class=\"elementor-swiper-button elementor-swiper-button-prev\" role=\"button\" tabindex=\"0\">\n\t\t\t\t\t\t<i aria-hidden=\"true\" class=\"eicon-chevron-left\"><\/i>\t\t\t\t\t<\/div>\n\t\t\t\t\t<div class=\"elementor-swiper-button elementor-swiper-button-next\" role=\"button\" tabindex=\"0\">\n\t\t\t\t\t\t<i aria-hidden=\"true\" class=\"eicon-chevron-right\"><\/i>\t\t\t\t\t<\/div>\n\t\t\t\t\n\t\t\t\t\t\t\t\t\t<\/div>\n\t\t\t\t<\/div>\n\t\t\t\t<\/div>\n\t\t\t\t<div class=\"elementor-element elementor-element-ef0dba0 elementor-widget elementor-widget-text-editor\" data-id=\"ef0dba0\" data-element_type=\"widget\" data-widget_type=\"text-editor.default\">\n\t\t\t\t<div class=\"elementor-widget-container\">\n\t\t\t<style>\/*! elementor - v3.17.0 - 08-11-2023 *\/\n.elementor-widget-text-editor.elementor-drop-cap-view-stacked .elementor-drop-cap{background-color:#69727d;color:#fff}.elementor-widget-text-editor.elementor-drop-cap-view-framed .elementor-drop-cap{color:#69727d;border:3px solid;background-color:transparent}.elementor-widget-text-editor:not(.elementor-drop-cap-view-default) .elementor-drop-cap{margin-top:8px}.elementor-widget-text-editor:not(.elementor-drop-cap-view-default) .elementor-drop-cap-letter{width:1em;height:1em}.elementor-widget-text-editor .elementor-drop-cap{float:left;text-align:center;line-height:1;font-size:50px}.elementor-widget-text-editor .elementor-drop-cap-letter{display:inline-block}<\/style>\t\t\t\t<p><span class=\"notion-enable-hover\" data-token-index=\"0\" data-reactroot=\"\">Soziale Kunst der Hoffnung und des friedlichen Zusammenlebens<\/span><\/p>\t\t\t\t\t\t<\/div>\n\t\t\t\t<\/div>\n\t\t\t\t<div class=\"elementor-element elementor-element-3ad7103 elementor-widget elementor-widget-text-editor\" data-id=\"3ad7103\" data-element_type=\"widget\" data-widget_type=\"text-editor.default\">\n\t\t\t\t<div class=\"elementor-widget-container\">\n\t\t\t\t\t\t\t<p>2022\/2023 Lichtergalerie Vattenfall Berlin Mitte K\u00f6penicker Str.<\/p><p>Die LICHTERGALERIE m\u00f6chte mit den Mitteln der Kunst zusammenf\u00fchren was zusammengeh\u00f6rt: die Menschen.<\/p><p>Ob in Einrichtungen, in Schulen oder unter freiem Himmel, zu Hunderten, zu Tausenden sind in \u00fcber 15 Jahren Lichtergalerie kleine und gro\u00dfe Laternenk\u00f6rpern entstanden die in vielen Pr\u00e4sentationen ein Symbol f\u00fcr die Vielfalt aller Menschen, ihres friedlichen Miteinanders und der Mitgestaltung des \u00f6ffentlichen Raums darstellen.<\/p><p>Das gemeinsame Wirken in workshops haben ihren Fokus darin den teilnehmenden Menschen \u00fcber eine sehr niedrigschwellige Partizipation weiter an seine gestalterischen F\u00e4higkeiten heranzuf\u00fchren und mehr Verantwortung f\u00fcr sich (und die Welt) zu \u00fcbernehmen. (Prinzip der \u201eSoziale Plastik\u201c\/ Joseph Beuys).<\/p><p>Was in den bisherigen Lichtergalerien im Stadtgarten vor dem Heizkraftwerk Mitte gelang, sollte in der kommenden Edition nicht anders sein.<\/p>\t\t\t\t\t\t<\/div>\n\t\t\t\t<\/div>\n\t\t\t\t<div class=\"elementor-element elementor-element-d5604ab gallery-spacing-custom elementor-widget elementor-widget-image-gallery\" data-id=\"d5604ab\" data-element_type=\"widget\" data-widget_type=\"image-gallery.default\">\n\t\t\t\t<div class=\"elementor-widget-container\">\n\t\t\t<style>\/*! elementor - v3.17.0 - 08-11-2023 *\/\n.elementor-image-gallery .gallery-item{display:inline-block;text-align:center;vertical-align:top;width:100%;max-width:100%;margin:0 auto}.elementor-image-gallery .gallery-item img{margin:0 auto}.elementor-image-gallery .gallery-item .gallery-caption{margin:0}.elementor-image-gallery figure img{display:block}.elementor-image-gallery figure figcaption{width:100%}.gallery-spacing-custom .elementor-image-gallery .gallery-icon{padding:0}@media (min-width:768px){.elementor-image-gallery .gallery-columns-2 .gallery-item{max-width:50%}.elementor-image-gallery .gallery-columns-3 .gallery-item{max-width:33.33%}.elementor-image-gallery .gallery-columns-4 .gallery-item{max-width:25%}.elementor-image-gallery .gallery-columns-5 .gallery-item{max-width:20%}.elementor-image-gallery .gallery-columns-6 .gallery-item{max-width:16.666%}.elementor-image-gallery .gallery-columns-7 .gallery-item{max-width:14.28%}.elementor-image-gallery .gallery-columns-8 .gallery-item{max-width:12.5%}.elementor-image-gallery .gallery-columns-9 .gallery-item{max-width:11.11%}.elementor-image-gallery .gallery-columns-10 .gallery-item{max-width:10%}}@media (min-width:480px) and (max-width:767px){.elementor-image-gallery .gallery.gallery-columns-2 .gallery-item,.elementor-image-gallery .gallery.gallery-columns-3 .gallery-item,.elementor-image-gallery .gallery.gallery-columns-4 .gallery-item,.elementor-image-gallery .gallery.gallery-columns-5 .gallery-item,.elementor-image-gallery .gallery.gallery-columns-6 .gallery-item,.elementor-image-gallery .gallery.gallery-columns-7 .gallery-item,.elementor-image-gallery .gallery.gallery-columns-8 .gallery-item,.elementor-image-gallery .gallery.gallery-columns-9 .gallery-item,.elementor-image-gallery .gallery.gallery-columns-10 .gallery-item{max-width:50%}}@media (max-width:479px){.elementor-image-gallery .gallery.gallery-columns-2 .gallery-item,.elementor-image-gallery .gallery.gallery-columns-3 .gallery-item,.elementor-image-gallery .gallery.gallery-columns-4 .gallery-item,.elementor-image-gallery .gallery.gallery-columns-5 .gallery-item,.elementor-image-gallery .gallery.gallery-columns-6 .gallery-item,.elementor-image-gallery .gallery.gallery-columns-7 .gallery-item,.elementor-image-gallery .gallery.gallery-columns-8 .gallery-item,.elementor-image-gallery .gallery.gallery-columns-9 .gallery-item,.elementor-image-gallery .gallery.gallery-columns-10 .gallery-item{max-width:100%}}<\/style>\t\t<div class=\"elementor-image-gallery\">\n\t\t\t<div id='gallery-1' class='gallery galleryid-1158 gallery-columns-4 gallery-size-thumbnail'><figure class='gallery-item'>\n\t\t\t<div class='gallery-icon portrait'>\n\t\t\t\t<a data-elementor-open-lightbox=\"yes\" data-elementor-lightbox-slideshow=\"d5604ab\" data-elementor-lightbox-title=\"2IMG_20201024_184821\" data-e-action-hash=\"#elementor-action%3Aaction%3Dlightbox%26settings%3DeyJpZCI6MTE3MywidXJsIjoiaHR0cHM6XC9cL3FyOG9yLndvcmtcL3dwLWNvbnRlbnRcL3VwbG9hZHNcLzIwMjJcLzExXC8ySU1HXzIwMjAxMDI0XzE4NDgyMS1zY2FsZWQuanBnIiwic2xpZGVzaG93IjoiZDU2MDRhYiJ9\" href='https:\/\/qr8or.work\/wp-content\/uploads\/2022\/11\/2IMG_20201024_184821-scaled.jpg'><img loading=\"lazy\" decoding=\"async\" width=\"150\" height=\"150\" src=\"https:\/\/qr8or.work\/wp-content\/uploads\/2022\/11\/2IMG_20201024_184821-150x150.jpg\" class=\"attachment-thumbnail size-thumbnail\" alt=\"\" \/><\/a>\n\t\t\t<\/div><\/figure><figure class='gallery-item'>\n\t\t\t<div class='gallery-icon landscape'>\n\t\t\t\t<a data-elementor-open-lightbox=\"yes\" data-elementor-lightbox-slideshow=\"d5604ab\" data-elementor-lightbox-title=\"bsh\" data-e-action-hash=\"#elementor-action%3Aaction%3Dlightbox%26settings%3DeyJpZCI6MTE3NCwidXJsIjoiaHR0cHM6XC9cL3FyOG9yLndvcmtcL3dwLWNvbnRlbnRcL3VwbG9hZHNcLzIwMjJcLzExXC8ySU1HXzIwMjAxMDI2XzE3MDMyMy1zY2FsZWQuanBnIiwic2xpZGVzaG93IjoiZDU2MDRhYiJ9\" href='https:\/\/qr8or.work\/wp-content\/uploads\/2022\/11\/2IMG_20201026_170323-scaled.jpg'><img loading=\"lazy\" decoding=\"async\" width=\"150\" height=\"150\" src=\"https:\/\/qr8or.work\/wp-content\/uploads\/2022\/11\/2IMG_20201026_170323-150x150.jpg\" class=\"attachment-thumbnail size-thumbnail\" alt=\"\" \/><\/a>\n\t\t\t<\/div><\/figure><figure class='gallery-item'>\n\t\t\t<div class='gallery-icon portrait'>\n\t\t\t\t<a data-elementor-open-lightbox=\"yes\" data-elementor-lightbox-slideshow=\"d5604ab\" data-elementor-lightbox-title=\"2IMG_20201026_172024\" data-e-action-hash=\"#elementor-action%3Aaction%3Dlightbox%26settings%3DeyJpZCI6MTE3NSwidXJsIjoiaHR0cHM6XC9cL3FyOG9yLndvcmtcL3dwLWNvbnRlbnRcL3VwbG9hZHNcLzIwMjJcLzExXC8ySU1HXzIwMjAxMDI2XzE3MjAyNC1zY2FsZWQuanBnIiwic2xpZGVzaG93IjoiZDU2MDRhYiJ9\" href='https:\/\/qr8or.work\/wp-content\/uploads\/2022\/11\/2IMG_20201026_172024-scaled.jpg'><img loading=\"lazy\" decoding=\"async\" width=\"150\" height=\"150\" src=\"https:\/\/qr8or.work\/wp-content\/uploads\/2022\/11\/2IMG_20201026_172024-150x150.jpg\" class=\"attachment-thumbnail size-thumbnail\" alt=\"\" \/><\/a>\n\t\t\t<\/div><\/figure><figure class='gallery-item'>\n\t\t\t<div class='gallery-icon landscape'>\n\t\t\t\t<a data-elementor-open-lightbox=\"yes\" data-elementor-lightbox-slideshow=\"d5604ab\" data-elementor-lightbox-title=\"2IMG_20201208_170005\" data-e-action-hash=\"#elementor-action%3Aaction%3Dlightbox%26settings%3DeyJpZCI6MTE3NiwidXJsIjoiaHR0cHM6XC9cL3FyOG9yLndvcmtcL3dwLWNvbnRlbnRcL3VwbG9hZHNcLzIwMjJcLzExXC8ySU1HXzIwMjAxMjA4XzE3MDAwNS1zY2FsZWQuanBnIiwic2xpZGVzaG93IjoiZDU2MDRhYiJ9\" href='https:\/\/qr8or.work\/wp-content\/uploads\/2022\/11\/2IMG_20201208_170005-scaled.jpg'><img loading=\"lazy\" decoding=\"async\" width=\"150\" height=\"150\" src=\"https:\/\/qr8or.work\/wp-content\/uploads\/2022\/11\/2IMG_20201208_170005-150x150.jpg\" class=\"attachment-thumbnail size-thumbnail\" alt=\"\" \/><\/a>\n\t\t\t<\/div><\/figure><figure class='gallery-item'>\n\t\t\t<div class='gallery-icon landscape'>\n\t\t\t\t<a data-elementor-open-lightbox=\"yes\" data-elementor-lightbox-slideshow=\"d5604ab\" data-elementor-lightbox-title=\"2IMG_20201208_170846\" data-e-action-hash=\"#elementor-action%3Aaction%3Dlightbox%26settings%3DeyJpZCI6MTE3NywidXJsIjoiaHR0cHM6XC9cL3FyOG9yLndvcmtcL3dwLWNvbnRlbnRcL3VwbG9hZHNcLzIwMjJcLzExXC8ySU1HXzIwMjAxMjA4XzE3MDg0Ni1zY2FsZWQuanBnIiwic2xpZGVzaG93IjoiZDU2MDRhYiJ9\" href='https:\/\/qr8or.work\/wp-content\/uploads\/2022\/11\/2IMG_20201208_170846-scaled.jpg'><img loading=\"lazy\" decoding=\"async\" width=\"150\" height=\"150\" src=\"https:\/\/qr8or.work\/wp-content\/uploads\/2022\/11\/2IMG_20201208_170846-150x150.jpg\" class=\"attachment-thumbnail size-thumbnail\" alt=\"\" \/><\/a>\n\t\t\t<\/div><\/figure><figure class='gallery-item'>\n\t\t\t<div class='gallery-icon portrait'>\n\t\t\t\t<a data-elementor-open-lightbox=\"yes\" data-elementor-lightbox-slideshow=\"d5604ab\" data-elementor-lightbox-title=\"3IMG_20200902_113143\" data-e-action-hash=\"#elementor-action%3Aaction%3Dlightbox%26settings%3DeyJpZCI6MTE3OCwidXJsIjoiaHR0cHM6XC9cL3FyOG9yLndvcmtcL3dwLWNvbnRlbnRcL3VwbG9hZHNcLzIwMjJcLzExXC8zSU1HXzIwMjAwOTAyXzExMzE0My1zY2FsZWQuanBnIiwic2xpZGVzaG93IjoiZDU2MDRhYiJ9\" href='https:\/\/qr8or.work\/wp-content\/uploads\/2022\/11\/3IMG_20200902_113143-scaled.jpg'><img loading=\"lazy\" decoding=\"async\" width=\"150\" height=\"150\" src=\"https:\/\/qr8or.work\/wp-content\/uploads\/2022\/11\/3IMG_20200902_113143-150x150.jpg\" class=\"attachment-thumbnail size-thumbnail\" alt=\"\" \/><\/a>\n\t\t\t<\/div><\/figure><figure class='gallery-item'>\n\t\t\t<div class='gallery-icon portrait'>\n\t\t\t\t<a data-elementor-open-lightbox=\"yes\" data-elementor-lightbox-slideshow=\"d5604ab\" data-elementor-lightbox-title=\"3IMG_20200902_113429\" data-e-action-hash=\"#elementor-action%3Aaction%3Dlightbox%26settings%3DeyJpZCI6MTE3OSwidXJsIjoiaHR0cHM6XC9cL3FyOG9yLndvcmtcL3dwLWNvbnRlbnRcL3VwbG9hZHNcLzIwMjJcLzExXC8zSU1HXzIwMjAwOTAyXzExMzQyOS1zY2FsZWQuanBnIiwic2xpZGVzaG93IjoiZDU2MDRhYiJ9\" href='https:\/\/qr8or.work\/wp-content\/uploads\/2022\/11\/3IMG_20200902_113429-scaled.jpg'><img loading=\"lazy\" decoding=\"async\" width=\"150\" height=\"150\" src=\"https:\/\/qr8or.work\/wp-content\/uploads\/2022\/11\/3IMG_20200902_113429-150x150.jpg\" class=\"attachment-thumbnail size-thumbnail\" alt=\"\" \/><\/a>\n\t\t\t<\/div><\/figure><figure class='gallery-item'>\n\t\t\t<div class='gallery-icon portrait'>\n\t\t\t\t<a data-elementor-open-lightbox=\"yes\" data-elementor-lightbox-slideshow=\"d5604ab\" data-elementor-lightbox-title=\"3IMG_20200904_165947\" data-e-action-hash=\"#elementor-action%3Aaction%3Dlightbox%26settings%3DeyJpZCI6MTE4MCwidXJsIjoiaHR0cHM6XC9cL3FyOG9yLndvcmtcL3dwLWNvbnRlbnRcL3VwbG9hZHNcLzIwMjJcLzExXC8zSU1HXzIwMjAwOTA0XzE2NTk0Ny1zY2FsZWQuanBnIiwic2xpZGVzaG93IjoiZDU2MDRhYiJ9\" href='https:\/\/qr8or.work\/wp-content\/uploads\/2022\/11\/3IMG_20200904_165947-scaled.jpg'><img loading=\"lazy\" decoding=\"async\" width=\"150\" height=\"150\" src=\"https:\/\/qr8or.work\/wp-content\/uploads\/2022\/11\/3IMG_20200904_165947-150x150.jpg\" class=\"attachment-thumbnail size-thumbnail\" alt=\"\" \/><\/a>\n\t\t\t<\/div><\/figure><figure class='gallery-item'>\n\t\t\t<div class='gallery-icon landscape'>\n\t\t\t\t<a data-elementor-open-lightbox=\"yes\" data-elementor-lightbox-slideshow=\"d5604ab\" data-elementor-lightbox-title=\"3IMG_20200908_134319\" data-e-action-hash=\"#elementor-action%3Aaction%3Dlightbox%26settings%3DeyJpZCI6MTE2NSwidXJsIjoiaHR0cHM6XC9cL3FyOG9yLndvcmtcL3dwLWNvbnRlbnRcL3VwbG9hZHNcLzIwMjJcLzExXC8zSU1HXzIwMjAwOTA4XzEzNDMxOS1zY2FsZWQuanBnIiwic2xpZGVzaG93IjoiZDU2MDRhYiJ9\" href='https:\/\/qr8or.work\/wp-content\/uploads\/2022\/11\/3IMG_20200908_134319-scaled.jpg'><img loading=\"lazy\" decoding=\"async\" width=\"150\" height=\"150\" src=\"https:\/\/qr8or.work\/wp-content\/uploads\/2022\/11\/3IMG_20200908_134319-150x150.jpg\" class=\"attachment-thumbnail size-thumbnail\" alt=\"\" \/><\/a>\n\t\t\t<\/div><\/figure><figure class='gallery-item'>\n\t\t\t<div class='gallery-icon portrait'>\n\t\t\t\t<a data-elementor-open-lightbox=\"yes\" data-elementor-lightbox-slideshow=\"d5604ab\" data-elementor-lightbox-title=\"4kopi 2022\" data-e-action-hash=\"#elementor-action%3Aaction%3Dlightbox%26settings%3DeyJpZCI6MTE2NiwidXJsIjoiaHR0cHM6XC9cL3FyOG9yLndvcmtcL3dwLWNvbnRlbnRcL3VwbG9hZHNcLzIwMjJcLzExXC80a29waS0yMDIyLmpwZyIsInNsaWRlc2hvdyI6ImQ1NjA0YWIifQ%3D%3D\" href='https:\/\/qr8or.work\/wp-content\/uploads\/2022\/11\/4kopi-2022.jpg'><img loading=\"lazy\" decoding=\"async\" width=\"150\" height=\"150\" src=\"https:\/\/qr8or.work\/wp-content\/uploads\/2022\/11\/4kopi-2022-150x150.jpg\" class=\"attachment-thumbnail size-thumbnail\" alt=\"\" \/><\/a>\n\t\t\t<\/div><\/figure><figure class='gallery-item'>\n\t\t\t<div class='gallery-icon portrait'>\n\t\t\t\t<a data-elementor-open-lightbox=\"yes\" data-elementor-lightbox-slideshow=\"d5604ab\" data-elementor-lightbox-title=\"4kopi\" data-e-action-hash=\"#elementor-action%3Aaction%3Dlightbox%26settings%3DeyJpZCI6MTE2NywidXJsIjoiaHR0cHM6XC9cL3FyOG9yLndvcmtcL3dwLWNvbnRlbnRcL3VwbG9hZHNcLzIwMjJcLzExXC80a29waS5qcGciLCJzbGlkZXNob3ciOiJkNTYwNGFiIn0%3D\" href='https:\/\/qr8or.work\/wp-content\/uploads\/2022\/11\/4kopi.jpg'><img loading=\"lazy\" decoding=\"async\" width=\"150\" height=\"150\" src=\"https:\/\/qr8or.work\/wp-content\/uploads\/2022\/11\/4kopi-150x150.jpg\" class=\"attachment-thumbnail size-thumbnail\" alt=\"\" \/><\/a>\n\t\t\t<\/div><\/figure><figure class='gallery-item'>\n\t\t\t<div class='gallery-icon portrait'>\n\t\t\t\t<a data-elementor-open-lightbox=\"yes\" data-elementor-lightbox-slideshow=\"d5604ab\" data-elementor-lightbox-title=\"4thumbnail\" data-e-action-hash=\"#elementor-action%3Aaction%3Dlightbox%26settings%3DeyJpZCI6MTE2OCwidXJsIjoiaHR0cHM6XC9cL3FyOG9yLndvcmtcL3dwLWNvbnRlbnRcL3VwbG9hZHNcLzIwMjJcLzExXC80dGh1bWJuYWlsLmpwZyIsInNsaWRlc2hvdyI6ImQ1NjA0YWIifQ%3D%3D\" href='https:\/\/qr8or.work\/wp-content\/uploads\/2022\/11\/4thumbnail.jpg'><img loading=\"lazy\" decoding=\"async\" width=\"150\" height=\"150\" src=\"https:\/\/qr8or.work\/wp-content\/uploads\/2022\/11\/4thumbnail-150x150.jpg\" class=\"attachment-thumbnail size-thumbnail\" alt=\"\" \/><\/a>\n\t\t\t<\/div><\/figure><figure class='gallery-item'>\n\t\t\t<div class='gallery-icon landscape'>\n\t\t\t\t<a data-elementor-open-lightbox=\"yes\" data-elementor-lightbox-slideshow=\"d5604ab\" data-elementor-lightbox-title=\"4thumbnaili\" data-e-action-hash=\"#elementor-action%3Aaction%3Dlightbox%26settings%3DeyJpZCI6MTE2OSwidXJsIjoiaHR0cHM6XC9cL3FyOG9yLndvcmtcL3dwLWNvbnRlbnRcL3VwbG9hZHNcLzIwMjJcLzExXC80dGh1bWJuYWlsaS5qcGciLCJzbGlkZXNob3ciOiJkNTYwNGFiIn0%3D\" href='https:\/\/qr8or.work\/wp-content\/uploads\/2022\/11\/4thumbnaili.jpg'><img loading=\"lazy\" decoding=\"async\" width=\"150\" height=\"150\" src=\"https:\/\/qr8or.work\/wp-content\/uploads\/2022\/11\/4thumbnaili-150x150.jpg\" class=\"attachment-thumbnail size-thumbnail\" alt=\"\" \/><\/a>\n\t\t\t<\/div><\/figure><figure class='gallery-item'>\n\t\t\t<div class='gallery-icon landscape'>\n\t\t\t\t<a data-elementor-open-lightbox=\"yes\" data-elementor-lightbox-slideshow=\"d5604ab\" data-elementor-lightbox-title=\"4thumbnaill\" data-e-action-hash=\"#elementor-action%3Aaction%3Dlightbox%26settings%3DeyJpZCI6MTE3MCwidXJsIjoiaHR0cHM6XC9cL3FyOG9yLndvcmtcL3dwLWNvbnRlbnRcL3VwbG9hZHNcLzIwMjJcLzExXC80dGh1bWJuYWlsbC5qcGciLCJzbGlkZXNob3ciOiJkNTYwNGFiIn0%3D\" href='https:\/\/qr8or.work\/wp-content\/uploads\/2022\/11\/4thumbnaill.jpg'><img loading=\"lazy\" decoding=\"async\" width=\"150\" height=\"150\" src=\"https:\/\/qr8or.work\/wp-content\/uploads\/2022\/11\/4thumbnaill-150x150.jpg\" class=\"attachment-thumbnail size-thumbnail\" alt=\"\" \/><\/a>\n\t\t\t<\/div><\/figure><figure class='gallery-item'>\n\t\t\t<div class='gallery-icon portrait'>\n\t\t\t\t<a data-elementor-open-lightbox=\"yes\" data-elementor-lightbox-slideshow=\"d5604ab\" data-elementor-lightbox-title=\"4thumbnaillll\" data-e-action-hash=\"#elementor-action%3Aaction%3Dlightbox%26settings%3DeyJpZCI6MTE3MSwidXJsIjoiaHR0cHM6XC9cL3FyOG9yLndvcmtcL3dwLWNvbnRlbnRcL3VwbG9hZHNcLzIwMjJcLzExXC80dGh1bWJuYWlsbGxsLmpwZyIsInNsaWRlc2hvdyI6ImQ1NjA0YWIifQ%3D%3D\" href='https:\/\/qr8or.work\/wp-content\/uploads\/2022\/11\/4thumbnaillll.jpg'><img loading=\"lazy\" decoding=\"async\" width=\"150\" height=\"150\" src=\"https:\/\/qr8or.work\/wp-content\/uploads\/2022\/11\/4thumbnaillll-150x150.jpg\" class=\"attachment-thumbnail size-thumbnail\" alt=\"\" \/><\/a>\n\t\t\t<\/div><\/figure><figure class='gallery-item'>\n\t\t\t<div class='gallery-icon portrait'>\n\t\t\t\t<a data-elementor-open-lightbox=\"yes\" data-elementor-lightbox-slideshow=\"d5604ab\" data-elementor-lightbox-title=\"4thumbnailu\" data-e-action-hash=\"#elementor-action%3Aaction%3Dlightbox%26settings%3DeyJpZCI6MTE3MiwidXJsIjoiaHR0cHM6XC9cL3FyOG9yLndvcmtcL3dwLWNvbnRlbnRcL3VwbG9hZHNcLzIwMjJcLzExXC80dGh1bWJuYWlsdS5qcGciLCJzbGlkZXNob3ciOiJkNTYwNGFiIn0%3D\" href='https:\/\/qr8or.work\/wp-content\/uploads\/2022\/11\/4thumbnailu.jpg'><img loading=\"lazy\" decoding=\"async\" width=\"150\" height=\"150\" src=\"https:\/\/qr8or.work\/wp-content\/uploads\/2022\/11\/4thumbnailu-150x150.jpg\" class=\"attachment-thumbnail size-thumbnail\" alt=\"\" \/><\/a>\n\t\t\t<\/div><\/figure>\n\t\t<\/div>\n\t\t<\/div>\n\t\t\t\t<\/div>\n\t\t\t\t<\/div>\n\t\t\t\t\t<\/div>\n\t\t\t\t<\/div>\n\t\t\t\t\t\t\t<\/div>\n\t\t","protected":false},"excerpt":{"rendered":"<p>LICHTERGALERIE K\u00d6PI Anterior Pr\u00f3ximo Soziale Kunst der Hoffnung und des friedlichen Zusammenlebens 2022\/2023 Lichtergalerie Vattenfall Berlin Mitte K\u00f6penicker Str. Die LICHTERGALERIE m\u00f6chte mit den Mitteln der Kunst zusammenf\u00fchren was zusammengeh\u00f6rt: die Menschen. Ob in Einrichtungen, in Schulen oder unter freiem Himmel, zu Hunderten, zu Tausenden sind in \u00fcber 15 Jahren Lichtergalerie kleine und gro\u00dfe Laternenk\u00f6rpern [&hellip;]<\/p>\n","protected":false},"author":1,"featured_media":0,"parent":0,"menu_order":0,"comment_status":"closed","ping_status":"closed","template":"elementor_header_footer","meta":{"inline_featured_image":false,"footnotes":""},"class_list":["post-1158","page","type-page","status-publish","hentry"],"_links":{"self":[{"href":"https:\/\/qr8or.work\/index.php\/wp-json\/wp\/v2\/pages\/1158","targetHints":{"allow":["GET"]}}],"collection":[{"href":"https:\/\/qr8or.work\/index.php\/wp-json\/wp\/v2\/pages"}],"about":[{"href":"https:\/\/qr8or.work\/index.php\/wp-json\/wp\/v2\/types\/page"}],"author":[{"embeddable":true,"href":"https:\/\/qr8or.work\/index.php\/wp-json\/wp\/v2\/users\/1"}],"replies":[{"embeddable":true,"href":"https:\/\/qr8or.work\/index.php\/wp-json\/wp\/v2\/comments?post=1158"}],"version-history":[{"count":19,"href":"https:\/\/qr8or.work\/index.php\/wp-json\/wp\/v2\/pages\/1158\/revisions"}],"predecessor-version":[{"id":1824,"href":"https:\/\/qr8or.work\/index.php\/wp-json\/wp\/v2\/pages\/1158\/revisions\/1824"}],"wp:attachment":[{"href":"https:\/\/qr8or.work\/index.php\/wp-json\/wp\/v2\/media?parent=1158"}],"curies":[{"name":"wp","href":"https:\/\/api.w.org\/{rel}","templated":true}]}}