{"id":1146,"date":"2022-11-04T10:17:11","date_gmt":"2022-11-04T13:17:11","guid":{"rendered":"https:\/\/qr8or.work\/?page_id=1146"},"modified":"2023-01-03T15:33:23","modified_gmt":"2023-01-03T18:33:23","slug":"pvc-post-von-corona","status":"publish","type":"page","link":"https:\/\/qr8or.work\/index.php\/pvc-post-von-corona\/","title":{"rendered":"PvC Post von Corona"},"content":{"rendered":"\t\t<div data-elementor-type=\"wp-page\" data-elementor-id=\"1146\" class=\"elementor elementor-1146\" data-elementor-post-type=\"page\">\n\t\t\t\t\t\t\t<div class=\"elementor-element elementor-element-4c318e7 e-flex e-con-boxed e-con e-parent\" data-id=\"4c318e7\" data-element_type=\"container\" data-settings=\"{&quot;background_background&quot;:&quot;classic&quot;,&quot;content_width&quot;:&quot;boxed&quot;}\" data-core-v316-plus=\"true\">\n\t\t\t\t\t<div class=\"e-con-inner\">\n\t\t\t\t<div class=\"elementor-element elementor-element-323ff00 elementor-widget elementor-widget-heading\" data-id=\"323ff00\" data-element_type=\"widget\" data-widget_type=\"heading.default\">\n\t\t\t\t<div class=\"elementor-widget-container\">\n\t\t\t<style>\/*! elementor - v3.17.0 - 08-11-2023 *\/\n.elementor-heading-title{padding:0;margin:0;line-height:1}.elementor-widget-heading .elementor-heading-title[class*=elementor-size-]>a{color:inherit;font-size:inherit;line-height:inherit}.elementor-widget-heading .elementor-heading-title.elementor-size-small{font-size:15px}.elementor-widget-heading .elementor-heading-title.elementor-size-medium{font-size:19px}.elementor-widget-heading .elementor-heading-title.elementor-size-large{font-size:29px}.elementor-widget-heading .elementor-heading-title.elementor-size-xl{font-size:39px}.elementor-widget-heading .elementor-heading-title.elementor-size-xxl{font-size:59px}<\/style><h2 class=\"elementor-heading-title elementor-size-default\">pvc post von corona<\/h2>\t\t<\/div>\n\t\t\t\t<\/div>\n\t\t\t\t<div class=\"elementor-element elementor-element-6c9d67b elementor-widget elementor-widget-image\" data-id=\"6c9d67b\" data-element_type=\"widget\" data-widget_type=\"image.default\">\n\t\t\t\t<div class=\"elementor-widget-container\">\n\t\t\t<style>\/*! elementor - v3.17.0 - 08-11-2023 *\/\n.elementor-widget-image{text-align:center}.elementor-widget-image a{display:inline-block}.elementor-widget-image a img[src$=\".svg\"]{width:48px}.elementor-widget-image img{vertical-align:middle;display:inline-block}<\/style>\t\t\t\t\t\t\t\t\t\t\t\t<img loading=\"lazy\" decoding=\"async\" width=\"473\" height=\"1024\" src=\"https:\/\/qr8or.work\/wp-content\/uploads\/2022\/11\/Post-von-Corona-foto-geral-473x1024.jpg\" class=\"attachment-large size-large wp-image-1148\" alt=\"\" srcset=\"https:\/\/qr8or.work\/wp-content\/uploads\/2022\/11\/Post-von-Corona-foto-geral-473x1024.jpg 473w, https:\/\/qr8or.work\/wp-content\/uploads\/2022\/11\/Post-von-Corona-foto-geral-138x300.jpg 138w, https:\/\/qr8or.work\/wp-content\/uploads\/2022\/11\/Post-von-Corona-foto-geral-768x1664.jpg 768w, https:\/\/qr8or.work\/wp-content\/uploads\/2022\/11\/Post-von-Corona-foto-geral-709x1536.jpg 709w, https:\/\/qr8or.work\/wp-content\/uploads\/2022\/11\/Post-von-Corona-foto-geral-945x2048.jpg 945w, https:\/\/qr8or.work\/wp-content\/uploads\/2022\/11\/Post-von-Corona-foto-geral.jpg 1080w\" sizes=\"auto, (max-width: 473px) 100vw, 473px\" \/>\t\t\t\t\t\t\t\t\t\t\t\t\t\t\t<\/div>\n\t\t\t\t<\/div>\n\t\t\t\t<div class=\"elementor-element elementor-element-ef0dba0 elementor-widget elementor-widget-text-editor\" data-id=\"ef0dba0\" data-element_type=\"widget\" data-widget_type=\"text-editor.default\">\n\t\t\t\t<div class=\"elementor-widget-container\">\n\t\t\t<style>\/*! elementor - v3.17.0 - 08-11-2023 *\/\n.elementor-widget-text-editor.elementor-drop-cap-view-stacked .elementor-drop-cap{background-color:#69727d;color:#fff}.elementor-widget-text-editor.elementor-drop-cap-view-framed .elementor-drop-cap{color:#69727d;border:3px solid;background-color:transparent}.elementor-widget-text-editor:not(.elementor-drop-cap-view-default) .elementor-drop-cap{margin-top:8px}.elementor-widget-text-editor:not(.elementor-drop-cap-view-default) .elementor-drop-cap-letter{width:1em;height:1em}.elementor-widget-text-editor .elementor-drop-cap{float:left;text-align:center;line-height:1;font-size:50px}.elementor-widget-text-editor .elementor-drop-cap-letter{display:inline-block}<\/style>\t\t\t\t<p><strong>Projekt-Idee: POST VON CORONA (PvC)<\/strong><br \/>POST VON CORONA (PvC) ist aus der Sicht von Kindern eine filmische Dokumentation des<br \/>Sch\u00f6neberger-Norden in Zeiten von Corona, und danach. Das Abbilden, das Dokumentieren<br \/>des Gro\u00df-Kiezes ist dann Grundlage f\u00fcr eine filmische Fiktion, wie Kinder aus verschiedenen<br \/>Milieus Wege aus Pandemie und Klimawandel, aus Angst und Isolation heraus in eine<br \/>nachhaltige Zukunft finden k\u00f6nnen.<br \/><strong>SZENARIUM<\/strong><br \/>Wie Corona gleicherma\u00dfen Alte und Junge, wirtschaftlich Arme und Reiche, sozial Starke und<br \/>Schwache ereilte, zeigt sich inmitten der Pandemie die gro\u00dfe Mehrheit der Bev\u00f6lkerung als<br \/>bekennende Demokraten. Als Menschen mit Respekt vor jedem einzelnen Leben und dem<br \/>Wesen einer Gesellschaft des Miteinanders. Es geht eben nur gemeinsam.<br \/>Diese Erkenntnisse haben viele Opfer gebracht. Menschenleben und schwere Erkrankungen.<br \/>Individuelle Freiheiten und Gewohnheiten, die f\u00fcr ewig zu gelten schienen, wurden f\u00fcr ein<br \/>gemeinsames Ziel eingeschr\u00e4nkt.<br \/>Die Pandemie hat den Sch\u00f6neberger-Norden (S-N) ver\u00e4ndert. Doch seit gut 10 Jahren \u00fcberrollt<br \/>den Kiez bereits ein anderer Transformationsprozess. Gentrifizierung hat mit viel Geld von<br \/>\u00fcberall jede*n betroffen gemacht. Alte Strukturen werden verdr\u00e4ngt, l\u00f6sen sich auf.<br \/>Menschen verlieren ihr zu Hause, ihre Heimat. PvC will ein filmisches Dokument dieser Zeit<br \/>sein und f\u00e4ngt dazu die Bilder und die Stimmungen ein.<br \/>Covid-19 kam daher wie ein Hollywood-Szenarium. Es hat \u00fcberrascht, verwirrt, wachger\u00fcttelt,<br \/>sensibilisiert und neu zusammengeschwei\u00dft. Was noch vor kurzer Zeit an generellen SchutzMa\u00dfnahmen unm\u00f6glich erschien fand pl\u00f6tzlich statt. Eine gro\u00dfe Wandlung.<br \/>Doch vieles an sonstigen, existentiellen Bedrohungen f\u00fcr den Menschen auf Erden schaffte<br \/>nicht die Reaktionen die es auch verdient h\u00e4tte.<br \/>Betrifft Covid-19 und seine Ma\u00dfnahmen unmittelbar alle Menschen, so ist, z.B., der Mensch<br \/>gesteuerte Klimawandel ein oft eher schleichendes Ph\u00e4nomen. Doch er wird junge Leute in<br \/>ihrem zu erwartenden Leben stark beeinflussen, in ihrer Existenz bedrohen.<br \/>Wie gehen junge Menschen mit diesem B\u00fcndel an existentiellen Bedrohungen um? Welche<br \/>Visionen von Zukunft gibt es f\u00fcr sie? Welche Vorstellungen eines w\u00fcrdigen \u00dcberlebens haben<br \/>Kinder, welche Konzepte gar gibt es f\u00fcr ein nachhaltiges Leben?<br \/>Basierend auf dem Ist-Zustand, der filmischen Dokumentation des S-N, wollen diese Fragen in<br \/>einer filmischen Fiktion von Kindern ganz unterschiedlicher Herk\u00fcnfte erz\u00e4hlt werden.<br \/><strong>ZIELGRUPPE \/ ZIEL DES PROJEKTS<\/strong><br \/>Dokumentation und Fiktion zusammen sind 1 Film-Werk, ist POST VON CORONA. PvC will ein<br \/>filmisches Sprachrohr von Kindern des S-N sein. Das ist das Ziel des Projekts.<br \/>Aus der Sicht von Kindern (6-14 Jahre), der Zielgruppe von PvC, spiegelt sich der Kiez wie er<br \/>ist. Und Kinder sind die Protagonist*innen des Film-Werks PvC durch die der Wandel eines<br \/>gro\u00dfen Kiezes dokumentiert wird.<br \/>Wie eine Stadt in einer Metropole bietet der einzigartige Sch\u00f6neberger-Norden (S-N) eine<br \/>gro\u00dfe Vielfalt an dokumentationsw\u00fcrdigen Postkarten-Motiven, Locations und Charakteren.<br \/>Eine Handvoll Kinder verschiedener Milieus wollen in dieser Umgebung zeigen mit welchen<br \/>individuellen Erfahrungen und eigenen W\u00fcnschen sie in ihre Zukunft, in eine hoffentlich<br \/>kommende Post-Corona-Zeit gehen.<br \/>PvC will zeigen, welche Wege die Kinder f\u00fcr sich durch das sich st\u00e4ndig mutierende Corona<br \/>gefunden haben. Wie sie mit den vielen weiteren Gefahren und Herausforderungen umgehen<br \/>und mit welch eigenen Vorstellungen sie -ihre- Zukunft gestalten wollen.<br \/>Kinder sind mutig, probieren aus und wollen ihr Leben, ihre Freude am Leben nachhaltig<br \/>ausleben. Sie haben Ideale und lassen ihre Kreativit\u00e4t ohne Hemmungen los. Ein vorbildliches<br \/>Verhalten. Auch f\u00fcr Erwachsene, die nur zu oft davon tr\u00e4umen unbefangen wie ein Kind zu<br \/>sein.<br \/>Dennoch sind Kinder auch Teil einer Gesellschaft von Familie, Schule, Freizeit, Kultur, Sport,<br \/>Medien, etc.. Von Kindern wird viel erwartet und sie leben unter vielen Vorgaben. So ist das<br \/>Tagt\u00e4gliche der Erwachsenen-Welt stets pr\u00e4sent und pr\u00e4gend auf den Wegen in \u2013ihr- Leben.<br \/><strong>PROJEKT-PLAN: SERIE &amp; FILM<\/strong><br \/>Damit ein gro\u00dfes Publikum erreicht werden kann, folgt das Projekt einer Doppel-Strategie.<br \/>Alle Filmaufnahmen, Dokumentation und Fiktion, dienen zun\u00e4chst der Produktion einer Serie<br \/>von 2 Staffeln mit jeweils 3 Episoden (Rest 2021 bis Ende 2022).<br \/>Sp\u00e4ter, zum Schluss des Projekts PvC (Anfang 2023), wird aus der gesamten Serie, als<br \/>Res\u00fcmee, ein Spielfilm von ca. 120 min. zusammenf\u00fcgt.<br \/>Ob Serie oder Film, POST VON CORONA (PvC) besteht <strong>AUS DREI HANDLUNGSSTR\u00c4NGEN<\/strong>:<br \/><strong>1. DOKU &amp; FIKTION &gt; Gefilmt wird nur im Quartier<\/strong><br \/>Wie der \u00f6ffentliche Raum f\u00fcr alle Errungenschaften einer demokratischen Gesellschaft der<br \/>wichtigste Raum ist, so wollen auch die vielen einzelnen Geschichten von PvC hier stattfinden.<br \/>Da die Aktionsr\u00e4ume vieler Kinder sich auf ihren Kiez sowieso beschr\u00e4nken, er somit f\u00fcr sie<br \/>total konkret ist, er zudem zu den Attraktivsten Berlins z\u00e4hlt, bleibt die <strong>Handlung einquartiert<\/strong><br \/><strong>und wird ausschlie\u00dflich im Gebiet des S-N stattfinden<\/strong>. Somit ist die Dokumentation dieses<br \/>Kiezes, in seinen vielen Facetten, mit gro\u00dfen Gegens\u00e4tzen in stadtr\u00e4umlicher Vielfalt, das<br \/>visuelle Fundament in dessen mannigfaltiger Zurschaustellung sich seine Bewohnerschaft,<br \/>vornehmlich die Kinder, als charakterstarker Teil einer Gesamt-Kultur im Wandel zeigt.<br \/><strong>2. DIE ZUKUNFT JETZT PLANEN &amp; SPIELEN<\/strong><br \/>Wie alle Menschen ganz unterschiedslos ihres Alters und Herkunft sich ihre eigenen Gedanken<br \/>machen, ganz eigene Erfahrungen sammeln, sich daraus ganz pers\u00f6nliche R\u00fcckschl\u00fcsse und<br \/>Ideale ergeben, so beginnen Kinder (6-14 Jahre) auch damit und machen sich einen<br \/>(phantastischen Film-) Plan vom Leben, von ihrer Zukunft, testen und starten ihr erwachsenwerden in Corona-Zeiten.<br \/>Was macht ein Kind daran glauben, \u00fcberzeugt zu sein, dass mit den dramatischen Erlebnissen<br \/>bisher in ihrem Leben sie dies und jenes werden wollen und was sie sich f\u00fcr viele, <strong>f\u00fcr die Welt<\/strong><br \/><strong>in Zukunft w\u00fcnschen und wie sich dieses einstellen kann?<\/strong><br \/>All diese Geschichten wollen von den Filmschaffenden erfragt und von den Kindern von PvC<br \/>erz\u00e4hlt und niedergeschrieben, oder gemeinsam erfunden und ausgearbeitet werden.<br \/>Wie viele Beispiele nachfolgend in diesem Konzept aufzeigen, k\u00f6nnen wahrhaftige oder fiktive<br \/>Begebenheiten, wie eines gefundenen Briefes, als POST VON CORONA, eines Traumes in der<br \/>Nacht, der Verk\u00f6rperung einer Comic-Figur, zuf\u00e4llige Begegnungen im Kiez, damit beginnen<br \/>Geschichten und ihre Verwicklungen untereinander zu erz\u00e4hlen.<br \/>So k\u00f6nnten Fragen aufkommen und die Lust an Ver\u00e4nderungen. Warum sind nicht alle unsere<br \/>Lebensmittel gesund? Schlie\u00dflich spielt bei Corona, es haben oder nicht, auch ein schwaches<br \/>oder starkes Immunsystem eine Rolle. M\u00f6glichkeiten des Handelns k\u00f6nnten daraus folgen.<br \/>Gibt es wenig Taschengeld und zu Hause ist es auch sonst knapp k\u00f6nnte eine Besinnung auf<br \/>das Wesentliche (im Leben) und eine Abw\u00e4gung von neuen M\u00f6glichkeiten beginnen.<br \/>Food-sharing beim Bioladen w\u00e4re eine. Und schon sprie\u00dfen neue Kontakte. Und auch selbst<br \/>kann durch eigenes G\u00e4rtnern neues Leben gedeihen. So kann im Kiezgarten in der Frobenstr.<br \/>ein neuer Treffpunkt heranwachsen. An der Schnittstelle zum nahen Spielplatz erwachsen<br \/>neue Begegnungen und Kenntnisse vom Sozialleben anderer Kinder am Bauwagen im<br \/>Klettergarten in der Alvenslebenstr. und im Garten am Pallasseum. Alles Handlungs-Beispiele.<br \/>Viele solcher Begegnungen sind Initialz\u00fcndungen f\u00fcr neue Bekanntschaften. Sie \u00f6ffnen neue<br \/>Horizonte, f\u00fchren zu Alternativen, werden zu einem eigenen Plan. Die Perspektive wechselt.<br \/><strong>Die Kraft die das erm\u00f6glich ist das Kind. In uns allen<\/strong>.<br \/>Die Antithese zum Bestehenden wird mit Enthusiasmus von jedem Kind ausgelebt, entwickelt<br \/>sich weiter und findet in immer neuen Etappen mehr und mehr statt.<br \/><strong>3. REALIT\u00c4T, RESILIENZ &amp; TATEN<\/strong><br \/>Wir alle werden in eine Welt hineingeboren, wachsen mit Erwachsenen auf, leben in<br \/>Traditionen und Milieus, sind Teil einer Gesellschaft die sich mit Ver\u00e4nderungen schwertut.<br \/>Wer was als Kind ver\u00e4ndern m\u00f6chte landet oft an den Grenzen der Erwachsenen-Welt oder<br \/>wird ausgegrenzt. Welches Kind m\u00f6chte das schon?<br \/><strong>Social Media<\/strong> banalisieren und skandalisieren. Bestimmtes Verhalten und Aussehen wird<br \/>idealisiert. Anders zu sein hingegen diskriminiert. Das macht Angst vor der eigenen Courage.<br \/>In einer Welt, die eh schon voller Panik und Hysterie ist.<br \/>Viele Kinder im S-N haben Verwandte in der Provinz und oft solche weit weg in fernen<br \/>Kulturen, manche sogar in Kriegsgebieten. Der Menschen Lebensstil dort und ihr Umgang mit<br \/>Corona und sonstigen Krisen sind oft ganz anders. Social media macht auch dasin PvC pr\u00e4sent.<br \/>Wie die Menschen in der Ferne von Angesicht zu Angesicht per smart-Phone Einfluss auf das<br \/>Leben der Kinder hier aus\u00fcben.<br \/>Obwohl Kinder nicht zur eigentlichen Risiko-Gruppe geh\u00f6ren, mussten sie ihr Sozial-Leben in<br \/>Schule und Freizeit stark einschr\u00e4nken. Ohne ein passendes Vakzin stellen Erwachsene Kinder<br \/>oft an den Pranger und verd\u00e4chtigen sie der Ausbreitung von Corona. Hat Corona und Isolation<br \/>Kinder depressiv gemacht, sie der Wegfall des Pr\u00e4senz-Unterrichts nicht weitergebildet?<br \/>Oder sind Kinder flexibel, sind digital wie nie und haben l\u00e4ngst auf ihre Art gelernt zu lernen<br \/>und verstanden mit elementaren Krisen umzugehen?<br \/>Wie die bestehende Welt das Werden der Kinder beeinflusst (sog. Erziehung), <strong>wie sie hierin<\/strong><br \/><strong>versuchen mit ihren Idealen die Balance zu bewahren und eine nachhaltige Perspektive f\u00fcr<\/strong><br \/><strong>sich und die Welt zu entdecken, sie auszuleben<\/strong> ist die Synthese und der 3. Handlungsstrang<br \/>von POST VON CORONA (PvC).<br \/><strong>WIRD ES EIN HAPPY END GEBEN?<\/strong><br \/>PvC wei\u00df es nicht. Das Ende ist spannend, es bleibt offen. Wie im wahren Leben. Auch in PvC<br \/>ist die Hoffnung gro\u00df auf ein happy end.<br \/>Dennoch, POST VON CORONA (PvC) will mehr sein als eine scheinbar fiktive Ansammlung<br \/>unterschiedlicher, mit einander verwickelter stories. PvC versucht den (Zeit-)Geist der jungen<br \/>Menschen mit wahrhaftigen Geschichten als Film-Werk einzufangen.<br \/><strong>Vor-Produktion\/Teil 1:<\/strong> Zun\u00e4chst will der S-N in all seinen Winkeln erkundet werden. Und<br \/>Corona in seinen vielschichtigen Perspektiven von Wissenschaft und Gesellschaft vollst\u00e4ndig<br \/>verstanden werden. Viele M\u00f6glichkeiten von Handlungsfolgen leiten sich hieraus ab.<br \/>Da will das Team f\u00fcr die Filmaufnahmen, Leute zumeist aus dem S-N, zusammengestellt und<br \/>vorbereitet sein. Ebenso Musiker*innen die beim Dreh bereits die Filmmusiken spielen sollen.<br \/>Die Auswahl der jungen Protagonist*innen, das <strong>Casting,<\/strong> ist elementar um eine m\u00f6glichst<br \/>authentische und repr\u00e4sentative Auswahl der Schauspieler*innen zu haben. Ihre eigenen<br \/>Ideen von Zukunft sind wichtig. Auch ist mit ihnen der S-N filmisch so einzufangen, wie er sich<br \/>f\u00fcr die Menschen vor Ort anf\u00fchlt. F\u00fcr das Casting wird \u00fcberall im S-N mittels Plakate, Flyer,<br \/>social media und unserer Pr\u00e4senz in vielen Einrichtungen geworben. Im Umfeld der<br \/>auserw\u00e4hlten Kinder sollten dann auch mitspielende Erwachsene gefunden werden.<br \/>Aus den vielen wahrhaftigen und fiktiven Einzel-Geschichten der Schauspielenden entsteht<br \/>dann auf Basis eines Grund-Handlungs-Korsetts ein Drehbuch.<br \/><strong>Produktion\/Teil 1:<\/strong> Ist die Dichte im <strong>Drehbuch<\/strong> dann hoch, die Spannung auch, der <strong>Drehplan<\/strong><br \/>ausgearbeitet <strong>beginnt der Dreh<\/strong> zu den ersten drei Folgen der ersten Staffel.<br \/>Unter den jeweils aktuellen Bedingungen und nat\u00fcrlich innerhalb dessen was Kinder k\u00f6nnen,<br \/>wollen und d\u00fcrfen, wird regelm\u00e4\u00dfig gefilmt.<br \/>Dann werden das Drehbuch, die darin geschriebenen Rollen, die Charaktere von den Kindern<br \/>gespielt. Sie werden lebendig. Innerhalb der Dokumentation des Kiezes.<br \/>Durch spontane Eingebungen kann das Gespielte vom Drehbuch abweichen und sich jederzeit<br \/>weiterentwickeln. Ist so gelebte Resilienz. Einer der besonderen St\u00e4rken von Kindern. Sie ist<br \/>mit Kreativit\u00e4t und Vertrauen verbunden. Trotz aller Vereinbarungen, (gut gemeinter)<br \/>Bevormundung, sich immer wieder die Freiheit zu g\u00f6nnen, sich neuen Sichtweisen und<br \/>Zukunft zu \u00f6ffnen, ist ein beispielhafter Wesenszug der Jugend.<br \/><strong>Post-Produktion\/Teil 1:<\/strong> Sind die Dreharbeiten der ersten Staffel beendet, beginnt die<br \/><strong>Sichtung und der Schnitt.<\/strong> Nach einer genauen Abw\u00e4gung soll dann eine jede Episode ca. 30<br \/>min. L\u00e4nge haben. Nach der Fertigstellung der ersten Staffel beginnt der erste Teil der<br \/><strong>Ver\u00f6ffentlichungen<\/strong>. Sicherlich ist ein Medium das Internet. Wohl auch das Kino.<br \/><strong>Vor-Produktion\/Teil 2:<\/strong> Ist der erste Teil der Serie vollbracht, beginnt die <strong>Zeit der Reflexionen<\/strong><br \/>und die der Vorbereitungen zur zweiten Staffel.<br \/>Welche Erfahrungen und R\u00fcckschl\u00fcsse zieht das Team, vor allem die jungen<br \/>Protagonist*innen, aus dem Bisherigen? Wie war die Resonanz? Wie war Kritik? Was sind die<br \/>Vorschl\u00e4ge der community? Wie \u00fcberzeugend sind die bisherigen Ans\u00e4tze und was muss im<br \/>Drehbuch \u00fcberarbeitet werden? <strong>Was wird noch kommen?<\/strong><br \/>Was machte zwischenzeitlich das gesellschaftliche Umfeld? War es irgendwann die Impfung<br \/>die half? Wird sich die Schere von Arm &amp; Reich um die Variante gesch\u00fctzt und ungesch\u00fctzt<br \/>erweitern? Hier und global. Mussten noch lockdowns folgen? Oder war Corona irgendwann<br \/>gelebter Alltag? All diese Details flie\u00dfen in das Drehbuch zur zweiten Staffel ein.<br \/><strong>Produktion\/Teil 2:<\/strong><br \/>Ist die erste Staffel ein Portrait des S-N und der jungen Protagonist*innen, eine<br \/>Dokumentation, aber auch der Beginn einer gelebten Fiktion, einer Vision von Morgen. So ist<br \/>die zweite Staffel ihr Hinterfragen, ein Fakten-check, die finale Ausarbeitung, das Werden.<br \/>\u00c4lter und erfahrener sind die Protagonist*innen geworden. Sie hatten begonnen eine (Film-)<br \/>Fiktion zu erschaffen, sie gespielt und durchlebt. Sie ist nun Teil ihrer Existenz. Zukunft ist da<br \/>und gestaltbar wie nie zuvor. Was wird nun daraus? Bleibt sie bestehen, ist sie nachhaltig?<br \/>Sollte die Schauspieler*innen und ihre Fiktion im Film-Werk \u00fcberzeugen, so k\u00f6nnen<br \/><strong>workshops<\/strong> f\u00fcr <strong>Theater<\/strong> und <strong>Gesang, Aussprache<\/strong> und <strong>Tanz<\/strong> sie auch besonders vorbereiten.<br \/>Ebenso kann der Bau von <strong>Film-Kulissen<\/strong>, fiktiver R\u00e4ume, auch verbunden mit <strong>moderner<\/strong><br \/><strong>Technik<\/strong>, eine Option sein gemeinsam kreativ zu sein und PvC dabei unterst\u00fctzen noch<br \/>authentischer zu sein.<br \/><strong>Post-Produktion\/Teil 2 &amp; 3:<\/strong> Aus der 2. Produktion wird die 2. Staffel der Serie erstellt. Als<br \/>Kompaktversion entsteht aus Staffel 1 &amp; 2 zus\u00e4tzlich das Gesamt-Werk von PvC als <strong>Spielfilm.<\/strong><br \/>Neben dem Internet sollten so auch Film-Spielst\u00e4tten und Film-Festivals gefunden werden.<br \/><strong>ERFAHRUNGEN<\/strong><br \/>In allen Teil-Kiezen des S-N waren wir bereits aktiv. Haben gro\u00dfe Kunst-Projekte durchgef\u00fchrt,<br \/>wie unvergessliche Lichtergalerien (2007 &amp; 2009 in der Steinmetzstr.); die W\u00fcrfel-Gestaltung<br \/>in der Maassenstr. mit Hunderten TN; Spreewaldschule; Gr\u00fcne Tore &amp; Stra\u00dfenfeste; viele<br \/>KinderKunstGalerien und KinderKunstAktionen, von 2003 bis heute. Das macht sensibel wer<br \/>der S-N ist, was l\u00e4uft, wer die Menschen sind und was Kinder sich w\u00fcnschen.<br \/>Obwohl eher plastische Kunst mit uns in Verbindung gebracht wird, so sind unsere K\u00fcnstlerVitassehr eng mit Film &amp; Foto verbunden. Sofia Camargo studierte Malerei in Berlin, Werbung<br \/>&amp; Marketing in Brasilien und produzierte eine Reihe pr\u00e4mierter Filme mit internationalen<br \/>Agenturen. Thomas E.J. Klasen studierte an der UdK bei Valie Export visuelle Kommunikation.<br \/>Ein gemeinsam produzierter Film hatte Pr\u00e4sentationen bis nach San Francisco. In Brasilien<br \/>entstand der Spielfilm \u201eCre-Ser\u201c. In 2016\/21 folgte die Doku zu Venedigs Architektur Biennale<br \/>\u201eGrandi Nave\u201c. 2020\/21 wurde ein weiteres Filmwerk im Kulmer Kiezrealisiert, von kindlichen<br \/>Autoren selbst geschrieben und gemeinsam mit uns umgesetzt. Der Film \u201cKRIMI IN KIEZ\u201c<br \/>wurde extra f\u00fcr das REC-Filmfestival in der UFA-Fabrik konzipiert.<br \/><strong>PARTNER<\/strong>: Viele der Einrichtungen im S-N, deren Arbeit die Soziale Stadt ver\u00e4ndert hat, werden kooperieren. Die Kieze von P12, Villa Sch\u00f6neberg, MGH Steinmetzstr., JugendKunstPaten<br \/>e.V. (Kulmer Kiez) verteilen sich im S-N. In deren Umfeld werden sich auch die Zielgruppe, die<br \/>jungen Protagonist*innen, finden lassen. PvC wird es beweisen.<br \/>UdK (Film\/Kleistpark) mit Student*innen, Wohnungsbaugesellschaften, wie Gewobag, sind<br \/>ebenso lokale Partner.<br \/><strong>PROMINENTE<\/strong>: Im S-N leben auch viele bekannte Kulturschaffende. Ein, zwei derart Personen<br \/>wollen wir gewinnen um schauspielerisch in PvC zu gl\u00e4nzen und mit PvC eine Patenschaft zu<br \/>\u00fcbernehmen.<\/p>\t\t\t\t\t\t<\/div>\n\t\t\t\t<\/div>\n\t\t\t\t<div class=\"elementor-element elementor-element-17cba59 elementor-widget elementor-widget-image\" data-id=\"17cba59\" data-element_type=\"widget\" data-widget_type=\"image.default\">\n\t\t\t\t<div class=\"elementor-widget-container\">\n\t\t\t\t\t\t\t\t\t\t\t\t\t\t\t<img loading=\"lazy\" decoding=\"async\" width=\"768\" height=\"1024\" src=\"https:\/\/qr8or.work\/wp-content\/uploads\/2022\/11\/Urban-Nation-Kiron-768x1024.jpg\" class=\"attachment-large size-large wp-image-1149\" alt=\"\" srcset=\"https:\/\/qr8or.work\/wp-content\/uploads\/2022\/11\/Urban-Nation-Kiron-768x1024.jpg 768w, https:\/\/qr8or.work\/wp-content\/uploads\/2022\/11\/Urban-Nation-Kiron-225x300.jpg 225w, https:\/\/qr8or.work\/wp-content\/uploads\/2022\/11\/Urban-Nation-Kiron-1152x1536.jpg 1152w, https:\/\/qr8or.work\/wp-content\/uploads\/2022\/11\/Urban-Nation-Kiron-1536x2048.jpg 1536w, https:\/\/qr8or.work\/wp-content\/uploads\/2022\/11\/Urban-Nation-Kiron-scaled.jpg 1920w\" sizes=\"auto, (max-width: 768px) 100vw, 768px\" \/>\t\t\t\t\t\t\t\t\t\t\t\t\t\t\t<\/div>\n\t\t\t\t<\/div>\n\t\t\t\t\t<\/div>\n\t\t\t\t<\/div>\n\t\t\t\t\t\t\t<\/div>\n\t\t","protected":false},"excerpt":{"rendered":"<p>pvc post von corona Projekt-Idee: POST VON CORONA (PvC)POST VON CORONA (PvC) ist aus der Sicht von Kindern eine filmische Dokumentation desSch\u00f6neberger-Norden in Zeiten von Corona, und danach. Das Abbilden, das Dokumentierendes Gro\u00df-Kiezes ist dann Grundlage f\u00fcr eine filmische Fiktion, wie Kinder aus verschiedenenMilieus Wege aus Pandemie und Klimawandel, aus Angst und Isolation heraus in [&hellip;]<\/p>\n","protected":false},"author":1,"featured_media":0,"parent":0,"menu_order":0,"comment_status":"closed","ping_status":"closed","template":"elementor_header_footer","meta":{"inline_featured_image":false,"footnotes":""},"class_list":["post-1146","page","type-page","status-publish","hentry"],"_links":{"self":[{"href":"https:\/\/qr8or.work\/index.php\/wp-json\/wp\/v2\/pages\/1146","targetHints":{"allow":["GET"]}}],"collection":[{"href":"https:\/\/qr8or.work\/index.php\/wp-json\/wp\/v2\/pages"}],"about":[{"href":"https:\/\/qr8or.work\/index.php\/wp-json\/wp\/v2\/types\/page"}],"author":[{"embeddable":true,"href":"https:\/\/qr8or.work\/index.php\/wp-json\/wp\/v2\/users\/1"}],"replies":[{"embeddable":true,"href":"https:\/\/qr8or.work\/index.php\/wp-json\/wp\/v2\/comments?post=1146"}],"version-history":[{"count":19,"href":"https:\/\/qr8or.work\/index.php\/wp-json\/wp\/v2\/pages\/1146\/revisions"}],"predecessor-version":[{"id":1843,"href":"https:\/\/qr8or.work\/index.php\/wp-json\/wp\/v2\/pages\/1146\/revisions\/1843"}],"wp:attachment":[{"href":"https:\/\/qr8or.work\/index.php\/wp-json\/wp\/v2\/media?parent=1146"}],"curies":[{"name":"wp","href":"https:\/\/api.w.org\/{rel}","templated":true}]}}